{"id":21087,"date":"2023-02-27T13:41:38","date_gmt":"2023-02-27T11:41:38","guid":{"rendered":"https:\/\/exlibris.ee\/toode\/menschen-b1-lehrerhandbuch\/"},"modified":"2026-04-14T19:25:26","modified_gmt":"2026-04-14T16:25:26","slug":"menschen-b1-lehrerhandbuch","status":"publish","type":"product","link":"https:\/\/exlibris.ee\/en\/product\/menschen-b1-lehrerhandbuch\/","title":{"rendered":"Menschen B1  Paket Lehrerhandbuch B1.1 und B1.2"},"content":{"rendered":"<p>Das Lehrerhandbuch enth\u00e4lt eine ausf\u00fchrliche Konzeptbeschreibung, detaillierte methodisch-didaktische Hinweise zu jedem Lernschritt des Kursbuchs, zus\u00e4tzliche Kopiervorlagen, Tests zu den Modulen sowie die L\u00f6sungen und Transkriptionen.<\/p>\n","protected":false},"excerpt":{"rendered":"<p>Das Lehrerhandbuch enth\u00e4lt eine ausf\u00fchrliche Konzeptbeschreibung, detaillierte methodisch-didaktische Hinweise zu jedem Lernschritt des Kursbuchs, zus\u00e4tzliche Kopiervorlagen, Tests zu den Modulen sowie die L\u00f6sungen und Transkriptionen.<\/p>\n","protected":false},"featured_media":24882,"template":"","meta":{"_acf_changed":false,"inline_featured_image":false},"product_brand":[],"product_cat":[1121],"product_tag":[],"series":[{"id":571,"name":"Menschen B1","slug":"menschen-b1"}],"publisher":[{"id":497,"name":"Hueber Verlag","slug":"hueber-verlag"}],"class_list":{"0":"post-21087","1":"product","2":"type-product","3":"status-publish","4":"has-post-thumbnail","6":"product_cat-lehrwerke-fur-jugendliche-und-erwachsene","7":"series-menschen-b1","8":"publisher-hueber-verlag","10":"first","11":"instock","12":"taxable","13":"shipping-taxable","14":"purchasable","15":"product-type-simple"},"acf":[],"_links":{"self":[{"href":"https:\/\/exlibris.ee\/en\/wp-json\/wp\/v2\/product\/21087","targetHints":{"allow":["GET"]}}],"collection":[{"href":"https:\/\/exlibris.ee\/en\/wp-json\/wp\/v2\/product"}],"about":[{"href":"https:\/\/exlibris.ee\/en\/wp-json\/wp\/v2\/types\/product"}],"wp:featuredmedia":[{"embeddable":true,"href":"https:\/\/exlibris.ee\/en\/wp-json\/wp\/v2\/media\/24882"}],"wp:attachment":[{"href":"https:\/\/exlibris.ee\/en\/wp-json\/wp\/v2\/media?parent=21087"}],"wp:term":[{"taxonomy":"product_brand","embeddable":true,"href":"https:\/\/exlibris.ee\/en\/wp-json\/wp\/v2\/product_brand?post=21087"},{"taxonomy":"product_cat","embeddable":true,"href":"https:\/\/exlibris.ee\/en\/wp-json\/wp\/v2\/product_cat?post=21087"},{"taxonomy":"product_tag","embeddable":true,"href":"https:\/\/exlibris.ee\/en\/wp-json\/wp\/v2\/product_tag?post=21087"},{"taxonomy":"series","embeddable":true,"href":"https:\/\/exlibris.ee\/en\/wp-json\/wp\/v2\/series?post=21087"},{"taxonomy":"publisher","embeddable":true,"href":"https:\/\/exlibris.ee\/en\/wp-json\/wp\/v2\/publisher?post=21087"}],"curies":[{"name":"wp","href":"https:\/\/api.w.org\/{rel}","templated":true}]}}