{"id":21092,"date":"2023-02-27T13:41:39","date_gmt":"2023-02-27T11:41:39","guid":{"rendered":"https:\/\/exlibris.ee\/toode\/jana-und-dino-sprachniveau-1-kursbuch-interaktive-version\/"},"modified":"2026-04-07T03:34:40","modified_gmt":"2026-04-07T00:34:40","slug":"jana-und-dino-sprachniveau-1-kursbuch-interaktive-version","status":"publish","type":"product","link":"https:\/\/exlibris.ee\/en\/product\/jana-und-dino-sprachniveau-1-kursbuch-interaktive-version\/","title":{"rendered":"Jana und Dino 1  Deutsch f\u00fcr Kinder \/ Kursbuch &#8211; Interaktive Version"},"content":{"rendered":"<p>Jana und Dino 1 Kursbuch \u2013 Interaktive Version mit 9 animierten Bildgeschichten aus dem Kursbuch, interaktiven Spielen in jedem Modul sowie integrierten Audiodateien. F\u00fcr Whiteboard, PC\/Mac und Tablet F\u00fcr nicht alphabetisierte Kinder bzw. Kinder, die parallel in ihrer Muttersprache alphabetisiert werden. Band 1: H\u00f6ren und Sprechen (ohne Lesen\/Schreiben) Jana und Dino vermittelt handlungsorientiert und kommunikativ die deutsche Sprache auf der Basis einer humorvollen Protagonistengeschichte. Die Sprache erfolgt imitativ mit einer sanften Hinf\u00fchrung zu erstem Lesen und Schreiben. Im Vordergrund steht das rhythmisierte Lernen mit zus\u00e4tzlichen \u00dcbungen zum Malen, Ausschneiden, R\u00e4tseln und Basteln, die die Kinder zum Sprechen animieren. Sprechblasen mit Musterl\u00f6sungen helfen Lehrern, Eltern und Kindern.<\/p>\n","protected":false},"excerpt":{"rendered":"<p>Jana und Dino 1 Kursbuch \u2013 Interaktive Version mit 9 animierten Bildgeschichten aus dem Kursbuch, interaktiven Spielen in jedem Modul sowie integrierten Audiodateien. F\u00fcr Whiteboard, PC\/Mac und Tablet F\u00fcr nicht alphabetisierte Kinder bzw. Kinder, die parallel in ihrer Muttersprache alphabetisiert&#8230;<\/p>\n","protected":false},"featured_media":56728,"template":"","meta":{"_acf_changed":false,"inline_featured_image":false},"product_brand":[],"product_cat":[471],"product_tag":[],"series":[{"id":566,"name":"Jana und Dino Sprachniveau 1","slug":"jana-und-dino-sprachniveau-1"}],"publisher":[{"id":497,"name":"Hueber Verlag","slug":"hueber-verlag"}],"class_list":{"0":"post-21092","1":"product","2":"type-product","3":"status-publish","4":"has-post-thumbnail","6":"product_cat-lehrwerke-fur-kinder","7":"series-jana-und-dino-sprachniveau-1","8":"publisher-hueber-verlag","10":"first","11":"onbackorder","12":"taxable","13":"shipping-taxable","14":"purchasable","15":"product-type-simple"},"acf":[],"_links":{"self":[{"href":"https:\/\/exlibris.ee\/en\/wp-json\/wp\/v2\/product\/21092","targetHints":{"allow":["GET"]}}],"collection":[{"href":"https:\/\/exlibris.ee\/en\/wp-json\/wp\/v2\/product"}],"about":[{"href":"https:\/\/exlibris.ee\/en\/wp-json\/wp\/v2\/types\/product"}],"wp:featuredmedia":[{"embeddable":true,"href":"https:\/\/exlibris.ee\/en\/wp-json\/wp\/v2\/media\/56728"}],"wp:attachment":[{"href":"https:\/\/exlibris.ee\/en\/wp-json\/wp\/v2\/media?parent=21092"}],"wp:term":[{"taxonomy":"product_brand","embeddable":true,"href":"https:\/\/exlibris.ee\/en\/wp-json\/wp\/v2\/product_brand?post=21092"},{"taxonomy":"product_cat","embeddable":true,"href":"https:\/\/exlibris.ee\/en\/wp-json\/wp\/v2\/product_cat?post=21092"},{"taxonomy":"product_tag","embeddable":true,"href":"https:\/\/exlibris.ee\/en\/wp-json\/wp\/v2\/product_tag?post=21092"},{"taxonomy":"series","embeddable":true,"href":"https:\/\/exlibris.ee\/en\/wp-json\/wp\/v2\/series?post=21092"},{"taxonomy":"publisher","embeddable":true,"href":"https:\/\/exlibris.ee\/en\/wp-json\/wp\/v2\/publisher?post=21092"}],"curies":[{"name":"wp","href":"https:\/\/api.w.org\/{rel}","templated":true}]}}