{"id":21095,"date":"2023-02-27T13:41:39","date_gmt":"2023-02-27T11:41:39","guid":{"rendered":"https:\/\/exlibris.ee\/toode\/menschen-a1-digitalisiertes-kursbuch\/"},"modified":"2026-04-04T03:20:00","modified_gmt":"2026-04-04T00:20:00","slug":"menschen-a1-digitalisiertes-kursbuch","status":"publish","type":"product","link":"https:\/\/exlibris.ee\/en\/product\/menschen-a1-digitalisiertes-kursbuch\/","title":{"rendered":"Menschen A1 \u2013 Interaktive digitale Ausgabe  Digitalisiertes Kursbuch mit integrierten Audio- und Videodateien und interaktiven \u00dcbungen"},"content":{"rendered":"<p>Digitalisiertes Kursbuch mit integrierten Audio- und Videodateien und interaktiven \u00dcbungen Vollband A1 &#8211; modularer Aufbau: jedes Modul besteht aus drei kurzen Lektionen und vier zus\u00e4tzlichen Modul-Plus-Seiten &#8211; die Lektionen umfassen je vier Seiten und folgen einem transparenten, wiederkehrenden Aufbau: &#8211; jede Lektion beginnt mit einer interessanten Einstiegssituation \u2013 meist mit einem H\u00f6rtext kombiniert \u2013, die in die Thematik der Lektion einf\u00fchrt und Emotionen und Interesse weckt &#8211; auf der folgenden Doppelseite werden, ausgehend von der Einstiegssituation, die neuen Wortfelder, die Strukturen und Redemittel anhand von authentischen Lese- und H\u00f6rtexten eingef\u00fchrt und ge\u00fcbt &#8211; das neue Wortfeld der Lektion wird in der Kopfzeile prominent und gut memorierbar als Bildlexikon pr\u00e4sentiert &#8211; Abschlussseite: Schreibtraining, Sprechtraining oder Mini-Projekte greifen den Lektionsstoff auf und die Strukturen und wichtigen Wendungen werden \u00fcbersichtlich zusammengefasst &#8211; die vier zus\u00e4tzlichen Modul-Plus-Seiten bieten weitere interessante Informationen: &#8211; Lesemagazin: Magazinseite mit vielf\u00e4ltigen zus\u00e4tzlichen Lesetexten &#8211; Film-Stationen: Aufgaben zu den Filmsequenzen &#8211; Projekt Landeskunde: Anregung f\u00fcr ein Projekt &#8211; Ausklang: Lieder mit Tipps zum kreativen Einsatz im Unterricht Zus\u00e4tzliche Funktionen auf der Lern-Plattform BlinkLearning In der Version f\u00fcr Lernende: Notenanzeige und Leistungsstandspeicherung bei den interaktiven \u00dcbungen. In der Version f\u00fcr Lehrkr\u00e4fte: Der Leistungsstand Ihrer einzelnen Sch\u00fcler\/innen und Ihrer Klasse wird Ihnen \u00fcbersichtlich angezeigt. Mit einem Klick k\u00f6nnen Sie Ihren Sch\u00fcler\/innen eine passende \u00dcbung zuweisen. \u00dcber den Hueber-Shop erhalten Sie derzeit automatisch die BlinkLearning-Version f\u00fcr Lernende. F\u00fcr die Lehrerversion f\u00fcllen Sie bitte unser Kontaktformular aus.<\/p>\n","protected":false},"excerpt":{"rendered":"<p>Digitalisiertes Kursbuch mit integrierten Audio- und Videodateien und interaktiven \u00dcbungen Vollband A1 &#8211; modularer Aufbau: jedes Modul besteht aus drei kurzen Lektionen und vier zus\u00e4tzlichen Modul-Plus-Seiten &#8211; die Lektionen umfassen je vier Seiten und folgen einem transparenten, wiederkehrenden Aufbau: &#8211;&#8230;<\/p>\n","protected":false},"featured_media":56779,"template":"","meta":{"_acf_changed":false,"inline_featured_image":false},"product_brand":[],"product_cat":[1121],"product_tag":[],"series":[{"id":554,"name":"Menschen A1","slug":"menschen-a1"}],"publisher":[{"id":497,"name":"Hueber Verlag","slug":"hueber-verlag"}],"class_list":{"0":"post-21095","1":"product","2":"type-product","3":"status-publish","4":"has-post-thumbnail","6":"product_cat-lehrwerke-fur-jugendliche-und-erwachsene","7":"series-menschen-a1","8":"publisher-hueber-verlag","10":"first","11":"onbackorder","12":"taxable","13":"shipping-taxable","14":"purchasable","15":"product-type-simple"},"acf":[],"_links":{"self":[{"href":"https:\/\/exlibris.ee\/en\/wp-json\/wp\/v2\/product\/21095","targetHints":{"allow":["GET"]}}],"collection":[{"href":"https:\/\/exlibris.ee\/en\/wp-json\/wp\/v2\/product"}],"about":[{"href":"https:\/\/exlibris.ee\/en\/wp-json\/wp\/v2\/types\/product"}],"wp:featuredmedia":[{"embeddable":true,"href":"https:\/\/exlibris.ee\/en\/wp-json\/wp\/v2\/media\/56779"}],"wp:attachment":[{"href":"https:\/\/exlibris.ee\/en\/wp-json\/wp\/v2\/media?parent=21095"}],"wp:term":[{"taxonomy":"product_brand","embeddable":true,"href":"https:\/\/exlibris.ee\/en\/wp-json\/wp\/v2\/product_brand?post=21095"},{"taxonomy":"product_cat","embeddable":true,"href":"https:\/\/exlibris.ee\/en\/wp-json\/wp\/v2\/product_cat?post=21095"},{"taxonomy":"product_tag","embeddable":true,"href":"https:\/\/exlibris.ee\/en\/wp-json\/wp\/v2\/product_tag?post=21095"},{"taxonomy":"series","embeddable":true,"href":"https:\/\/exlibris.ee\/en\/wp-json\/wp\/v2\/series?post=21095"},{"taxonomy":"publisher","embeddable":true,"href":"https:\/\/exlibris.ee\/en\/wp-json\/wp\/v2\/publisher?post=21095"}],"curies":[{"name":"wp","href":"https:\/\/api.w.org\/{rel}","templated":true}]}}