{"id":21098,"date":"2023-02-27T13:41:40","date_gmt":"2023-02-27T11:41:40","guid":{"rendered":"https:\/\/exlibris.ee\/toode\/jana-und-dino-sprachniveau-1-arbeitsbuch-interaktive-version\/"},"modified":"2026-04-07T03:34:43","modified_gmt":"2026-04-07T00:34:43","slug":"jana-und-dino-sprachniveau-1-arbeitsbuch-interaktive-version","status":"publish","type":"product","link":"https:\/\/exlibris.ee\/en\/product\/jana-und-dino-sprachniveau-1-arbeitsbuch-interaktive-version\/","title":{"rendered":"Jana und Dino 1  Deutsch f\u00fcr Kinder \/ Arbeitsbuch &#8211; Interaktive Version"},"content":{"rendered":"<p>Jana und Dino 1 Arbeitsbuch \u2013 Interaktive Version F\u00fcr nicht alphabetisierte Kinder bzw. Kinder, die parallel in ihrer Muttersprache alphabetisiert werden. Band 1: H\u00f6ren und Sprechen (ohne Lesen\/Schreiben) Jana und Dino vermittelt handlungsorientiert und kommunikativ die deutsche Sprache auf der Basis einer humorvollen Protagonistengeschichte. Die Sprache erfolgt imitativ mit einer sanften Hinf\u00fchrung zu erstem Lesen und Schreiben. Im Vordergrund steht das rhythmisierte Lernen mit zus\u00e4tzlichen \u00dcbungen zum Malen, Ausschneiden, R\u00e4tseln und Basteln, die die Kinder zum Sprechen animieren. Sprechblasen mit Musterl\u00f6sungen helfen Lehrern, Eltern und Kindern.<\/p>\n","protected":false},"excerpt":{"rendered":"<p>Jana und Dino 1 Arbeitsbuch \u2013 Interaktive Version F\u00fcr nicht alphabetisierte Kinder bzw. Kinder, die parallel in ihrer Muttersprache alphabetisiert werden. Band 1: H\u00f6ren und Sprechen (ohne Lesen\/Schreiben) Jana und Dino vermittelt handlungsorientiert und kommunikativ die deutsche Sprache auf der&#8230;<\/p>\n","protected":false},"featured_media":131087,"template":"","meta":{"_acf_changed":false,"inline_featured_image":false},"product_brand":[],"product_cat":[471],"product_tag":[],"series":[{"id":566,"name":"Jana und Dino Sprachniveau 1","slug":"jana-und-dino-sprachniveau-1"}],"publisher":[{"id":497,"name":"Hueber Verlag","slug":"hueber-verlag"}],"class_list":{"0":"post-21098","1":"product","2":"type-product","3":"status-publish","4":"has-post-thumbnail","6":"product_cat-lehrwerke-fur-kinder","7":"series-jana-und-dino-sprachniveau-1","8":"publisher-hueber-verlag","10":"first","11":"onbackorder","12":"taxable","13":"shipping-taxable","14":"purchasable","15":"product-type-simple"},"acf":[],"_links":{"self":[{"href":"https:\/\/exlibris.ee\/en\/wp-json\/wp\/v2\/product\/21098","targetHints":{"allow":["GET"]}}],"collection":[{"href":"https:\/\/exlibris.ee\/en\/wp-json\/wp\/v2\/product"}],"about":[{"href":"https:\/\/exlibris.ee\/en\/wp-json\/wp\/v2\/types\/product"}],"wp:featuredmedia":[{"embeddable":true,"href":"https:\/\/exlibris.ee\/en\/wp-json\/wp\/v2\/media\/131087"}],"wp:attachment":[{"href":"https:\/\/exlibris.ee\/en\/wp-json\/wp\/v2\/media?parent=21098"}],"wp:term":[{"taxonomy":"product_brand","embeddable":true,"href":"https:\/\/exlibris.ee\/en\/wp-json\/wp\/v2\/product_brand?post=21098"},{"taxonomy":"product_cat","embeddable":true,"href":"https:\/\/exlibris.ee\/en\/wp-json\/wp\/v2\/product_cat?post=21098"},{"taxonomy":"product_tag","embeddable":true,"href":"https:\/\/exlibris.ee\/en\/wp-json\/wp\/v2\/product_tag?post=21098"},{"taxonomy":"series","embeddable":true,"href":"https:\/\/exlibris.ee\/en\/wp-json\/wp\/v2\/series?post=21098"},{"taxonomy":"publisher","embeddable":true,"href":"https:\/\/exlibris.ee\/en\/wp-json\/wp\/v2\/publisher?post=21098"}],"curies":[{"name":"wp","href":"https:\/\/api.w.org\/{rel}","templated":true}]}}