{"id":21101,"date":"2023-02-27T13:41:41","date_gmt":"2023-02-27T11:41:41","guid":{"rendered":"https:\/\/exlibris.ee\/toode\/menschen-a1-digitalisiertes-arbeitsbuch\/"},"modified":"2026-04-04T03:20:01","modified_gmt":"2026-04-04T00:20:01","slug":"menschen-a1-digitalisiertes-arbeitsbuch","status":"publish","type":"product","link":"https:\/\/exlibris.ee\/en\/product\/menschen-a1-digitalisiertes-arbeitsbuch\/","title":{"rendered":"Menschen A1 \u2013 Interaktive digitale Ausgabe  Digitalisiertes Arbeitsbuch mit integrierten Audiodateien und interaktiven \u00dcbungen"},"content":{"rendered":"<p>Digitalisiertes Arbeitsbuch mit integrierten Audiodateien und interaktiven \u00dcbungen Vollband A1 &#8211; zum selbstst\u00e4ndigen Vertiefen von Grammatik, Wortschatz, Redemitteln &#8211; gezieltes Training der vier Fertigkeiten &#8211; Aussprachetraining, Selbsttests, Selbsteinsch\u00e4tzung und Lernwortschatz &#8211; Literaturseite mit einer interessanten Fortsetzungsgeschichte &#8211; MP3-Dateien mit H\u00f6rtexten zu den Aufgaben im Arbeitsbuch Zus\u00e4tzliche Funktionen auf der Lern-Plattform BlinkLearning In der Version f\u00fcr Lernende: Notenanzeige und Leistungsstandspeicherung bei den interaktiven \u00dcbungen. In der Version f\u00fcr Lehrkr\u00e4fte: Der Leistungsstand Ihrer einzelnen Sch\u00fcler\/innen und Ihrer Klasse wird Ihnen \u00fcbersichtlich angezeigt. Mit einem Klick k\u00f6nnen Sie Ihren Sch\u00fcler\/innen eine passende \u00dcbung zuweisen. \u00dcber den Hueber-Shop erhalten Sie derzeit automatisch die BlinkLearning-Version f\u00fcr Lernende. F\u00fcr die Lehrerversion f\u00fcllen Sie bitte unser Kontaktformular aus.<\/p>\n","protected":false},"excerpt":{"rendered":"<p>Digitalisiertes Arbeitsbuch mit integrierten Audiodateien und interaktiven \u00dcbungen Vollband A1 &#8211; zum selbstst\u00e4ndigen Vertiefen von Grammatik, Wortschatz, Redemitteln &#8211; gezieltes Training der vier Fertigkeiten &#8211; Aussprachetraining, Selbsttests, Selbsteinsch\u00e4tzung und Lernwortschatz &#8211; Literaturseite mit einer interessanten Fortsetzungsgeschichte &#8211; MP3-Dateien mit H\u00f6rtexten&#8230;<\/p>\n","protected":false},"featured_media":56836,"template":"","meta":{"_acf_changed":false,"inline_featured_image":false},"product_brand":[],"product_cat":[1121],"product_tag":[],"series":[{"id":554,"name":"Menschen A1","slug":"menschen-a1"}],"publisher":[{"id":497,"name":"Hueber Verlag","slug":"hueber-verlag"}],"class_list":{"0":"post-21101","1":"product","2":"type-product","3":"status-publish","4":"has-post-thumbnail","6":"product_cat-lehrwerke-fur-jugendliche-und-erwachsene","7":"series-menschen-a1","8":"publisher-hueber-verlag","10":"first","11":"onbackorder","12":"taxable","13":"shipping-taxable","14":"purchasable","15":"product-type-simple"},"acf":[],"_links":{"self":[{"href":"https:\/\/exlibris.ee\/en\/wp-json\/wp\/v2\/product\/21101","targetHints":{"allow":["GET"]}}],"collection":[{"href":"https:\/\/exlibris.ee\/en\/wp-json\/wp\/v2\/product"}],"about":[{"href":"https:\/\/exlibris.ee\/en\/wp-json\/wp\/v2\/types\/product"}],"wp:featuredmedia":[{"embeddable":true,"href":"https:\/\/exlibris.ee\/en\/wp-json\/wp\/v2\/media\/56836"}],"wp:attachment":[{"href":"https:\/\/exlibris.ee\/en\/wp-json\/wp\/v2\/media?parent=21101"}],"wp:term":[{"taxonomy":"product_brand","embeddable":true,"href":"https:\/\/exlibris.ee\/en\/wp-json\/wp\/v2\/product_brand?post=21101"},{"taxonomy":"product_cat","embeddable":true,"href":"https:\/\/exlibris.ee\/en\/wp-json\/wp\/v2\/product_cat?post=21101"},{"taxonomy":"product_tag","embeddable":true,"href":"https:\/\/exlibris.ee\/en\/wp-json\/wp\/v2\/product_tag?post=21101"},{"taxonomy":"series","embeddable":true,"href":"https:\/\/exlibris.ee\/en\/wp-json\/wp\/v2\/series?post=21101"},{"taxonomy":"publisher","embeddable":true,"href":"https:\/\/exlibris.ee\/en\/wp-json\/wp\/v2\/publisher?post=21101"}],"curies":[{"name":"wp","href":"https:\/\/api.w.org\/{rel}","templated":true}]}}