{"id":21108,"date":"2023-02-27T13:41:42","date_gmt":"2023-02-27T11:41:42","guid":{"rendered":"https:\/\/exlibris.ee\/toode\/fit-fur-das-dsd-i-ubungsbuch-mit-audios-online\/"},"modified":"2026-04-05T15:33:04","modified_gmt":"2026-04-05T12:33:04","slug":"fit-fur-das-dsd-i-ubungsbuch-mit-audios-online","status":"publish","type":"product","link":"https:\/\/exlibris.ee\/en\/product\/fit-fur-das-dsd-i-ubungsbuch-mit-audios-online\/","title":{"rendered":"Fit f\u00fcr das DSD I  \u00dcbungsbuch mit Audios online"},"content":{"rendered":"<p>Zielgruppe: Jugendliche auf dem Niveau A2 &#8211; B1, die sich gezielt auf die Pr\u00fcfung Deutsches Sprachdiplom I vorbereiten m\u00f6chten. Entsprechende Sprachkenntnisse werden vorausgesetzt. Fit f\u00fcr das DSD I &#8211; Interaktive Version Die Lernenden werden Schritt f\u00fcr Schritt in allen vier Fertigkeiten auf die Pr\u00fcfungsaufgaben vorbereitet &#8211; ein Schwerpunkt ist dabei das ausf\u00fchrliche Schreibtraining. Wertvolle Tipps zeigen den Lernenden Strategien auf, um die Pr\u00fcfung leichter zu bestehen. Dazu gibt es weitere Aufgaben im Testformat. Modelltests nach jeder Niveaustufe schlie\u00dfen die Pr\u00fcfungsvorbereitung ab. Inklusibve Audios, Transkriptionen und L\u00f6sungen zu den Aufgaben.<\/p>\n","protected":false},"excerpt":{"rendered":"<p>Zielgruppe: Jugendliche auf dem Niveau A2 &#8211; B1, die sich gezielt auf die Pr\u00fcfung Deutsches Sprachdiplom I vorbereiten m\u00f6chten. Entsprechende Sprachkenntnisse werden vorausgesetzt. Fit f\u00fcr das DSD I &#8211; Interaktive Version Die Lernenden werden Schritt f\u00fcr Schritt in allen vier&#8230;<\/p>\n","protected":false},"featured_media":56914,"template":"","meta":{"_acf_changed":false,"inline_featured_image":false},"product_brand":[],"product_cat":[507],"product_tag":[],"series":[{"id":531,"name":"Fit F\u00fcr","slug":"fit-fur"}],"publisher":[{"id":497,"name":"Hueber Verlag","slug":"hueber-verlag"}],"class_list":{"0":"post-21108","1":"product","2":"type-product","3":"status-publish","4":"has-post-thumbnail","6":"product_cat-prufungsvorbereitung","7":"series-fit-fur","8":"publisher-hueber-verlag","10":"first","11":"instock","12":"taxable","13":"shipping-taxable","14":"purchasable","15":"product-type-simple"},"acf":[],"_links":{"self":[{"href":"https:\/\/exlibris.ee\/en\/wp-json\/wp\/v2\/product\/21108","targetHints":{"allow":["GET"]}}],"collection":[{"href":"https:\/\/exlibris.ee\/en\/wp-json\/wp\/v2\/product"}],"about":[{"href":"https:\/\/exlibris.ee\/en\/wp-json\/wp\/v2\/types\/product"}],"wp:featuredmedia":[{"embeddable":true,"href":"https:\/\/exlibris.ee\/en\/wp-json\/wp\/v2\/media\/56914"}],"wp:attachment":[{"href":"https:\/\/exlibris.ee\/en\/wp-json\/wp\/v2\/media?parent=21108"}],"wp:term":[{"taxonomy":"product_brand","embeddable":true,"href":"https:\/\/exlibris.ee\/en\/wp-json\/wp\/v2\/product_brand?post=21108"},{"taxonomy":"product_cat","embeddable":true,"href":"https:\/\/exlibris.ee\/en\/wp-json\/wp\/v2\/product_cat?post=21108"},{"taxonomy":"product_tag","embeddable":true,"href":"https:\/\/exlibris.ee\/en\/wp-json\/wp\/v2\/product_tag?post=21108"},{"taxonomy":"series","embeddable":true,"href":"https:\/\/exlibris.ee\/en\/wp-json\/wp\/v2\/series?post=21108"},{"taxonomy":"publisher","embeddable":true,"href":"https:\/\/exlibris.ee\/en\/wp-json\/wp\/v2\/publisher?post=21108"}],"curies":[{"name":"wp","href":"https:\/\/api.w.org\/{rel}","templated":true}]}}