{"id":21109,"date":"2023-02-27T13:41:42","date_gmt":"2023-02-27T11:41:42","guid":{"rendered":"https:\/\/exlibris.ee\/toode\/fit-fur-das-dsd-ii-ubungsbuch-mit-audios-online\/"},"modified":"2026-04-04T03:20:04","modified_gmt":"2026-04-04T00:20:04","slug":"fit-fur-das-dsd-ii-ubungsbuch-mit-audios-online","status":"publish","type":"product","link":"https:\/\/exlibris.ee\/en\/product\/fit-fur-das-dsd-ii-ubungsbuch-mit-audios-online\/","title":{"rendered":"Fit f\u00fcr das DSD II  \u00dcbungsbuch mit Audios online"},"content":{"rendered":"<p>Zielgruppe: Das Buch wendet sich an Jugendliche auf dem Niveau B2 -C1, die sich gezielt auf die Pr\u00fcfung Deutsches Sprachdiplom II vorbereiten m\u00f6chten. Entsprechende Sprachkenntnisse werden vorausgesetzt. Das Buch enth\u00e4lt: &#8211; f\u00fcr den Pr\u00fcfungsteil \u201eSchriftliche Kommunikation\u201c: eine ausf\u00fchrliche Schreibschule mit vielen Tipps und \u00dcbungen insgesamt zehn \u00dcbungsklausuren die neuen Kriterien zur Bewertung von Klausuren &#8211; f\u00fcr die Pr\u00fcfungsteile \u201eLeseverstehen und H\u00f6rverstehen\u201c: viele Tipps und \u00dcbungen zwei Modelltests zu jeder Pr\u00fcfungsaufgabe &#8211; f\u00fcr den Pr\u00fcfungsteil \u201eM\u00fcndliche Kommunikation\u201c: Tipps und \u00dcbungen zum Inhalt und zur Form des Kurzvortrags und der Pr\u00e4sentation insgesamt zehn Modelltests zum Kurzvortrag Pr\u00fcferfragen zur Simulation eines Pr\u00fcfungsgespr\u00e4chs Kostenlose Zusatzmaterialien im Internet &#8211; alle H\u00f6rtexte zu den Pr\u00fcfungsteilen \u201eH\u00f6rverstehen\u201c und \u201eM\u00fcndliche Kommunikation\u201c als MP3-Dateien &#8211; Ausdruckslisten f\u00fcr den Pr\u00fcfungsteil \u201eSchriftliche Kommunikation\u201c &#8211; Kopiervorlagen &#8211; Transkriptionen der H\u00f6rtexte &#8211; L\u00f6sungen Informationen zu den wichtigsten DaF-Pr\u00fcfungen und eine \u00dcbersicht finden Sie auf unserer Website unter Pr\u00fcfungsvorbereitung DaF.<\/p>\n","protected":false},"excerpt":{"rendered":"<p>Zielgruppe: Das Buch wendet sich an Jugendliche auf dem Niveau B2 -C1, die sich gezielt auf die Pr\u00fcfung Deutsches Sprachdiplom II vorbereiten m\u00f6chten. Entsprechende Sprachkenntnisse werden vorausgesetzt. Das Buch enth\u00e4lt: &#8211; f\u00fcr den Pr\u00fcfungsteil \u201eSchriftliche Kommunikation\u201c: eine ausf\u00fchrliche Schreibschule mit&#8230;<\/p>\n","protected":false},"featured_media":56917,"template":"","meta":{"_acf_changed":false,"inline_featured_image":false},"product_brand":[],"product_cat":[507],"product_tag":[],"series":[{"id":531,"name":"Fit F\u00fcr","slug":"fit-fur"}],"publisher":[{"id":497,"name":"Hueber Verlag","slug":"hueber-verlag"}],"class_list":{"0":"post-21109","1":"product","2":"type-product","3":"status-publish","4":"has-post-thumbnail","6":"product_cat-prufungsvorbereitung","7":"series-fit-fur","8":"publisher-hueber-verlag","10":"first","11":"instock","12":"taxable","13":"shipping-taxable","14":"purchasable","15":"product-type-simple"},"acf":[],"_links":{"self":[{"href":"https:\/\/exlibris.ee\/en\/wp-json\/wp\/v2\/product\/21109","targetHints":{"allow":["GET"]}}],"collection":[{"href":"https:\/\/exlibris.ee\/en\/wp-json\/wp\/v2\/product"}],"about":[{"href":"https:\/\/exlibris.ee\/en\/wp-json\/wp\/v2\/types\/product"}],"wp:featuredmedia":[{"embeddable":true,"href":"https:\/\/exlibris.ee\/en\/wp-json\/wp\/v2\/media\/56917"}],"wp:attachment":[{"href":"https:\/\/exlibris.ee\/en\/wp-json\/wp\/v2\/media?parent=21109"}],"wp:term":[{"taxonomy":"product_brand","embeddable":true,"href":"https:\/\/exlibris.ee\/en\/wp-json\/wp\/v2\/product_brand?post=21109"},{"taxonomy":"product_cat","embeddable":true,"href":"https:\/\/exlibris.ee\/en\/wp-json\/wp\/v2\/product_cat?post=21109"},{"taxonomy":"product_tag","embeddable":true,"href":"https:\/\/exlibris.ee\/en\/wp-json\/wp\/v2\/product_tag?post=21109"},{"taxonomy":"series","embeddable":true,"href":"https:\/\/exlibris.ee\/en\/wp-json\/wp\/v2\/series?post=21109"},{"taxonomy":"publisher","embeddable":true,"href":"https:\/\/exlibris.ee\/en\/wp-json\/wp\/v2\/publisher?post=21109"}],"curies":[{"name":"wp","href":"https:\/\/api.w.org\/{rel}","templated":true}]}}