{"id":21115,"date":"2023-02-27T13:41:43","date_gmt":"2023-02-27T11:41:43","guid":{"rendered":"https:\/\/exlibris.ee\/toode\/landeskunde-sprachratsel-deutsch-landeskunde\/"},"modified":"2026-04-07T03:35:38","modified_gmt":"2026-04-07T00:35:38","slug":"landeskunde-sprachratsel-deutsch-landeskunde","status":"publish","type":"product","link":"https:\/\/exlibris.ee\/en\/product\/landeskunde-sprachratsel-deutsch-landeskunde\/","title":{"rendered":"Landeskunde Sprachr\u00e4tsel Deutsch &#8211; Landeskunde"},"content":{"rendered":"<p>Ansichten und Einsichten \u00c3\u00bcber Deutschland und die Deutschen &#8211; all das vermitteln die Sprachr\u00c3\u00a4tsel Deutsch &#8211; Landeskunde in vielf\u00c3\u00a4ltigen und kurzweiligen R\u00c3\u00a4tselformen. Mit 48 witzig illustrierten \u00c3\u0153bungen verbessert man sein Deutsch spielerisch, wird dabei blendend unterhalten und bekommt eine Menge Informationen \u00c3\u00bcber Land und Leute.<\/p>\n","protected":false},"excerpt":{"rendered":"<p>Ansichten und Einsichten \u00c3\u00bcber Deutschland und die Deutschen &#8211; all das vermitteln die Sprachr\u00c3\u00a4tsel Deutsch &#8211; Landeskunde in vielf\u00c3\u00a4ltigen und kurzweiligen R\u00c3\u00a4tselformen. Mit 48 witzig illustrierten \u00c3\u0153bungen verbessert man sein Deutsch spielerisch, wird dabei blendend unterhalten und bekommt eine Menge&#8230;<\/p>\n","protected":false},"featured_media":41205,"template":"","meta":{"_acf_changed":false,"inline_featured_image":false},"product_brand":[],"product_cat":[490],"product_tag":[],"series":[{"id":491,"name":"Landeskunde","slug":"landeskunde"}],"publisher":[{"id":473,"name":"Klett Verlag","slug":"klett-verlag"}],"class_list":{"0":"post-21115","1":"product","2":"type-product","3":"status-publish","4":"has-post-thumbnail","6":"product_cat-landeskunde","7":"series-landeskunde","8":"publisher-klett-verlag","10":"first","11":"instock","12":"taxable","13":"shipping-taxable","14":"purchasable","15":"product-type-simple"},"acf":[],"_links":{"self":[{"href":"https:\/\/exlibris.ee\/en\/wp-json\/wp\/v2\/product\/21115","targetHints":{"allow":["GET"]}}],"collection":[{"href":"https:\/\/exlibris.ee\/en\/wp-json\/wp\/v2\/product"}],"about":[{"href":"https:\/\/exlibris.ee\/en\/wp-json\/wp\/v2\/types\/product"}],"wp:featuredmedia":[{"embeddable":true,"href":"https:\/\/exlibris.ee\/en\/wp-json\/wp\/v2\/media\/41205"}],"wp:attachment":[{"href":"https:\/\/exlibris.ee\/en\/wp-json\/wp\/v2\/media?parent=21115"}],"wp:term":[{"taxonomy":"product_brand","embeddable":true,"href":"https:\/\/exlibris.ee\/en\/wp-json\/wp\/v2\/product_brand?post=21115"},{"taxonomy":"product_cat","embeddable":true,"href":"https:\/\/exlibris.ee\/en\/wp-json\/wp\/v2\/product_cat?post=21115"},{"taxonomy":"product_tag","embeddable":true,"href":"https:\/\/exlibris.ee\/en\/wp-json\/wp\/v2\/product_tag?post=21115"},{"taxonomy":"series","embeddable":true,"href":"https:\/\/exlibris.ee\/en\/wp-json\/wp\/v2\/series?post=21115"},{"taxonomy":"publisher","embeddable":true,"href":"https:\/\/exlibris.ee\/en\/wp-json\/wp\/v2\/publisher?post=21115"}],"curies":[{"name":"wp","href":"https:\/\/api.w.org\/{rel}","templated":true}]}}