{"id":21118,"date":"2023-02-27T13:41:44","date_gmt":"2023-02-27T11:41:44","guid":{"rendered":"https:\/\/exlibris.ee\/toode\/kikus-liederheft-guten-morgen\/"},"modified":"2026-04-14T19:27:59","modified_gmt":"2026-04-14T16:27:59","slug":"kikus-liederheft-guten-morgen","status":"publish","type":"product","link":"https:\/\/exlibris.ee\/en\/product\/kikus-liederheft-guten-morgen\/","title":{"rendered":"KIKUS Deutsch  Liederheft \u201eGuten Morgen\u201c"},"content":{"rendered":"<p>Liederheft \u201eGuten Morgen\u201c (zur Ausgabe an die Kinder\/Lerner) 11 Ausmalbilder, Texte, Bewegungsanleitungen und sprachliche Hinweise zu den Liedern der Audio-CD. Idealerweise werden die Bl\u00e4tter einzeln an die Kinder ausgegeben, nachdem ein Lied im Sprachkurs eingef\u00fchrt worden ist. Die Kinder k\u00f6nnen dann das Lied zu Hause immer wieder h\u00f6ren und sich mit den Bildern und \u201e\u00dcbungen\u201c der Bl\u00e4tter besch\u00e4ftigen. Die Liedbl\u00e4tter k\u00f6nnen in Erg\u00e4nzung zu den Arbeitsbl\u00e4ttern eingesetzt werden. Alterempfehlung: ab 3 Jahren.<\/p>\n","protected":false},"excerpt":{"rendered":"<p>Liederheft \u201eGuten Morgen\u201c (zur Ausgabe an die Kinder\/Lerner) 11 Ausmalbilder, Texte, Bewegungsanleitungen und sprachliche Hinweise zu den Liedern der Audio-CD. Idealerweise werden die Bl\u00e4tter einzeln an die Kinder ausgegeben, nachdem ein Lied im Sprachkurs eingef\u00fchrt worden ist. Die Kinder k\u00f6nnen&#8230;<\/p>\n","protected":false},"featured_media":56950,"template":"","meta":{"_acf_changed":false,"inline_featured_image":false},"product_brand":[],"product_cat":[471],"product_tag":[],"series":[{"id":575,"name":"Kikus","slug":"kikus"}],"publisher":[{"id":497,"name":"Hueber Verlag","slug":"hueber-verlag"}],"class_list":{"0":"post-21118","1":"product","2":"type-product","3":"status-publish","4":"has-post-thumbnail","6":"product_cat-lehrwerke-fur-kinder","7":"series-kikus","8":"publisher-hueber-verlag","10":"first","11":"instock","12":"taxable","13":"shipping-taxable","14":"purchasable","15":"product-type-simple"},"acf":[],"_links":{"self":[{"href":"https:\/\/exlibris.ee\/en\/wp-json\/wp\/v2\/product\/21118","targetHints":{"allow":["GET"]}}],"collection":[{"href":"https:\/\/exlibris.ee\/en\/wp-json\/wp\/v2\/product"}],"about":[{"href":"https:\/\/exlibris.ee\/en\/wp-json\/wp\/v2\/types\/product"}],"wp:featuredmedia":[{"embeddable":true,"href":"https:\/\/exlibris.ee\/en\/wp-json\/wp\/v2\/media\/56950"}],"wp:attachment":[{"href":"https:\/\/exlibris.ee\/en\/wp-json\/wp\/v2\/media?parent=21118"}],"wp:term":[{"taxonomy":"product_brand","embeddable":true,"href":"https:\/\/exlibris.ee\/en\/wp-json\/wp\/v2\/product_brand?post=21118"},{"taxonomy":"product_cat","embeddable":true,"href":"https:\/\/exlibris.ee\/en\/wp-json\/wp\/v2\/product_cat?post=21118"},{"taxonomy":"product_tag","embeddable":true,"href":"https:\/\/exlibris.ee\/en\/wp-json\/wp\/v2\/product_tag?post=21118"},{"taxonomy":"series","embeddable":true,"href":"https:\/\/exlibris.ee\/en\/wp-json\/wp\/v2\/series?post=21118"},{"taxonomy":"publisher","embeddable":true,"href":"https:\/\/exlibris.ee\/en\/wp-json\/wp\/v2\/publisher?post=21118"}],"curies":[{"name":"wp","href":"https:\/\/api.w.org\/{rel}","templated":true}]}}