{"id":21120,"date":"2023-02-27T13:41:44","date_gmt":"2023-02-27T11:41:44","guid":{"rendered":"https:\/\/exlibris.ee\/toode\/fit-fur-das-dsd-i-pro-ubungsbuch-mit-audios-online\/"},"modified":"2026-04-04T03:20:56","modified_gmt":"2026-04-04T00:20:56","slug":"fit-fur-das-dsd-i-pro-ubungsbuch-mit-audios-online","status":"publish","type":"product","link":"https:\/\/exlibris.ee\/en\/product\/fit-fur-das-dsd-i-pro-ubungsbuch-mit-audios-online\/","title":{"rendered":"Fit f\u00fcr das DSD I PRO  \u00dcbungsbuch mit Audios online"},"content":{"rendered":"<p>Das DSD I PRO ist eine berufssprachliche Variante der Pr\u00fcfung DSD I. Die Pr\u00fcfung wird in Deutschland und an einigen Schulen im Ausland abgenommen und wird von der Zentralstelle f\u00fcr das Auslandsschulwesen entwickelt und angeboten. Zielgruppe: Das Buch wendet sich an Jugendliche auf dem Niveau A2 -B1, die sich gezielt auf die Pr\u00fcfung Deutsches Sprachdiplom I PRO vorbereiten m\u00f6chten. Entsprechende Sprachkenntnisse werden vorausgesetzt. Die Lerner werden Schritt f\u00fcr Schritt in allen vier Fertigkeiten auf die Pr\u00fcfungsaufgaben vorbereitet \u2013 ein Schwerpunkt ist dabei das ausf\u00fchrliche Schreibtraining. Wertvolle Tipps zeigen den Lernern Strategien auf, um die Pr\u00fcfung leichter zu bestehen. Dazu gibt es weitere Aufgaben im Testformat. Modelltests nach jeder Niveaustufe schlie\u00dfen die Pr\u00fcfungsvorbereitung ab. Die Audiodateien und L\u00f6sungen des Buches stehen als kostenfreier Download im Lehrwerkservice zur Verf\u00fcgung.<\/p>\n","protected":false},"excerpt":{"rendered":"<p>Das DSD I PRO ist eine berufssprachliche Variante der Pr\u00fcfung DSD I. Die Pr\u00fcfung wird in Deutschland und an einigen Schulen im Ausland abgenommen und wird von der Zentralstelle f\u00fcr das Auslandsschulwesen entwickelt und angeboten. Zielgruppe: Das Buch wendet sich&#8230;<\/p>\n","protected":false},"featured_media":56968,"template":"","meta":{"_acf_changed":false,"inline_featured_image":false},"product_brand":[],"product_cat":[507],"product_tag":[],"series":[{"id":531,"name":"Fit F\u00fcr","slug":"fit-fur"}],"publisher":[{"id":497,"name":"Hueber Verlag","slug":"hueber-verlag"}],"class_list":{"0":"post-21120","1":"product","2":"type-product","3":"status-publish","4":"has-post-thumbnail","6":"product_cat-prufungsvorbereitung","7":"series-fit-fur","8":"publisher-hueber-verlag","10":"first","11":"onbackorder","12":"taxable","13":"shipping-taxable","14":"purchasable","15":"product-type-simple"},"acf":[],"_links":{"self":[{"href":"https:\/\/exlibris.ee\/en\/wp-json\/wp\/v2\/product\/21120","targetHints":{"allow":["GET"]}}],"collection":[{"href":"https:\/\/exlibris.ee\/en\/wp-json\/wp\/v2\/product"}],"about":[{"href":"https:\/\/exlibris.ee\/en\/wp-json\/wp\/v2\/types\/product"}],"wp:featuredmedia":[{"embeddable":true,"href":"https:\/\/exlibris.ee\/en\/wp-json\/wp\/v2\/media\/56968"}],"wp:attachment":[{"href":"https:\/\/exlibris.ee\/en\/wp-json\/wp\/v2\/media?parent=21120"}],"wp:term":[{"taxonomy":"product_brand","embeddable":true,"href":"https:\/\/exlibris.ee\/en\/wp-json\/wp\/v2\/product_brand?post=21120"},{"taxonomy":"product_cat","embeddable":true,"href":"https:\/\/exlibris.ee\/en\/wp-json\/wp\/v2\/product_cat?post=21120"},{"taxonomy":"product_tag","embeddable":true,"href":"https:\/\/exlibris.ee\/en\/wp-json\/wp\/v2\/product_tag?post=21120"},{"taxonomy":"series","embeddable":true,"href":"https:\/\/exlibris.ee\/en\/wp-json\/wp\/v2\/series?post=21120"},{"taxonomy":"publisher","embeddable":true,"href":"https:\/\/exlibris.ee\/en\/wp-json\/wp\/v2\/publisher?post=21120"}],"curies":[{"name":"wp","href":"https:\/\/api.w.org\/{rel}","templated":true}]}}