{"id":21125,"date":"2023-02-27T13:41:45","date_gmt":"2023-02-27T11:41:45","guid":{"rendered":"https:\/\/exlibris.ee\/toode\/jana-und-dino-sprachniveau-2-2-audio-cds-und-1-dvd-zum-kursbuch-medienpaket\/"},"modified":"2026-04-05T15:33:54","modified_gmt":"2026-04-05T12:33:54","slug":"jana-und-dino-sprachniveau-2-2-audio-cds-und-1-dvd-zum-kursbuch-medienpaket","status":"publish","type":"product","link":"https:\/\/exlibris.ee\/en\/product\/jana-und-dino-sprachniveau-2-2-audio-cds-und-1-dvd-zum-kursbuch-medienpaket\/","title":{"rendered":"Jana und Dino 2  2 Audio-CDs und 1 DVD zum Kursbuch \/ Medienpaket"},"content":{"rendered":"<p>F\u00fcr nicht alphabetisierte Kinder bzw. Kinder, die parallel in ihrer Muttersprache alphabetisiert werden. Band 2: H\u00f6ren und Sprechen mit erstem Lesen und Schreiben Das Medienpaket enth\u00e4lt: &#8211; 2 Audio-CDs mit Liedern, H\u00f6rtexten und Reimen zum Kursbuch &#8211; eine DVD mit 8 animierten Bildgeschichten pro Band Jana und Dino vermittelt handlungsorientiert und kommunikativ die deutsche Sprache auf der Basis einer humorvollen Protagonistengeschichte. Die Sprache erfolgt imitativ mit einer sanften Hinf\u00fchrung zu erstem Lesen und Schreiben. Im Vordergrund steht das rhythmisierte Lernen mit zus\u00e4tzlichen \u00dcbungen zum Malen, Ausschneiden, R\u00e4tseln und Basteln, die die Kinder zum Sprechen animieren. Sprechblasen mit Musterl\u00f6sungen helfen Lehrern, Eltern und Kindern.<\/p>\n","protected":false},"excerpt":{"rendered":"<p>F\u00fcr nicht alphabetisierte Kinder bzw. Kinder, die parallel in ihrer Muttersprache alphabetisiert werden. Band 2: H\u00f6ren und Sprechen mit erstem Lesen und Schreiben Das Medienpaket enth\u00e4lt: &#8211; 2 Audio-CDs mit Liedern, H\u00f6rtexten und Reimen zum Kursbuch &#8211; eine DVD mit&#8230;<\/p>\n","protected":false},"featured_media":57001,"template":"","meta":{"_acf_changed":false,"inline_featured_image":false},"product_brand":[],"product_cat":[471],"product_tag":[],"series":[{"id":572,"name":"Jana und Dino Sprachniveau 2","slug":"jana-und-dino-sprachniveau-2"}],"publisher":[{"id":497,"name":"Hueber Verlag","slug":"hueber-verlag"}],"class_list":{"0":"post-21125","1":"product","2":"type-product","3":"status-publish","4":"has-post-thumbnail","6":"product_cat-lehrwerke-fur-kinder","7":"series-jana-und-dino-sprachniveau-2","8":"publisher-hueber-verlag","10":"first","11":"onbackorder","12":"taxable","13":"shipping-taxable","14":"purchasable","15":"product-type-simple"},"acf":[],"_links":{"self":[{"href":"https:\/\/exlibris.ee\/en\/wp-json\/wp\/v2\/product\/21125","targetHints":{"allow":["GET"]}}],"collection":[{"href":"https:\/\/exlibris.ee\/en\/wp-json\/wp\/v2\/product"}],"about":[{"href":"https:\/\/exlibris.ee\/en\/wp-json\/wp\/v2\/types\/product"}],"wp:featuredmedia":[{"embeddable":true,"href":"https:\/\/exlibris.ee\/en\/wp-json\/wp\/v2\/media\/57001"}],"wp:attachment":[{"href":"https:\/\/exlibris.ee\/en\/wp-json\/wp\/v2\/media?parent=21125"}],"wp:term":[{"taxonomy":"product_brand","embeddable":true,"href":"https:\/\/exlibris.ee\/en\/wp-json\/wp\/v2\/product_brand?post=21125"},{"taxonomy":"product_cat","embeddable":true,"href":"https:\/\/exlibris.ee\/en\/wp-json\/wp\/v2\/product_cat?post=21125"},{"taxonomy":"product_tag","embeddable":true,"href":"https:\/\/exlibris.ee\/en\/wp-json\/wp\/v2\/product_tag?post=21125"},{"taxonomy":"series","embeddable":true,"href":"https:\/\/exlibris.ee\/en\/wp-json\/wp\/v2\/series?post=21125"},{"taxonomy":"publisher","embeddable":true,"href":"https:\/\/exlibris.ee\/en\/wp-json\/wp\/v2\/publisher?post=21125"}],"curies":[{"name":"wp","href":"https:\/\/api.w.org\/{rel}","templated":true}]}}