{"id":21127,"date":"2023-02-27T13:41:45","date_gmt":"2023-02-27T11:41:45","guid":{"rendered":"https:\/\/exlibris.ee\/toode\/die-grammatik-plakate-b1\/"},"modified":"2026-04-23T05:51:13","modified_gmt":"2026-04-23T02:51:13","slug":"die-grammatik-plakate-b1","status":"publish","type":"product","link":"https:\/\/exlibris.ee\/en\/product\/die-grammatik-plakate-b1\/","title":{"rendered":"Die Grammatik-Plakate B1  \u00dcbungsheft und 3 Plakate"},"content":{"rendered":"<p>3 vierfarbige Plakate DINA 1 (gefalzt auf DIN A4) mit Fotos, die zum Sprechen anregen: &#8211; Plakat 1: Auf die Verben kommt es an &#8211; Plakat 2: Nomen, Pronomen, Adjektive \u2013 das passt zusammen &#8211; Plakat 3: Fit f\u00fcr den Satz \u00dcbungsheft mit allen Plakaten als Kopiervorlage DIN A4 (schwarzwei\u00df) und mit Vorschl\u00e4gen f\u00fcr den Einsatz im Unterricht. Plakate und \u00dcbungsheft verpackt in einer praktischen Aufbewahrungsmappe.<\/p>\n","protected":false},"excerpt":{"rendered":"<p>3 vierfarbige Plakate DINA 1 (gefalzt auf DIN A4) mit Fotos, die zum Sprechen anregen: &#8211; Plakat 1: Auf die Verben kommt es an &#8211; Plakat 2: Nomen, Pronomen, Adjektive \u2013 das passt zusammen &#8211; Plakat 3: Fit f\u00fcr den&#8230;<\/p>\n","protected":false},"featured_media":57013,"template":"","meta":{"_acf_changed":false,"inline_featured_image":false},"product_brand":[],"product_cat":[503],"product_tag":[],"series":[{"id":481,"name":"Grammatik","slug":"grammatik"}],"publisher":[{"id":497,"name":"Hueber Verlag","slug":"hueber-verlag"}],"class_list":{"0":"post-21127","1":"product","2":"type-product","3":"status-publish","4":"has-post-thumbnail","6":"product_cat-lernen-mit-bildern-und-spielen","7":"series-grammatik","8":"publisher-hueber-verlag","10":"first","11":"instock","12":"taxable","13":"shipping-taxable","14":"purchasable","15":"product-type-simple"},"acf":[],"_links":{"self":[{"href":"https:\/\/exlibris.ee\/en\/wp-json\/wp\/v2\/product\/21127","targetHints":{"allow":["GET"]}}],"collection":[{"href":"https:\/\/exlibris.ee\/en\/wp-json\/wp\/v2\/product"}],"about":[{"href":"https:\/\/exlibris.ee\/en\/wp-json\/wp\/v2\/types\/product"}],"wp:featuredmedia":[{"embeddable":true,"href":"https:\/\/exlibris.ee\/en\/wp-json\/wp\/v2\/media\/57013"}],"wp:attachment":[{"href":"https:\/\/exlibris.ee\/en\/wp-json\/wp\/v2\/media?parent=21127"}],"wp:term":[{"taxonomy":"product_brand","embeddable":true,"href":"https:\/\/exlibris.ee\/en\/wp-json\/wp\/v2\/product_brand?post=21127"},{"taxonomy":"product_cat","embeddable":true,"href":"https:\/\/exlibris.ee\/en\/wp-json\/wp\/v2\/product_cat?post=21127"},{"taxonomy":"product_tag","embeddable":true,"href":"https:\/\/exlibris.ee\/en\/wp-json\/wp\/v2\/product_tag?post=21127"},{"taxonomy":"series","embeddable":true,"href":"https:\/\/exlibris.ee\/en\/wp-json\/wp\/v2\/series?post=21127"},{"taxonomy":"publisher","embeddable":true,"href":"https:\/\/exlibris.ee\/en\/wp-json\/wp\/v2\/publisher?post=21127"}],"curies":[{"name":"wp","href":"https:\/\/api.w.org\/{rel}","templated":true}]}}