{"id":21129,"date":"2023-02-27T13:41:46","date_gmt":"2023-02-27T11:41:46","guid":{"rendered":"https:\/\/exlibris.ee\/toode\/beste-freunde-a2-2-digitalisiertes-kursbuch\/"},"modified":"2026-04-04T03:20:58","modified_gmt":"2026-04-04T00:20:58","slug":"beste-freunde-a2-2-digitalisiertes-kursbuch","status":"publish","type":"product","link":"https:\/\/exlibris.ee\/en\/product\/beste-freunde-a2-2-digitalisiertes-kursbuch\/","title":{"rendered":"Beste Freunde A2.2  \/ Digitalisiertes Kursbuch mit integrierten Audiodateien"},"content":{"rendered":"<p>Digitales Kursbuch mit integrierten MP3-Dateien und zahlreichen interaktiven \u00dcbungen &#8211; modularer Aufbau: jedes Modul umfasst drei kurze Lektionen \u00e0 vier Seiten und f\u00fcnf zus\u00e4tzliche Modulseiten &#8211; attraktive Modul-Einstiegsseite: sie stellt jeweils einen der jugendlichen Protagonisten vor und fasst die kommunikativen Lernziele zusammen &#8211; vielseitig: die Modulseiten am Ende enthalten zwei Seiten zu Landeskunde und Projektarbeit, eine Grammatik\u00fcbersicht und Redemittel sowie eine Seite mit Wiederholungsaufgaben &#8211; motivierend: authentisch und sympathisch begleitet jeweils einer der Protagonisten durch ein Modul &#8211; leicht zu unterrichten: die Lektionen sind kleinschrittig aufgebaut und vermitteln Grammatik, Wortschatz und Redemittel in einer flachen Progression &#8211; abwechslungsreich: ein zuverl\u00e4ssiges Training der verschiedenen sprachlichen Fertigkeiten variiert mit vielen Spielen und Liedern, die den Unterricht auflockern &#8211; Anregungen f\u00fcr f\u00e4cher\u00fcbergreifenden Unterricht CLIL.<\/p>\n","protected":false},"excerpt":{"rendered":"<p>Digitales Kursbuch mit integrierten MP3-Dateien und zahlreichen interaktiven \u00dcbungen &#8211; modularer Aufbau: jedes Modul umfasst drei kurze Lektionen \u00e0 vier Seiten und f\u00fcnf zus\u00e4tzliche Modulseiten &#8211; attraktive Modul-Einstiegsseite: sie stellt jeweils einen der jugendlichen Protagonisten vor und fasst die kommunikativen&#8230;<\/p>\n","protected":false},"featured_media":57037,"template":"","meta":{"_acf_changed":false,"inline_featured_image":false},"product_brand":[],"product_cat":[477],"product_tag":[],"series":[{"id":576,"name":"Beste Freunde A2.2","slug":"beste-freunde-a2-2"}],"publisher":[{"id":497,"name":"Hueber Verlag","slug":"hueber-verlag"}],"class_list":{"0":"post-21129","1":"product","2":"type-product","3":"status-publish","4":"has-post-thumbnail","6":"product_cat-lehrwerke-fur-jugendliche","7":"series-beste-freunde-a2-2","8":"publisher-hueber-verlag","10":"first","11":"onbackorder","12":"taxable","13":"shipping-taxable","14":"purchasable","15":"product-type-simple"},"acf":[],"_links":{"self":[{"href":"https:\/\/exlibris.ee\/en\/wp-json\/wp\/v2\/product\/21129","targetHints":{"allow":["GET"]}}],"collection":[{"href":"https:\/\/exlibris.ee\/en\/wp-json\/wp\/v2\/product"}],"about":[{"href":"https:\/\/exlibris.ee\/en\/wp-json\/wp\/v2\/types\/product"}],"wp:featuredmedia":[{"embeddable":true,"href":"https:\/\/exlibris.ee\/en\/wp-json\/wp\/v2\/media\/57037"}],"wp:attachment":[{"href":"https:\/\/exlibris.ee\/en\/wp-json\/wp\/v2\/media?parent=21129"}],"wp:term":[{"taxonomy":"product_brand","embeddable":true,"href":"https:\/\/exlibris.ee\/en\/wp-json\/wp\/v2\/product_brand?post=21129"},{"taxonomy":"product_cat","embeddable":true,"href":"https:\/\/exlibris.ee\/en\/wp-json\/wp\/v2\/product_cat?post=21129"},{"taxonomy":"product_tag","embeddable":true,"href":"https:\/\/exlibris.ee\/en\/wp-json\/wp\/v2\/product_tag?post=21129"},{"taxonomy":"series","embeddable":true,"href":"https:\/\/exlibris.ee\/en\/wp-json\/wp\/v2\/series?post=21129"},{"taxonomy":"publisher","embeddable":true,"href":"https:\/\/exlibris.ee\/en\/wp-json\/wp\/v2\/publisher?post=21129"}],"curies":[{"name":"wp","href":"https:\/\/api.w.org\/{rel}","templated":true}]}}