{"id":21164,"date":"2023-02-27T13:41:51","date_gmt":"2023-02-27T11:41:51","guid":{"rendered":"https:\/\/exlibris.ee\/toode\/kikus-methode-lehrerhandbuch\/"},"modified":"2026-04-13T05:36:23","modified_gmt":"2026-04-13T02:36:23","slug":"kikus-methode-lehrerhandbuch","status":"publish","type":"product","link":"https:\/\/exlibris.ee\/en\/product\/kikus-methode-lehrerhandbuch\/","title":{"rendered":"KIKUS Deutsch  Die Kikus-Methode. Ein Leitfaden \/ Lehrerhandbuch"},"content":{"rendered":"<p>Der Leitfaden enth\u00e4lt &#8211; eine zusammenfassende Darstellung des theoretischen Hintergrundes und der Entwicklung der KIKUS-Methode &#8211; eine ausf\u00fchrliche Beschreibung der einzelnen KIKUS-Materialien mit sehr konkreten Vorschl\u00e4gen und Beispielen zum Einsatz in Kinder-Kursen &#8211; einen Vorschlag zum thematischen Aufbau eines F\u00f6rderkurses &#8211; Informationen\/Hilfen zur Planung und Durchf\u00fchrung einzelner Kurseinheiten\/-stunden &#8211; die detaillierte Darstellung einer Einstiegsstunde und weiterer Kursstunden &#8211; grunds\u00e4tzliche Informationen zur Sprachf\u00f6rderung in der Vor- und Grundschule sowie spezielle Informationen zur Sprachf\u00f6rderung nach der KIKUS-Methode.<\/p>\n","protected":false},"excerpt":{"rendered":"<p>Der Leitfaden enth\u00e4lt &#8211; eine zusammenfassende Darstellung des theoretischen Hintergrundes und der Entwicklung der KIKUS-Methode &#8211; eine ausf\u00fchrliche Beschreibung der einzelnen KIKUS-Materialien mit sehr konkreten Vorschl\u00e4gen und Beispielen zum Einsatz in Kinder-Kursen &#8211; einen Vorschlag zum thematischen Aufbau eines F\u00f6rderkurses&#8230;<\/p>\n","protected":false},"featured_media":57304,"template":"","meta":{"_acf_changed":false,"inline_featured_image":false},"product_brand":[],"product_cat":[897],"product_tag":[],"series":[{"id":575,"name":"Kikus","slug":"kikus"}],"publisher":[{"id":497,"name":"Hueber Verlag","slug":"hueber-verlag"}],"class_list":{"0":"post-21164","1":"product","2":"type-product","3":"status-publish","4":"has-post-thumbnail","6":"product_cat-keeleope-leiunurk","7":"series-kikus","8":"publisher-hueber-verlag","10":"first","11":"instock","12":"taxable","13":"shipping-taxable","14":"purchasable","15":"product-type-simple"},"acf":[],"_links":{"self":[{"href":"https:\/\/exlibris.ee\/en\/wp-json\/wp\/v2\/product\/21164","targetHints":{"allow":["GET"]}}],"collection":[{"href":"https:\/\/exlibris.ee\/en\/wp-json\/wp\/v2\/product"}],"about":[{"href":"https:\/\/exlibris.ee\/en\/wp-json\/wp\/v2\/types\/product"}],"wp:featuredmedia":[{"embeddable":true,"href":"https:\/\/exlibris.ee\/en\/wp-json\/wp\/v2\/media\/57304"}],"wp:attachment":[{"href":"https:\/\/exlibris.ee\/en\/wp-json\/wp\/v2\/media?parent=21164"}],"wp:term":[{"taxonomy":"product_brand","embeddable":true,"href":"https:\/\/exlibris.ee\/en\/wp-json\/wp\/v2\/product_brand?post=21164"},{"taxonomy":"product_cat","embeddable":true,"href":"https:\/\/exlibris.ee\/en\/wp-json\/wp\/v2\/product_cat?post=21164"},{"taxonomy":"product_tag","embeddable":true,"href":"https:\/\/exlibris.ee\/en\/wp-json\/wp\/v2\/product_tag?post=21164"},{"taxonomy":"series","embeddable":true,"href":"https:\/\/exlibris.ee\/en\/wp-json\/wp\/v2\/series?post=21164"},{"taxonomy":"publisher","embeddable":true,"href":"https:\/\/exlibris.ee\/en\/wp-json\/wp\/v2\/publisher?post=21164"}],"curies":[{"name":"wp","href":"https:\/\/api.w.org\/{rel}","templated":true}]}}