{"id":21177,"date":"2023-02-27T13:41:53","date_gmt":"2023-02-27T11:41:53","guid":{"rendered":"https:\/\/exlibris.ee\/toode\/planetino-sprachniveau-1-lehrerhandbuch\/"},"modified":"2026-04-08T15:20:42","modified_gmt":"2026-04-08T12:20:42","slug":"planetino-sprachniveau-1-lehrerhandbuch","status":"publish","type":"product","link":"https:\/\/exlibris.ee\/en\/product\/planetino-sprachniveau-1-lehrerhandbuch\/","title":{"rendered":"Planetino 1  Deutsch f\u00fcr Kinder \/ Lehrerhandbuch"},"content":{"rendered":"<p>Das Lehrerhandbuch enth\u00e4lt: &#8211; eine Einf\u00fchrung in die Konzeption des Lehrwerks &#8211; methodisch-didaktische Hinweise zu den Aufgaben des Kursbuchs und Vorschl\u00e4ge zu erg\u00e4nzenden\/variierenden \u00dcbungen &#8211; die Transkription der H\u00f6rtexte &#8211; eine alphabetische Liste des aktiven und passiven Wortschatzes.<\/p>\n","protected":false},"excerpt":{"rendered":"<p>Das Lehrerhandbuch enth\u00e4lt: &#8211; eine Einf\u00fchrung in die Konzeption des Lehrwerks &#8211; methodisch-didaktische Hinweise zu den Aufgaben des Kursbuchs und Vorschl\u00e4ge zu erg\u00e4nzenden\/variierenden \u00dcbungen &#8211; die Transkription der H\u00f6rtexte &#8211; eine alphabetische Liste des aktiven und passiven Wortschatzes.<\/p>\n","protected":false},"featured_media":23889,"template":"","meta":{"_acf_changed":false,"inline_featured_image":false},"product_brand":[],"product_cat":[471],"product_tag":[],"series":[{"id":570,"name":"Planetino Sprachniveau 1","slug":"planetino-sprachniveau-1"}],"publisher":[{"id":497,"name":"Hueber Verlag","slug":"hueber-verlag"}],"class_list":{"0":"post-21177","1":"product","2":"type-product","3":"status-publish","4":"has-post-thumbnail","6":"product_cat-lehrwerke-fur-kinder","7":"series-planetino-sprachniveau-1","8":"publisher-hueber-verlag","10":"first","11":"onbackorder","12":"taxable","13":"shipping-taxable","14":"purchasable","15":"product-type-simple"},"acf":[],"_links":{"self":[{"href":"https:\/\/exlibris.ee\/en\/wp-json\/wp\/v2\/product\/21177","targetHints":{"allow":["GET"]}}],"collection":[{"href":"https:\/\/exlibris.ee\/en\/wp-json\/wp\/v2\/product"}],"about":[{"href":"https:\/\/exlibris.ee\/en\/wp-json\/wp\/v2\/types\/product"}],"wp:featuredmedia":[{"embeddable":true,"href":"https:\/\/exlibris.ee\/en\/wp-json\/wp\/v2\/media\/23889"}],"wp:attachment":[{"href":"https:\/\/exlibris.ee\/en\/wp-json\/wp\/v2\/media?parent=21177"}],"wp:term":[{"taxonomy":"product_brand","embeddable":true,"href":"https:\/\/exlibris.ee\/en\/wp-json\/wp\/v2\/product_brand?post=21177"},{"taxonomy":"product_cat","embeddable":true,"href":"https:\/\/exlibris.ee\/en\/wp-json\/wp\/v2\/product_cat?post=21177"},{"taxonomy":"product_tag","embeddable":true,"href":"https:\/\/exlibris.ee\/en\/wp-json\/wp\/v2\/product_tag?post=21177"},{"taxonomy":"series","embeddable":true,"href":"https:\/\/exlibris.ee\/en\/wp-json\/wp\/v2\/series?post=21177"},{"taxonomy":"publisher","embeddable":true,"href":"https:\/\/exlibris.ee\/en\/wp-json\/wp\/v2\/publisher?post=21177"}],"curies":[{"name":"wp","href":"https:\/\/api.w.org\/{rel}","templated":true}]}}