{"id":21179,"date":"2023-02-27T13:41:53","date_gmt":"2023-02-27T11:41:53","guid":{"rendered":"https:\/\/exlibris.ee\/toode\/planetino-sprachniveau-3-lehrerhandbuch\/"},"modified":"2026-04-07T21:26:35","modified_gmt":"2026-04-07T18:26:35","slug":"planetino-sprachniveau-3-lehrerhandbuch","status":"publish","type":"product","link":"https:\/\/exlibris.ee\/en\/product\/planetino-sprachniveau-3-lehrerhandbuch\/","title":{"rendered":"Planetino 3  Deutsch f\u00fcr Kinder \/ Lehrerhandbuch"},"content":{"rendered":"<p>Das Lehrerhandbuch enth\u00e4lt: &#8211; eine ausf\u00fchrliche Einf\u00fchrung in die Konzeption des Lehrwerks &#8211; eine Liste mit Spielen, die sich immer wieder im Unterricht einsetzen lassen &#8211; ein kleines W\u00f6rterbuch der Unterrichtssprache &#8211; methodisch-didaktische Hinweise zu den Aufgaben des Kursbuchs und Vorschl\u00e4ge zu erg\u00e4nzenden\/variierenden \u00dcbungen; landeskundliche Hintergrundinformationen &#8211; 10 Tests (je einen zu zwei Lektionen)- den L\u00f6sungsschl\u00fcssel zum Kursbuch (NEU gegen\u00fcber Band 1 und 2!) &#8211; den L\u00f6sungsschl\u00fcssel zum Arbeitsbuch &#8211; den L\u00f6sungsschl\u00fcssel zu den Tests &#8211; die Transkription der H\u00f6rtexte &#8211; eine alphabetische Liste des aktiven und passiven Wortschatzes &#8211; eine Bastelanleitung f\u00fcr eine einfache Sockenhandpuppe.<\/p>\n","protected":false},"excerpt":{"rendered":"<p>Das Lehrerhandbuch enth\u00e4lt: &#8211; eine ausf\u00fchrliche Einf\u00fchrung in die Konzeption des Lehrwerks &#8211; eine Liste mit Spielen, die sich immer wieder im Unterricht einsetzen lassen &#8211; ein kleines W\u00f6rterbuch der Unterrichtssprache &#8211; methodisch-didaktische Hinweise zu den Aufgaben des Kursbuchs und&#8230;<\/p>\n","protected":false},"featured_media":57352,"template":"","meta":{"_acf_changed":false,"inline_featured_image":false},"product_brand":[],"product_cat":[471],"product_tag":[],"series":[{"id":588,"name":"Planetino Sprachniveau 3","slug":"planetino-sprachniveau-3"}],"publisher":[{"id":497,"name":"Hueber Verlag","slug":"hueber-verlag"}],"class_list":{"0":"post-21179","1":"product","2":"type-product","3":"status-publish","4":"has-post-thumbnail","6":"product_cat-lehrwerke-fur-kinder","7":"series-planetino-sprachniveau-3","8":"publisher-hueber-verlag","10":"first","11":"onbackorder","12":"taxable","13":"shipping-taxable","14":"purchasable","15":"product-type-simple"},"acf":[],"_links":{"self":[{"href":"https:\/\/exlibris.ee\/en\/wp-json\/wp\/v2\/product\/21179","targetHints":{"allow":["GET"]}}],"collection":[{"href":"https:\/\/exlibris.ee\/en\/wp-json\/wp\/v2\/product"}],"about":[{"href":"https:\/\/exlibris.ee\/en\/wp-json\/wp\/v2\/types\/product"}],"wp:featuredmedia":[{"embeddable":true,"href":"https:\/\/exlibris.ee\/en\/wp-json\/wp\/v2\/media\/57352"}],"wp:attachment":[{"href":"https:\/\/exlibris.ee\/en\/wp-json\/wp\/v2\/media?parent=21179"}],"wp:term":[{"taxonomy":"product_brand","embeddable":true,"href":"https:\/\/exlibris.ee\/en\/wp-json\/wp\/v2\/product_brand?post=21179"},{"taxonomy":"product_cat","embeddable":true,"href":"https:\/\/exlibris.ee\/en\/wp-json\/wp\/v2\/product_cat?post=21179"},{"taxonomy":"product_tag","embeddable":true,"href":"https:\/\/exlibris.ee\/en\/wp-json\/wp\/v2\/product_tag?post=21179"},{"taxonomy":"series","embeddable":true,"href":"https:\/\/exlibris.ee\/en\/wp-json\/wp\/v2\/series?post=21179"},{"taxonomy":"publisher","embeddable":true,"href":"https:\/\/exlibris.ee\/en\/wp-json\/wp\/v2\/publisher?post=21179"}],"curies":[{"name":"wp","href":"https:\/\/api.w.org\/{rel}","templated":true}]}}