{"id":21184,"date":"2023-02-27T13:41:54","date_gmt":"2023-02-27T11:41:54","guid":{"rendered":"https:\/\/exlibris.ee\/toode\/planetino-sprachniveau-3-audio-cds\/"},"modified":"2026-04-04T03:22:04","modified_gmt":"2026-04-04T00:22:04","slug":"planetino-sprachniveau-3-audio-cds","status":"publish","type":"product","link":"https:\/\/exlibris.ee\/en\/product\/planetino-sprachniveau-3-audio-cds\/","title":{"rendered":"Planetino 3  Deutsch f\u00fcr Kinder \/ 3 Audio-CDs zum Kursbuch"},"content":{"rendered":"<p>Die drei CDs enthalten in chronologischer Reihenfolge alle H\u00f6r- und Lesetexte, die \u00dcbungen zur Aussprache, die Lieder des Kursbuchs mit Playbacks sowie das Theaterst\u00fcck.<\/p>\n","protected":false},"excerpt":{"rendered":"<p>Die drei CDs enthalten in chronologischer Reihenfolge alle H\u00f6r- und Lesetexte, die \u00dcbungen zur Aussprache, die Lieder des Kursbuchs mit Playbacks sowie das Theaterst\u00fcck.<\/p>\n","protected":false},"featured_media":23658,"template":"","meta":{"_acf_changed":false,"inline_featured_image":false},"product_brand":[],"product_cat":[471],"product_tag":[],"series":[{"id":588,"name":"Planetino Sprachniveau 3","slug":"planetino-sprachniveau-3"}],"publisher":[{"id":497,"name":"Hueber Verlag","slug":"hueber-verlag"}],"class_list":{"0":"post-21184","1":"product","2":"type-product","3":"status-publish","4":"has-post-thumbnail","6":"product_cat-lehrwerke-fur-kinder","7":"series-planetino-sprachniveau-3","8":"publisher-hueber-verlag","10":"first","11":"instock","12":"taxable","13":"shipping-taxable","14":"purchasable","15":"product-type-simple"},"acf":[],"_links":{"self":[{"href":"https:\/\/exlibris.ee\/en\/wp-json\/wp\/v2\/product\/21184","targetHints":{"allow":["GET"]}}],"collection":[{"href":"https:\/\/exlibris.ee\/en\/wp-json\/wp\/v2\/product"}],"about":[{"href":"https:\/\/exlibris.ee\/en\/wp-json\/wp\/v2\/types\/product"}],"wp:featuredmedia":[{"embeddable":true,"href":"https:\/\/exlibris.ee\/en\/wp-json\/wp\/v2\/media\/23658"}],"wp:attachment":[{"href":"https:\/\/exlibris.ee\/en\/wp-json\/wp\/v2\/media?parent=21184"}],"wp:term":[{"taxonomy":"product_brand","embeddable":true,"href":"https:\/\/exlibris.ee\/en\/wp-json\/wp\/v2\/product_brand?post=21184"},{"taxonomy":"product_cat","embeddable":true,"href":"https:\/\/exlibris.ee\/en\/wp-json\/wp\/v2\/product_cat?post=21184"},{"taxonomy":"product_tag","embeddable":true,"href":"https:\/\/exlibris.ee\/en\/wp-json\/wp\/v2\/product_tag?post=21184"},{"taxonomy":"series","embeddable":true,"href":"https:\/\/exlibris.ee\/en\/wp-json\/wp\/v2\/series?post=21184"},{"taxonomy":"publisher","embeddable":true,"href":"https:\/\/exlibris.ee\/en\/wp-json\/wp\/v2\/publisher?post=21184"}],"curies":[{"name":"wp","href":"https:\/\/api.w.org\/{rel}","templated":true}]}}