{"id":21191,"date":"2023-02-27T13:41:55","date_gmt":"2023-02-27T11:41:55","guid":{"rendered":"https:\/\/exlibris.ee\/toode\/vielfalt-b2-2-kurs-und-arbeitsbuch-interaktive-version\/"},"modified":"2026-04-14T19:30:47","modified_gmt":"2026-04-14T16:30:47","slug":"vielfalt-b2-2-kurs-und-arbeitsbuch-interaktive-version","status":"publish","type":"product","link":"https:\/\/exlibris.ee\/en\/product\/vielfalt-b2-2-kurs-und-arbeitsbuch-interaktive-version\/","title":{"rendered":"Vielfalt B2.2  Kurs- und Arbeitsbuch \u2013 Interaktive Version"},"content":{"rendered":"<p>Kurs- und Arbeitsbuch \u2013 Interaktive Version (nur digitales Produkt) \u2022 digitales Kursbuch und Arbeitsbuch f\u00fcr Whiteboard, PC\/Mac und Tablet \u2022 integrierte Audio- und Filmdateien zum Kurs- und Arbeitsbuch \u2022 interaktiv umgesetzte \u00dcbungen aus dem Kurs- und Arbeitsbuch \u2022 Clips und interaktive Zusatz\u00fcbungen zum Lernen und \u00dcben \u2022 integrierte Whiteboard-Werkzeuge zum Markieren, Kommentieren und Pr\u00e4sentieren \u2022 intuitiv und ohne Einf\u00fchrung sofort einsetzbar \u2022 Nutzung auf allen Ger\u00e4ten und allen g\u00e4ngigen Browsern \u2022 offline verf\u00fcgbar \u00fcber die Hueber-interaktiv-App und als Kopie auf USB-Stick Zielgruppe: Erwachsene und Jugendliche ab 16 Jahren in Kursen B2 Kursbuchteil: \u2022 modularer Aufbau: 4 Module mit je drei kurzen Lektionen \u2022 emotionaler Moduleinstieg mit Film: unterschiedlichste Protagonistinnen und Protagonisten erm\u00f6glichen einen pers\u00f6nlichen Einstieg in die aktuellen, lebensnahen und vielf\u00e4ltigen Themen \u2022 Extra-Beruf-Seiten:berufs\u00fcbergreifende Szenarien, Textsorten und Sprachhandlungen \u2022 Plurilingualit\u00e4t: sprachvergleichende Aufgaben erweitern das Wissen \u00fcber Sprache und erleichtern die Sprachverwendung in unterschiedlichen Kommunikationssituationen \u2022 Plurikulturalit\u00e4t: spannende Aufgabenstellungen laden zum Perspektivenwechsel und zum wertedialog ein \u2022 Wortschatzarbeit: thematische und systematische intensive Erarbeitung \u2022 weitere Filme: Beispielantworten von Deutschlernenden aus aller Welt stellen erreichbare Sprachmodelle dar \u2022 Erkl\u00e4r-Clips zur gesamten Grammatik: ideal f\u00fcr den Pr\u00e4senz- oder Online-Unterricht und das individuelle Lernen \u2022 im Anhang: abwechslungsreiches illustriertes Methodenglossar f\u00fcr einen kooperativen, interaktiven Unterricht Arbeitsbuchteil: \u2022 Fit-f\u00fcr-Seite: Wiederholung von relevantem, bereits bekanntem Wortschatz und Grammatikstrukturen \u2022 Wiederholung und Festigung: In den Kategorien W\u00f6rter, Grammatik und Kommunikation wird der Lernstoff des Kursbuchs in abwechslungsreichen \u00dcbungen und authentischen Kontexten trainiert \u2022 gezieltes \u00dcben der eigenen <\/p>\n","protected":false},"excerpt":{"rendered":"<p>Kurs- und Arbeitsbuch \u2013 Interaktive Version (nur digitales Produkt) \u2022 digitales Kursbuch und Arbeitsbuch f\u00fcr Whiteboard, PC\/Mac und Tablet \u2022 integrierte Audio- und Filmdateien zum Kurs- und Arbeitsbuch \u2022 interaktiv umgesetzte \u00dcbungen aus dem Kurs- und Arbeitsbuch \u2022 Clips und&#8230;<\/p>\n","protected":false},"featured_media":57478,"template":"","meta":{"_acf_changed":false,"inline_featured_image":false},"product_brand":[],"product_cat":[1121],"product_tag":[],"series":[{"id":591,"name":"Vielfalt B2\/2","slug":"vielfalt-b2-2"}],"publisher":[{"id":497,"name":"Hueber Verlag","slug":"hueber-verlag"}],"class_list":{"0":"post-21191","1":"product","2":"type-product","3":"status-publish","4":"has-post-thumbnail","6":"product_cat-lehrwerke-fur-jugendliche-und-erwachsene","7":"series-vielfalt-b2-2","8":"publisher-hueber-verlag","10":"first","11":"onbackorder","12":"taxable","13":"shipping-taxable","14":"purchasable","15":"product-type-simple"},"acf":[],"_links":{"self":[{"href":"https:\/\/exlibris.ee\/en\/wp-json\/wp\/v2\/product\/21191","targetHints":{"allow":["GET"]}}],"collection":[{"href":"https:\/\/exlibris.ee\/en\/wp-json\/wp\/v2\/product"}],"about":[{"href":"https:\/\/exlibris.ee\/en\/wp-json\/wp\/v2\/types\/product"}],"wp:featuredmedia":[{"embeddable":true,"href":"https:\/\/exlibris.ee\/en\/wp-json\/wp\/v2\/media\/57478"}],"wp:attachment":[{"href":"https:\/\/exlibris.ee\/en\/wp-json\/wp\/v2\/media?parent=21191"}],"wp:term":[{"taxonomy":"product_brand","embeddable":true,"href":"https:\/\/exlibris.ee\/en\/wp-json\/wp\/v2\/product_brand?post=21191"},{"taxonomy":"product_cat","embeddable":true,"href":"https:\/\/exlibris.ee\/en\/wp-json\/wp\/v2\/product_cat?post=21191"},{"taxonomy":"product_tag","embeddable":true,"href":"https:\/\/exlibris.ee\/en\/wp-json\/wp\/v2\/product_tag?post=21191"},{"taxonomy":"series","embeddable":true,"href":"https:\/\/exlibris.ee\/en\/wp-json\/wp\/v2\/series?post=21191"},{"taxonomy":"publisher","embeddable":true,"href":"https:\/\/exlibris.ee\/en\/wp-json\/wp\/v2\/publisher?post=21191"}],"curies":[{"name":"wp","href":"https:\/\/api.w.org\/{rel}","templated":true}]}}