{"id":21198,"date":"2023-02-27T13:41:56","date_gmt":"2023-02-27T11:41:56","guid":{"rendered":"https:\/\/exlibris.ee\/toode\/wortschatz-grammatik\/"},"modified":"2026-04-07T03:37:54","modified_gmt":"2026-04-07T00:37:54","slug":"wortschatz-grammatik","status":"publish","type":"product","link":"https:\/\/exlibris.ee\/en\/product\/wortschatz-grammatik\/","title":{"rendered":"Wortschatz &amp; Grammatik A1  Buch"},"content":{"rendered":"<p>Abwechslungsreiche \u00dcbungen zu allen f\u00fcr das Niveau A1 relevanten W\u00f6rtern und Grammatikthemen: Zuordnungs\u00fcbungen, L\u00fcckentexte, spielerische \u00dcbungen, Umformungs\u00fcbungen, Satzbildungs\u00fcbungen etc. Wortschatz &amp; Grammatik A1 richtet sich ebenso wie die B\u00e4nde H\u00f6ren &amp; Sprechen A1 und Lesen &amp; Schreiben A1 vorwiegend an lernungewohnte Deutschlerner.<\/p>\n","protected":false},"excerpt":{"rendered":"<p>Abwechslungsreiche \u00dcbungen zu allen f\u00fcr das Niveau A1 relevanten W\u00f6rtern und Grammatikthemen: Zuordnungs\u00fcbungen, L\u00fcckentexte, spielerische \u00dcbungen, Umformungs\u00fcbungen, Satzbildungs\u00fcbungen etc. Wortschatz &amp; Grammatik A1 richtet sich ebenso wie die B\u00e4nde H\u00f6ren &amp; Sprechen A1 und Lesen &amp; Schreiben A1 vorwiegend an&#8230;<\/p>\n","protected":false},"featured_media":25014,"template":"","meta":{"_acf_changed":false,"inline_featured_image":false},"product_brand":[],"product_cat":[480],"product_tag":[],"series":[{"id":481,"name":"Grammatik","slug":"grammatik"}],"publisher":[{"id":497,"name":"Hueber Verlag","slug":"hueber-verlag"}],"class_list":{"0":"post-21198","1":"product","2":"type-product","3":"status-publish","4":"has-post-thumbnail","6":"product_cat-grammatiken","7":"series-grammatik","8":"publisher-hueber-verlag","10":"first","11":"instock","12":"taxable","13":"shipping-taxable","14":"purchasable","15":"product-type-simple"},"acf":[],"_links":{"self":[{"href":"https:\/\/exlibris.ee\/en\/wp-json\/wp\/v2\/product\/21198","targetHints":{"allow":["GET"]}}],"collection":[{"href":"https:\/\/exlibris.ee\/en\/wp-json\/wp\/v2\/product"}],"about":[{"href":"https:\/\/exlibris.ee\/en\/wp-json\/wp\/v2\/types\/product"}],"wp:featuredmedia":[{"embeddable":true,"href":"https:\/\/exlibris.ee\/en\/wp-json\/wp\/v2\/media\/25014"}],"wp:attachment":[{"href":"https:\/\/exlibris.ee\/en\/wp-json\/wp\/v2\/media?parent=21198"}],"wp:term":[{"taxonomy":"product_brand","embeddable":true,"href":"https:\/\/exlibris.ee\/en\/wp-json\/wp\/v2\/product_brand?post=21198"},{"taxonomy":"product_cat","embeddable":true,"href":"https:\/\/exlibris.ee\/en\/wp-json\/wp\/v2\/product_cat?post=21198"},{"taxonomy":"product_tag","embeddable":true,"href":"https:\/\/exlibris.ee\/en\/wp-json\/wp\/v2\/product_tag?post=21198"},{"taxonomy":"series","embeddable":true,"href":"https:\/\/exlibris.ee\/en\/wp-json\/wp\/v2\/series?post=21198"},{"taxonomy":"publisher","embeddable":true,"href":"https:\/\/exlibris.ee\/en\/wp-json\/wp\/v2\/publisher?post=21198"}],"curies":[{"name":"wp","href":"https:\/\/api.w.org\/{rel}","templated":true}]}}