{"id":21199,"date":"2023-02-27T13:41:57","date_gmt":"2023-02-27T11:41:57","guid":{"rendered":"https:\/\/exlibris.ee\/toode\/zwischendurch-mal-horen\/"},"modified":"2026-04-06T09:15:05","modified_gmt":"2026-04-06T06:15:05","slug":"zwischendurch-mal-horen","status":"publish","type":"product","link":"https:\/\/exlibris.ee\/en\/product\/zwischendurch-mal-horen\/","title":{"rendered":"Zwischendurch mal &#8230; H\u00f6ren  Kopiervorlagen und Audio-CD"},"content":{"rendered":"<p>48 H\u00f6rtexte auf der MP3-CD \u2022 Transkription der H\u00f6rtexte mit abwechslungsreichen Aufgaben zum H\u00f6rverst\u00e4ndnis als Kopiervorlage.<\/p>\n","protected":false},"excerpt":{"rendered":"<p>48 H\u00f6rtexte auf der MP3-CD \u2022 Transkription der H\u00f6rtexte mit abwechslungsreichen Aufgaben zum H\u00f6rverst\u00e4ndnis als Kopiervorlage.<\/p>\n","protected":false},"featured_media":57610,"template":"","meta":{"_acf_changed":false,"inline_featured_image":false},"product_brand":[],"product_cat":[558],"product_tag":[],"series":[{"id":581,"name":"Zwischendurch","slug":"zwischendurch"}],"publisher":[{"id":497,"name":"Hueber Verlag","slug":"hueber-verlag"}],"class_list":{"0":"post-21199","1":"product","2":"type-product","3":"status-publish","4":"has-post-thumbnail","6":"product_cat-deutsch-uben","7":"series-zwischendurch","8":"publisher-hueber-verlag","10":"first","11":"instock","12":"taxable","13":"shipping-taxable","14":"purchasable","15":"product-type-simple"},"acf":[],"_links":{"self":[{"href":"https:\/\/exlibris.ee\/en\/wp-json\/wp\/v2\/product\/21199","targetHints":{"allow":["GET"]}}],"collection":[{"href":"https:\/\/exlibris.ee\/en\/wp-json\/wp\/v2\/product"}],"about":[{"href":"https:\/\/exlibris.ee\/en\/wp-json\/wp\/v2\/types\/product"}],"wp:featuredmedia":[{"embeddable":true,"href":"https:\/\/exlibris.ee\/en\/wp-json\/wp\/v2\/media\/57610"}],"wp:attachment":[{"href":"https:\/\/exlibris.ee\/en\/wp-json\/wp\/v2\/media?parent=21199"}],"wp:term":[{"taxonomy":"product_brand","embeddable":true,"href":"https:\/\/exlibris.ee\/en\/wp-json\/wp\/v2\/product_brand?post=21199"},{"taxonomy":"product_cat","embeddable":true,"href":"https:\/\/exlibris.ee\/en\/wp-json\/wp\/v2\/product_cat?post=21199"},{"taxonomy":"product_tag","embeddable":true,"href":"https:\/\/exlibris.ee\/en\/wp-json\/wp\/v2\/product_tag?post=21199"},{"taxonomy":"series","embeddable":true,"href":"https:\/\/exlibris.ee\/en\/wp-json\/wp\/v2\/series?post=21199"},{"taxonomy":"publisher","embeddable":true,"href":"https:\/\/exlibris.ee\/en\/wp-json\/wp\/v2\/publisher?post=21199"}],"curies":[{"name":"wp","href":"https:\/\/api.w.org\/{rel}","templated":true}]}}