{"id":21202,"date":"2023-02-27T13:41:57","date_gmt":"2023-02-27T11:41:57","guid":{"rendered":"https:\/\/exlibris.ee\/toode\/beste-freunde-a1-1-lehrerhandbuch\/"},"modified":"2026-04-11T17:42:31","modified_gmt":"2026-04-11T14:42:31","slug":"beste-freunde-a1-1-lehrerhandbuch","status":"publish","type":"product","link":"https:\/\/exlibris.ee\/en\/product\/beste-freunde-a1-1-lehrerhandbuch\/","title":{"rendered":"Beste Freunde A1.1  \/ Lehrerhandbuch"},"content":{"rendered":"<p>Einf\u00fchrung in Konzeption und Aufbau des Lehrwerks &#8211; viele kreative Vorschl\u00e4ge f\u00fcr einen abwechslungsreichen Unterricht &#8211; unterrichtspraktische Hinweise und methodische Tipps &#8211; Kopiervorlagen mit Spielen und \u00dcbungen &#8211; Tests zu jeder Lektion in zwei Versionen A und B &#8211; L\u00f6sungen und Transkriptionen von Kurs- und Arbeitsbuch.<\/p>\n","protected":false},"excerpt":{"rendered":"<p>Einf\u00fchrung in Konzeption und Aufbau des Lehrwerks &#8211; viele kreative Vorschl\u00e4ge f\u00fcr einen abwechslungsreichen Unterricht &#8211; unterrichtspraktische Hinweise und methodische Tipps &#8211; Kopiervorlagen mit Spielen und \u00dcbungen &#8211; Tests zu jeder Lektion in zwei Versionen A und B &#8211; L\u00f6sungen&#8230;<\/p>\n","protected":false},"featured_media":57667,"template":"","meta":{"_acf_changed":false,"inline_featured_image":false},"product_brand":[],"product_cat":[477],"product_tag":[],"series":[{"id":582,"name":"Beste Freunde A1.1","slug":"beste-freunde-a1-1"}],"publisher":[{"id":497,"name":"Hueber Verlag","slug":"hueber-verlag"}],"class_list":{"0":"post-21202","1":"product","2":"type-product","3":"status-publish","4":"has-post-thumbnail","6":"product_cat-lehrwerke-fur-jugendliche","7":"series-beste-freunde-a1-1","8":"publisher-hueber-verlag","10":"first","11":"onbackorder","12":"taxable","13":"shipping-taxable","14":"purchasable","15":"product-type-simple"},"acf":[],"_links":{"self":[{"href":"https:\/\/exlibris.ee\/en\/wp-json\/wp\/v2\/product\/21202","targetHints":{"allow":["GET"]}}],"collection":[{"href":"https:\/\/exlibris.ee\/en\/wp-json\/wp\/v2\/product"}],"about":[{"href":"https:\/\/exlibris.ee\/en\/wp-json\/wp\/v2\/types\/product"}],"wp:featuredmedia":[{"embeddable":true,"href":"https:\/\/exlibris.ee\/en\/wp-json\/wp\/v2\/media\/57667"}],"wp:attachment":[{"href":"https:\/\/exlibris.ee\/en\/wp-json\/wp\/v2\/media?parent=21202"}],"wp:term":[{"taxonomy":"product_brand","embeddable":true,"href":"https:\/\/exlibris.ee\/en\/wp-json\/wp\/v2\/product_brand?post=21202"},{"taxonomy":"product_cat","embeddable":true,"href":"https:\/\/exlibris.ee\/en\/wp-json\/wp\/v2\/product_cat?post=21202"},{"taxonomy":"product_tag","embeddable":true,"href":"https:\/\/exlibris.ee\/en\/wp-json\/wp\/v2\/product_tag?post=21202"},{"taxonomy":"series","embeddable":true,"href":"https:\/\/exlibris.ee\/en\/wp-json\/wp\/v2\/series?post=21202"},{"taxonomy":"publisher","embeddable":true,"href":"https:\/\/exlibris.ee\/en\/wp-json\/wp\/v2\/publisher?post=21202"}],"curies":[{"name":"wp","href":"https:\/\/api.w.org\/{rel}","templated":true}]}}