{"id":21205,"date":"2023-02-27T13:41:57","date_gmt":"2023-02-27T11:41:57","guid":{"rendered":"https:\/\/exlibris.ee\/toode\/wortschatz-grammatik-2\/"},"modified":"2026-04-05T15:36:03","modified_gmt":"2026-04-05T12:36:03","slug":"wortschatz-grammatik-2","status":"publish","type":"product","link":"https:\/\/exlibris.ee\/en\/product\/wortschatz-grammatik-2\/","title":{"rendered":"Wortschatz &amp; Grammatik B2  Buch"},"content":{"rendered":"<p>Der Trainer bietet abwechslungsreiche \u00dcbungen zu allen wichtigen Themenbereichen f\u00fcr Wortschatz und Grammatik auf dem Niveau B2 (fortgeschrittenes Niveau): &#8211; mit vielen Lerntipps und L\u00f6sungsteil &#8211; sehr \u00fcbersichtlich gestaltet mit zahlreichen Illustrationen zur Veranschaulichung &#8211; ber\u00fccksichtigt auch \u00f6sterreichische und Schweizer Varianten.<\/p>\n","protected":false},"excerpt":{"rendered":"<p>Der Trainer bietet abwechslungsreiche \u00dcbungen zu allen wichtigen Themenbereichen f\u00fcr Wortschatz und Grammatik auf dem Niveau B2 (fortgeschrittenes Niveau): &#8211; mit vielen Lerntipps und L\u00f6sungsteil &#8211; sehr \u00fcbersichtlich gestaltet mit zahlreichen Illustrationen zur Veranschaulichung &#8211; ber\u00fccksichtigt auch \u00f6sterreichische und Schweizer&#8230;<\/p>\n","protected":false},"featured_media":57685,"template":"","meta":{"_acf_changed":false,"inline_featured_image":false},"product_brand":[],"product_cat":[480],"product_tag":[],"series":[{"id":481,"name":"Grammatik","slug":"grammatik"}],"publisher":[{"id":497,"name":"Hueber Verlag","slug":"hueber-verlag"}],"class_list":{"0":"post-21205","1":"product","2":"type-product","3":"status-publish","4":"has-post-thumbnail","6":"product_cat-grammatiken","7":"series-grammatik","8":"publisher-hueber-verlag","10":"first","11":"instock","12":"taxable","13":"shipping-taxable","14":"purchasable","15":"product-type-simple"},"acf":[],"_links":{"self":[{"href":"https:\/\/exlibris.ee\/en\/wp-json\/wp\/v2\/product\/21205","targetHints":{"allow":["GET"]}}],"collection":[{"href":"https:\/\/exlibris.ee\/en\/wp-json\/wp\/v2\/product"}],"about":[{"href":"https:\/\/exlibris.ee\/en\/wp-json\/wp\/v2\/types\/product"}],"wp:featuredmedia":[{"embeddable":true,"href":"https:\/\/exlibris.ee\/en\/wp-json\/wp\/v2\/media\/57685"}],"wp:attachment":[{"href":"https:\/\/exlibris.ee\/en\/wp-json\/wp\/v2\/media?parent=21205"}],"wp:term":[{"taxonomy":"product_brand","embeddable":true,"href":"https:\/\/exlibris.ee\/en\/wp-json\/wp\/v2\/product_brand?post=21205"},{"taxonomy":"product_cat","embeddable":true,"href":"https:\/\/exlibris.ee\/en\/wp-json\/wp\/v2\/product_cat?post=21205"},{"taxonomy":"product_tag","embeddable":true,"href":"https:\/\/exlibris.ee\/en\/wp-json\/wp\/v2\/product_tag?post=21205"},{"taxonomy":"series","embeddable":true,"href":"https:\/\/exlibris.ee\/en\/wp-json\/wp\/v2\/series?post=21205"},{"taxonomy":"publisher","embeddable":true,"href":"https:\/\/exlibris.ee\/en\/wp-json\/wp\/v2\/publisher?post=21205"}],"curies":[{"name":"wp","href":"https:\/\/api.w.org\/{rel}","templated":true}]}}