{"id":21225,"date":"2023-02-27T13:42:01","date_gmt":"2023-02-27T11:42:01","guid":{"rendered":"https:\/\/exlibris.ee\/toode\/dabei-a2-1-arbeitsbuch\/"},"modified":"2026-04-03T09:21:45","modified_gmt":"2026-04-03T06:21:45","slug":"dabei-a2-1-arbeitsbuch","status":"publish","type":"product","link":"https:\/\/exlibris.ee\/en\/product\/dabei-a2-1-arbeitsbuch\/","title":{"rendered":"Dabei! A2.1  \/ Arbeitsbuch"},"content":{"rendered":"<p>Zielgruppe Jugendliche Deutschlerner (11-15 Jahre) im In- und Ausland Dabei! besteht aus je zwei Halbb\u00e4nden pro Niveaustufe. &#8211; Das Arbeitsbuch enth\u00e4lt \u00dcbungen zu Grammatik, Wortschatz und Redemitteln &#8211; Moduleinstiegsseite zur Wiederholung des bereits Gelernten und Bekannten &#8211; am Ende jedes Moduls: zwei Seiten Selbstevaluation mit Selbstkontrolle &#8220;Das habe ich gelernt&#8221; sowie ein Modultest zu Kommunikation, Wortschatz und Grammatik &#8211; Anhang mit gesamten Lernwortschatz \u2013 illustriert und kontextualisiert &#8211; integrierte Grammatik zum Selbstentdecken &#8211; viele \u00dcbungen mit der M\u00f6glichkeit zur Selbstkontrolle und zur Binnendifferenzierung &#8211; transparentes, \u00fcbersichtliches Layout mit vielen Fotos und Illustrationen sowie modernen Textsorten (z.B. Chat) &#8211; wechselseitiges Verweissystem zwischen Kurs- und Arbeitsbuch Mit der App k\u00f6nnen alle Audios und Filme ganz bequem auf Tablet-PC oder Smartphone abgerufen werden.<\/p>\n","protected":false},"excerpt":{"rendered":"<p>Zielgruppe Jugendliche Deutschlerner (11-15 Jahre) im In- und Ausland Dabei! besteht aus je zwei Halbb\u00e4nden pro Niveaustufe. &#8211; Das Arbeitsbuch enth\u00e4lt \u00dcbungen zu Grammatik, Wortschatz und Redemitteln &#8211; Moduleinstiegsseite zur Wiederholung des bereits Gelernten und Bekannten &#8211; am Ende jedes&#8230;<\/p>\n","protected":false},"featured_media":24810,"template":"","meta":{"_acf_changed":false,"inline_featured_image":false},"product_brand":[],"product_cat":[1127],"product_tag":[],"series":[{"id":594,"name":"Dabei! A2.1","slug":"dabei-a2-1"}],"publisher":[{"id":497,"name":"Hueber Verlag","slug":"hueber-verlag"}],"class_list":{"0":"post-21225","1":"product","2":"type-product","3":"status-publish","4":"has-post-thumbnail","6":"product_cat-deutsch-fur-jugendliche","7":"series-dabei-a2-1","8":"publisher-hueber-verlag","10":"first","11":"instock","12":"taxable","13":"shipping-taxable","14":"purchasable","15":"product-type-simple"},"acf":[],"_links":{"self":[{"href":"https:\/\/exlibris.ee\/en\/wp-json\/wp\/v2\/product\/21225","targetHints":{"allow":["GET"]}}],"collection":[{"href":"https:\/\/exlibris.ee\/en\/wp-json\/wp\/v2\/product"}],"about":[{"href":"https:\/\/exlibris.ee\/en\/wp-json\/wp\/v2\/types\/product"}],"wp:featuredmedia":[{"embeddable":true,"href":"https:\/\/exlibris.ee\/en\/wp-json\/wp\/v2\/media\/24810"}],"wp:attachment":[{"href":"https:\/\/exlibris.ee\/en\/wp-json\/wp\/v2\/media?parent=21225"}],"wp:term":[{"taxonomy":"product_brand","embeddable":true,"href":"https:\/\/exlibris.ee\/en\/wp-json\/wp\/v2\/product_brand?post=21225"},{"taxonomy":"product_cat","embeddable":true,"href":"https:\/\/exlibris.ee\/en\/wp-json\/wp\/v2\/product_cat?post=21225"},{"taxonomy":"product_tag","embeddable":true,"href":"https:\/\/exlibris.ee\/en\/wp-json\/wp\/v2\/product_tag?post=21225"},{"taxonomy":"series","embeddable":true,"href":"https:\/\/exlibris.ee\/en\/wp-json\/wp\/v2\/series?post=21225"},{"taxonomy":"publisher","embeddable":true,"href":"https:\/\/exlibris.ee\/en\/wp-json\/wp\/v2\/publisher?post=21225"}],"curies":[{"name":"wp","href":"https:\/\/api.w.org\/{rel}","templated":true}]}}