{"id":21269,"date":"2023-02-28T11:08:59","date_gmt":"2023-02-28T09:08:59","guid":{"rendered":"https:\/\/exlibris.ee\/toode\/gute-idee-a2-1-arbeitsbuch-interaktive-version\/"},"modified":"2026-04-04T03:24:04","modified_gmt":"2026-04-04T00:24:04","slug":"gute-idee-a2-1-arbeitsbuch-interaktive-version","status":"publish","type":"product","link":"https:\/\/exlibris.ee\/en\/product\/gute-idee-a2-1-arbeitsbuch-interaktive-version\/","title":{"rendered":"Gute Idee! A2.1  Deutsch f\u00fcr Jugendliche \/ Arbeitsbuch &#8211; Interaktive Version"},"content":{"rendered":"<p>Gute Idee! A2.1 Arbeitsbuch \u2013 Interaktiven Version (nur digitales Produkt) Zielgruppe:Jugendliche in Kursen A2.1 an Schulen und anderen Institutionen weltweit Gute Idee! ist ein jugendlichengerechtes Lehrwerk, das durch emotional ber\u00fchrende, ausgefallene Texte und Themen f\u00fcr den Deutschunterricht motiviert. Es er\u00f6ffnet neue Themenfelder, die nicht der unmittelbaren Alltagsrealit\u00e4t der Jugendlichen entstammen. Die Inhalte sind international angelegt und ber\u00fccksichtigen die vielf\u00e4ltigen Lebenswelten junger Menschen weltweit. Gute Idee! ist eine Aktualisierung des Lehrwerks Ideen und enth\u00e4lt eine interaktive Version und bietet eine optimale Verzahnung von Print und Digital f\u00fcr Online- und Pr\u00e4senzunterricht. Die interaktive Version ist wahlweise erh\u00e4ltlich als eigenst\u00e4ndiges Produkt oder \u00fcber Startcode im Buch. Die interaktive Version des Arbeitsbuchs enth\u00e4lt: &#8211; alle H\u00f6rdateien und Filme des Buches, direkt bei der jeweiligen Aufgabe abrufbar &#8211; interaktiv umgesetzte \u00dcbungen des Arbeitsbuches zum Einsatz im Unterricht oder zum individuellen Wiederholen der Kursinhalte &#8211; zus\u00e4tzliche, passgenau abgestimmte, interaktive \u00dcbungen, um die neuen Lerninhalte individuell zu wiederholen und zu vertiefen &#8211; eine umfangreiche Toolbar mit vielseitigen Funktionen f\u00fcr den Einsatz am Whiteboard (u. a. markieren, Notizen, Schreibwerkzeuge u.v.m.).<\/p>\n","protected":false},"excerpt":{"rendered":"<p>Gute Idee! A2.1 Arbeitsbuch \u2013 Interaktiven Version (nur digitales Produkt) Zielgruppe:Jugendliche in Kursen A2.1 an Schulen und anderen Institutionen weltweit Gute Idee! ist ein jugendlichengerechtes Lehrwerk, das durch emotional ber\u00fchrende, ausgefallene Texte und Themen f\u00fcr den Deutschunterricht motiviert. Es er\u00f6ffnet&#8230;<\/p>\n","protected":false},"featured_media":57967,"template":"","meta":{"_acf_changed":false,"inline_featured_image":false},"product_brand":[],"product_cat":[1127],"product_tag":[],"series":[{"id":598,"name":"Gute Idee! A2.1","slug":"gute-idee-a2-1"}],"publisher":[{"id":497,"name":"Hueber Verlag","slug":"hueber-verlag"}],"class_list":{"0":"post-21269","1":"product","2":"type-product","3":"status-publish","4":"has-post-thumbnail","6":"product_cat-deutsch-fur-jugendliche","7":"series-gute-idee-a2-1","8":"publisher-hueber-verlag","10":"first","11":"onbackorder","12":"taxable","13":"shipping-taxable","14":"purchasable","15":"product-type-simple"},"acf":[],"_links":{"self":[{"href":"https:\/\/exlibris.ee\/en\/wp-json\/wp\/v2\/product\/21269","targetHints":{"allow":["GET"]}}],"collection":[{"href":"https:\/\/exlibris.ee\/en\/wp-json\/wp\/v2\/product"}],"about":[{"href":"https:\/\/exlibris.ee\/en\/wp-json\/wp\/v2\/types\/product"}],"wp:featuredmedia":[{"embeddable":true,"href":"https:\/\/exlibris.ee\/en\/wp-json\/wp\/v2\/media\/57967"}],"wp:attachment":[{"href":"https:\/\/exlibris.ee\/en\/wp-json\/wp\/v2\/media?parent=21269"}],"wp:term":[{"taxonomy":"product_brand","embeddable":true,"href":"https:\/\/exlibris.ee\/en\/wp-json\/wp\/v2\/product_brand?post=21269"},{"taxonomy":"product_cat","embeddable":true,"href":"https:\/\/exlibris.ee\/en\/wp-json\/wp\/v2\/product_cat?post=21269"},{"taxonomy":"product_tag","embeddable":true,"href":"https:\/\/exlibris.ee\/en\/wp-json\/wp\/v2\/product_tag?post=21269"},{"taxonomy":"series","embeddable":true,"href":"https:\/\/exlibris.ee\/en\/wp-json\/wp\/v2\/series?post=21269"},{"taxonomy":"publisher","embeddable":true,"href":"https:\/\/exlibris.ee\/en\/wp-json\/wp\/v2\/publisher?post=21269"}],"curies":[{"name":"wp","href":"https:\/\/api.w.org\/{rel}","templated":true}]}}