{"id":21281,"date":"2023-02-28T11:09:02","date_gmt":"2023-02-28T09:09:02","guid":{"rendered":"https:\/\/exlibris.ee\/toode\/schritte-international-neu-sprachniveau-2-kursbucharbeitsbuchcd-z-arbeitsbuch\/"},"modified":"2026-04-05T17:22:23","modified_gmt":"2026-04-05T14:22:23","slug":"schritte-international-neu-sprachniveau-2-kursbucharbeitsbuchcd-z-arbeitsbuch","status":"publish","type":"product","link":"https:\/\/exlibris.ee\/en\/product\/schritte-international-neu-sprachniveau-2-kursbucharbeitsbuchcd-z-arbeitsbuch\/","title":{"rendered":"Schritte international Neu 2  Kursbuch + Arbeitsbuch + CD zum Arbeitsbuch"},"content":{"rendered":"<p>Teilband A1.2 Kursbuchteil &#8211; alle Lektionen folgen einem klaren Aufbau f\u00fcr hohe Lerntransparenz &#8211; neue Foto-H\u00f6rgeschichten als Einstieg in jede Lektion &#8211; interessante Texte und vielf\u00e4ltige Landeskunde &#8211; induktive Grammatik f\u00f6rdert Bewusstmachung und Verst\u00e4ndnis &#8211; Vorbereitung auf den Berufsalltag durch verst\u00e4rkten Berufsbezug &#8211; St\u00e4rkung der Lernerautonomie durch eine Doppelseite zu Grammatik und Redemitteln mit \u00dcbungen und Lernhilfen am Ende jeder Lektion &#8211; Transparenz durch Lernziele mit der M\u00f6glichkeit zur Selbsteinsch\u00e4tzung &#8211; flexible Erg\u00e4nzung der Lektionsinhalte durch die \u201eZwischendurch mal \u2026-Seiten\u201c &#8211; alle Audiodateien und Filme zum Kursbuch \u00fcber mobile Ger\u00e4te (Smartphone, Tablet-PC) abrufbar mit kostenloser App Arbeitsbuchteil &#8211; \u00dcbungen und Wiederholungs\u00fcbungen in verschiedenen Schwierigkeitsstufen zur Binnendifferenzierung &#8211; ein systematisch aufgebautes Schreibtraining &#8211; Wortschatztraining f\u00fcr einen gezielten Wortschatzerwerb &#8211; ein ausf\u00fchrliches Phonetikprogramm &#8211; Aufgaben zum Mehrsprachigkeitsansatz &#8211; Pr\u00fcfungsaufgaben &#8211; Lernertests mit Selbstauswertung und weiterf\u00fchrendem Trainingsprogramm im Lehrwerkservice &#8211; integrierte Fokus-Seiten bieten zahlreiche zus\u00e4tzliche Materialien zu den Themen Beruf und Alltag. &#8211; Lernwortschatz-Seiten am Ende des Buches mit Illustrationen und Beispiels\u00e4tzen, Schreibzeilen und Lerntipps &#8211; eine systematische Grammatik-\u00dcbersicht im Anhang.<\/p>\n","protected":false},"excerpt":{"rendered":"<p>Teilband A1.2 Kursbuchteil &#8211; alle Lektionen folgen einem klaren Aufbau f\u00fcr hohe Lerntransparenz &#8211; neue Foto-H\u00f6rgeschichten als Einstieg in jede Lektion &#8211; interessante Texte und vielf\u00e4ltige Landeskunde &#8211; induktive Grammatik f\u00f6rdert Bewusstmachung und Verst\u00e4ndnis &#8211; Vorbereitung auf den Berufsalltag durch&#8230;<\/p>\n","protected":false},"featured_media":74807,"template":"","meta":{"_acf_changed":false,"inline_featured_image":false},"product_brand":[],"product_cat":[1121],"product_tag":[],"series":[{"id":603,"name":"Schritte International Neu Sprachniveau 2","slug":"schritte-international-neu-sprachniveau-2"}],"publisher":[{"id":497,"name":"Hueber Verlag","slug":"hueber-verlag"}],"class_list":{"0":"post-21281","1":"product","2":"type-product","3":"status-publish","4":"has-post-thumbnail","6":"product_cat-lehrwerke-fur-jugendliche-und-erwachsene","7":"series-schritte-international-neu-sprachniveau-2","8":"publisher-hueber-verlag","10":"first","11":"instock","12":"taxable","13":"shipping-taxable","14":"purchasable","15":"product-type-simple"},"acf":[],"_links":{"self":[{"href":"https:\/\/exlibris.ee\/en\/wp-json\/wp\/v2\/product\/21281","targetHints":{"allow":["GET"]}}],"collection":[{"href":"https:\/\/exlibris.ee\/en\/wp-json\/wp\/v2\/product"}],"about":[{"href":"https:\/\/exlibris.ee\/en\/wp-json\/wp\/v2\/types\/product"}],"wp:featuredmedia":[{"embeddable":true,"href":"https:\/\/exlibris.ee\/en\/wp-json\/wp\/v2\/media\/74807"}],"wp:attachment":[{"href":"https:\/\/exlibris.ee\/en\/wp-json\/wp\/v2\/media?parent=21281"}],"wp:term":[{"taxonomy":"product_brand","embeddable":true,"href":"https:\/\/exlibris.ee\/en\/wp-json\/wp\/v2\/product_brand?post=21281"},{"taxonomy":"product_cat","embeddable":true,"href":"https:\/\/exlibris.ee\/en\/wp-json\/wp\/v2\/product_cat?post=21281"},{"taxonomy":"product_tag","embeddable":true,"href":"https:\/\/exlibris.ee\/en\/wp-json\/wp\/v2\/product_tag?post=21281"},{"taxonomy":"series","embeddable":true,"href":"https:\/\/exlibris.ee\/en\/wp-json\/wp\/v2\/series?post=21281"},{"taxonomy":"publisher","embeddable":true,"href":"https:\/\/exlibris.ee\/en\/wp-json\/wp\/v2\/publisher?post=21281"}],"curies":[{"name":"wp","href":"https:\/\/api.w.org\/{rel}","templated":true}]}}