{"id":21298,"date":"2023-02-28T11:09:05","date_gmt":"2023-02-28T09:09:05","guid":{"rendered":"https:\/\/exlibris.ee\/toode\/sprachspiele-und-mehr-ein-wochenende-in-berlin\/"},"modified":"2026-04-15T15:31:52","modified_gmt":"2026-04-15T12:31:52","slug":"sprachspiele-und-mehr-ein-wochenende-in-berlin","status":"publish","type":"product","link":"https:\/\/exlibris.ee\/en\/product\/sprachspiele-und-mehr-ein-wochenende-in-berlin\/","title":{"rendered":"Sprachspiele und Mehr Ein Wochenende in Berlin"},"content":{"rendered":"<p>Entdecken Sie Berlin, verbessern Sie Ihre Sprachkenntnisse! Und das ganz zwanglos und unterhaltsam in einer kurzweiligen Spielrunde im Familien- oder Freundeskreis. Solide Grundkenntnisse der Sprache reichen schon aus, um mitmachen zu k\u00f6nnen. Es schm\u00e4lert die Gewinnchancen der einzelnen Spieler nicht, wenn man sich in der Spielrunde bei Aussprache- oder Verst\u00e4ndnisproblemen gegenseitig hilft!F\u00fcr 2-5 Spieler ab 14 Jahre. Spieldauer ca. 60 min.<\/p>\n<p>Material: Fester kaschierter Karton, lackierte Holzfiguren, beidseitig bedruckte Spielkarten Ausstattung: Spielplan, 5 Startkarten, 50 Bildkarten, 295 Fragekarten, 5 Spielfiguren [Fu\u00dfg\u00e4nger], W\u00fcrfel, 80 Chips, Spielanleitung in Deutsch und Landessprache<\/p>\n","protected":false},"excerpt":{"rendered":"<p>Entdecken Sie Berlin, verbessern Sie Ihre Sprachkenntnisse! Und das ganz zwanglos und unterhaltsam in einer kurzweiligen Spielrunde im Familien- oder Freundeskreis. Solide Grundkenntnisse der Sprache reichen schon aus, um mitmachen zu k\u00f6nnen. Es schm\u00e4lert die Gewinnchancen der einzelnen Spieler nicht,&#8230;<\/p>\n","protected":false},"featured_media":139045,"template":"","meta":{"_acf_changed":false,"inline_featured_image":false},"product_brand":[],"product_cat":[503],"product_tag":[],"series":[{"id":504,"name":"Sprachspiele und Mehr","slug":"sprachspiele-und-mehr"}],"publisher":[{"id":473,"name":"Klett Verlag","slug":"klett-verlag"}],"class_list":{"0":"post-21298","1":"product","2":"type-product","3":"status-publish","4":"has-post-thumbnail","6":"product_cat-lernen-mit-bildern-und-spielen","7":"series-sprachspiele-und-mehr","8":"publisher-klett-verlag","10":"first","11":"instock","12":"taxable","13":"shipping-taxable","14":"purchasable","15":"product-type-simple"},"acf":[],"_links":{"self":[{"href":"https:\/\/exlibris.ee\/en\/wp-json\/wp\/v2\/product\/21298","targetHints":{"allow":["GET"]}}],"collection":[{"href":"https:\/\/exlibris.ee\/en\/wp-json\/wp\/v2\/product"}],"about":[{"href":"https:\/\/exlibris.ee\/en\/wp-json\/wp\/v2\/types\/product"}],"wp:featuredmedia":[{"embeddable":true,"href":"https:\/\/exlibris.ee\/en\/wp-json\/wp\/v2\/media\/139045"}],"wp:attachment":[{"href":"https:\/\/exlibris.ee\/en\/wp-json\/wp\/v2\/media?parent=21298"}],"wp:term":[{"taxonomy":"product_brand","embeddable":true,"href":"https:\/\/exlibris.ee\/en\/wp-json\/wp\/v2\/product_brand?post=21298"},{"taxonomy":"product_cat","embeddable":true,"href":"https:\/\/exlibris.ee\/en\/wp-json\/wp\/v2\/product_cat?post=21298"},{"taxonomy":"product_tag","embeddable":true,"href":"https:\/\/exlibris.ee\/en\/wp-json\/wp\/v2\/product_tag?post=21298"},{"taxonomy":"series","embeddable":true,"href":"https:\/\/exlibris.ee\/en\/wp-json\/wp\/v2\/series?post=21298"},{"taxonomy":"publisher","embeddable":true,"href":"https:\/\/exlibris.ee\/en\/wp-json\/wp\/v2\/publisher?post=21298"}],"curies":[{"name":"wp","href":"https:\/\/api.w.org\/{rel}","templated":true}]}}