{"id":21304,"date":"2023-02-28T11:09:07","date_gmt":"2023-02-28T09:09:07","guid":{"rendered":"https:\/\/exlibris.ee\/toode\/sicher-b2-kursbucharbeitsbuchcd-z-ab-l-712\/"},"modified":"2026-04-07T05:21:14","modified_gmt":"2026-04-07T02:21:14","slug":"sicher-b2-kursbucharbeitsbuchcd-z-ab-l-712","status":"publish","type":"product","link":"https:\/\/exlibris.ee\/en\/product\/sicher-b2-kursbucharbeitsbuchcd-z-ab-l-712\/","title":{"rendered":"Sicher! B2.2  Kurs- und Arbeitsbuch mit CD-ROM zum Arbeitsbuch, Lektion 7-12"},"content":{"rendered":"<p>Kursbuchteil: &#8211; transparenter Aufbau &#8211; trainiert die vier Grundfertigkeiten sowie \u201eSehen und H\u00f6ren\u201c, \u201eWortschatz\u201c und \u201eGrammatik\u201c &#8211; Checkliste zur Lernzielkontrolle am Ende jedes Bausteins &#8211; interessante Themen aus den Bereichen Alltag, Beruf, Studium und Ausbildung &#8211; abwechslungsreiche und fundierte Aufgaben- und \u00dcbungstypologie &#8211; Vermittlung von Lernstrategien durch gezielte Aufgabenstellungen und praxisnahe Tipps &#8211; Infos zur Landeskunde Arbeitsbuchteil: &#8211; vertiefende \u00dcbungen zu Wortschatz, Grammatik und allen Fertigkeiten &#8211; zu Beginn jeder Lektion Wiederholung wichtiger Wortfelder aus den vorhergehenden Stufen &#8211; Vorentlastung komplexer Grammatikthemen durch wiederholende Aufgaben &#8211; Selbsttest am Ende jeder Lektion &#8211; mit CD-ROM &#8211; enge Verzahnung mit einem breiten und vielf\u00e4ltigen \u00dcbungsangebot im Internet \u00fcber Zugangscode im Buch.<\/p>\n","protected":false},"excerpt":{"rendered":"<p>Kursbuchteil: &#8211; transparenter Aufbau &#8211; trainiert die vier Grundfertigkeiten sowie \u201eSehen und H\u00f6ren\u201c, \u201eWortschatz\u201c und \u201eGrammatik\u201c &#8211; Checkliste zur Lernzielkontrolle am Ende jedes Bausteins &#8211; interessante Themen aus den Bereichen Alltag, Beruf, Studium und Ausbildung &#8211; abwechslungsreiche und fundierte Aufgaben-&#8230;<\/p>\n","protected":false},"featured_media":22872,"template":"","meta":{"_acf_changed":false,"inline_featured_image":false},"product_brand":[],"product_cat":[885],"product_tag":[],"series":[{"id":525,"name":"Sicher! B2","slug":"sicher-b2"}],"publisher":[{"id":497,"name":"Hueber Verlag","slug":"hueber-verlag"}],"class_list":{"0":"post-21304","1":"product","2":"type-product","3":"status-publish","4":"has-post-thumbnail","6":"product_cat-berufssprache","7":"series-sicher-b2","8":"publisher-hueber-verlag","10":"first","11":"instock","12":"taxable","13":"shipping-taxable","14":"purchasable","15":"product-type-simple"},"acf":[],"_links":{"self":[{"href":"https:\/\/exlibris.ee\/en\/wp-json\/wp\/v2\/product\/21304","targetHints":{"allow":["GET"]}}],"collection":[{"href":"https:\/\/exlibris.ee\/en\/wp-json\/wp\/v2\/product"}],"about":[{"href":"https:\/\/exlibris.ee\/en\/wp-json\/wp\/v2\/types\/product"}],"wp:featuredmedia":[{"embeddable":true,"href":"https:\/\/exlibris.ee\/en\/wp-json\/wp\/v2\/media\/22872"}],"wp:attachment":[{"href":"https:\/\/exlibris.ee\/en\/wp-json\/wp\/v2\/media?parent=21304"}],"wp:term":[{"taxonomy":"product_brand","embeddable":true,"href":"https:\/\/exlibris.ee\/en\/wp-json\/wp\/v2\/product_brand?post=21304"},{"taxonomy":"product_cat","embeddable":true,"href":"https:\/\/exlibris.ee\/en\/wp-json\/wp\/v2\/product_cat?post=21304"},{"taxonomy":"product_tag","embeddable":true,"href":"https:\/\/exlibris.ee\/en\/wp-json\/wp\/v2\/product_tag?post=21304"},{"taxonomy":"series","embeddable":true,"href":"https:\/\/exlibris.ee\/en\/wp-json\/wp\/v2\/series?post=21304"},{"taxonomy":"publisher","embeddable":true,"href":"https:\/\/exlibris.ee\/en\/wp-json\/wp\/v2\/publisher?post=21304"}],"curies":[{"name":"wp","href":"https:\/\/api.w.org\/{rel}","templated":true}]}}