{"id":21333,"date":"2023-02-28T11:09:13","date_gmt":"2023-02-28T09:09:13","guid":{"rendered":"https:\/\/exlibris.ee\/toode\/sprachmemo-deutsch-durch-das-jahr\/"},"modified":"2026-04-04T05:15:30","modified_gmt":"2026-04-04T02:15:30","slug":"sprachmemo-deutsch-durch-das-jahr","status":"publish","type":"product","link":"https:\/\/exlibris.ee\/en\/product\/sprachmemo-deutsch-durch-das-jahr\/","title":{"rendered":"SPRACHMEMO Durch das Jahr  Basiswortschatz Deutsch spielerisch lernen \/ Sprachspiel"},"content":{"rendered":"<p>Zielgruppe: F\u00fcr Anf\u00e4nger, die spielerisch deutsche Vokabeln, aber auch Ged\u00e4chtnis und Konzentration trainieren m\u00f6chten. Die Sprachmemos folgen dem Prinzip des bekannten Spiels Memory. Nacheinander decken die Spieler zwei der 108 Karten auf. Die zusammenpassenden Karten zeigen auf einer Karte ein Foto eines Gegenstands oder einer Handlung, auf der anderen Karte ist das Foto verkleinert sowie die entsprechende Vokabel zu sehen. Der Spieler kann also erkennen, ob das aufgedeckte Kartenpaar zusammenpasst, auch wenn er die Vokabel noch nicht kennt. Gewonnen hat, wer am Schluss die meisten Kartenpaare entdeckt hat. Besonderheiten: &#8211; Einfaches Spielprinzip, gro\u00dfer Lerneffekt &#8211; Zu zweit oder in gr\u00f6\u00dferer Runde spielbar &#8211; Der ideale Vokabeltrainer f\u00fcr den Grundwortschatz &#8211; Trainiert auch Ged\u00e4chtnis und Konzentration &#8211; Auch Spieler mit unterschiedlichen Deutschkenntnissen k\u00f6nnen zusammen spielen &#8211; Spieler mit wenig Deutschkenntnissen k\u00f6nnen ohne Hilfe spielen Das Spielmaterial: &#8211; 108 Karten (54 Paare) &#8211; Spielanleitung mit Vokabelliste.<\/p>\n","protected":false},"excerpt":{"rendered":"<p>Zielgruppe: F\u00fcr Anf\u00e4nger, die spielerisch deutsche Vokabeln, aber auch Ged\u00e4chtnis und Konzentration trainieren m\u00f6chten. Die Sprachmemos folgen dem Prinzip des bekannten Spiels Memory. Nacheinander decken die Spieler zwei der 108 Karten auf. Die zusammenpassenden Karten zeigen auf einer Karte ein&#8230;<\/p>\n","protected":false},"featured_media":24990,"template":"","meta":{"_acf_changed":false,"inline_featured_image":false},"product_brand":[],"product_cat":[503],"product_tag":[],"series":[{"id":607,"name":"Sprachmemo Deutsch","slug":"sprachmemo-deutsch"}],"publisher":[{"id":497,"name":"Hueber Verlag","slug":"hueber-verlag"}],"class_list":{"0":"post-21333","1":"product","2":"type-product","3":"status-publish","4":"has-post-thumbnail","6":"product_cat-lernen-mit-bildern-und-spielen","7":"series-sprachmemo-deutsch","8":"publisher-hueber-verlag","10":"first","11":"onbackorder","12":"taxable","13":"shipping-taxable","14":"purchasable","15":"product-type-simple"},"acf":[],"_links":{"self":[{"href":"https:\/\/exlibris.ee\/en\/wp-json\/wp\/v2\/product\/21333","targetHints":{"allow":["GET"]}}],"collection":[{"href":"https:\/\/exlibris.ee\/en\/wp-json\/wp\/v2\/product"}],"about":[{"href":"https:\/\/exlibris.ee\/en\/wp-json\/wp\/v2\/types\/product"}],"wp:featuredmedia":[{"embeddable":true,"href":"https:\/\/exlibris.ee\/en\/wp-json\/wp\/v2\/media\/24990"}],"wp:attachment":[{"href":"https:\/\/exlibris.ee\/en\/wp-json\/wp\/v2\/media?parent=21333"}],"wp:term":[{"taxonomy":"product_brand","embeddable":true,"href":"https:\/\/exlibris.ee\/en\/wp-json\/wp\/v2\/product_brand?post=21333"},{"taxonomy":"product_cat","embeddable":true,"href":"https:\/\/exlibris.ee\/en\/wp-json\/wp\/v2\/product_cat?post=21333"},{"taxonomy":"product_tag","embeddable":true,"href":"https:\/\/exlibris.ee\/en\/wp-json\/wp\/v2\/product_tag?post=21333"},{"taxonomy":"series","embeddable":true,"href":"https:\/\/exlibris.ee\/en\/wp-json\/wp\/v2\/series?post=21333"},{"taxonomy":"publisher","embeddable":true,"href":"https:\/\/exlibris.ee\/en\/wp-json\/wp\/v2\/publisher?post=21333"}],"curies":[{"name":"wp","href":"https:\/\/api.w.org\/{rel}","templated":true}]}}