{"id":21334,"date":"2023-02-28T11:09:13","date_gmt":"2023-02-28T09:09:13","guid":{"rendered":"https:\/\/exlibris.ee\/toode\/sprachspiele-und-mehr-deutschland-entdecken\/"},"modified":"2026-04-06T11:09:31","modified_gmt":"2026-04-06T08:09:31","slug":"sprachspiele-und-mehr-deutschland-entdecken","status":"publish","type":"product","link":"https:\/\/exlibris.ee\/en\/product\/sprachspiele-und-mehr-deutschland-entdecken\/","title":{"rendered":"Deutschland entdecken  Eine Quiz- und Sprachreise von Stadt zu Stadt \/ Sprach- und Reisespiel"},"content":{"rendered":"<p>Eine Quiz- und Sprachreise durch 125 deutsche St\u00e4dte f\u00fcr 2 bis 6 Spieler ab 12 Jahren Die Spieler reisen mit ihrer Spielfigur kreuz und quer durch Deutschland. Die St\u00e4dtekarten geben ihnen die Reiseziele vor, die sie mit ihrer Spielfigur ansteuern m\u00fcssen. Der Weg dorthin f\u00fchrt \u00fcber die richtige Beantwortung der Fragen auf den Reisekarten. Wer zuerst f\u00fcnf St\u00e4dte besucht hat, kennt sich nach dem Spiel nicht nur besser in Deutschlands Geografie aus, sondern ist auch der Gewinner. Das Spielmaterial: &#8211; Spielplan &#8211; 6 Spielfiguren, 6 Zielsteine &#8211; 125 St\u00e4dtekarten &#8211; 169 Reisekarten &#8211; 6 Joker &#8211; Spielanleitung Besonderheiten: &#8211; Spielerisches Vokabeltraining f\u00fcr Deutschlernende und ein unterhaltsamer Zeitvertreib f\u00fcr deutsche Muttersprachler &#8211; Mit \u00fcber 600 Fragen zu Deutschlands Geschichte, Gegenwart und zur deutschen Sprache &#8211; Die Spieler werden mit Deutschlands Geografie vertrau &#8211; 125 St\u00e4dtekarten mit Bild und tabellarischer Info.<\/p>\n","protected":false},"excerpt":{"rendered":"<p>Eine Quiz- und Sprachreise durch 125 deutsche St\u00e4dte f\u00fcr 2 bis 6 Spieler ab 12 Jahren Die Spieler reisen mit ihrer Spielfigur kreuz und quer durch Deutschland. Die St\u00e4dtekarten geben ihnen die Reiseziele vor, die sie mit ihrer Spielfigur ansteuern&#8230;<\/p>\n","protected":false},"featured_media":24972,"template":"","meta":{"_acf_changed":false,"inline_featured_image":false},"product_brand":[],"product_cat":[503],"product_tag":[],"series":[{"id":504,"name":"Sprachspiele und Mehr","slug":"sprachspiele-und-mehr"}],"publisher":[{"id":473,"name":"Klett Verlag","slug":"klett-verlag"}],"class_list":{"0":"post-21334","1":"product","2":"type-product","3":"status-publish","4":"has-post-thumbnail","6":"product_cat-lernen-mit-bildern-und-spielen","7":"series-sprachspiele-und-mehr","8":"publisher-klett-verlag","10":"first","11":"onbackorder","12":"taxable","13":"shipping-taxable","14":"purchasable","15":"product-type-simple"},"acf":[],"_links":{"self":[{"href":"https:\/\/exlibris.ee\/en\/wp-json\/wp\/v2\/product\/21334","targetHints":{"allow":["GET"]}}],"collection":[{"href":"https:\/\/exlibris.ee\/en\/wp-json\/wp\/v2\/product"}],"about":[{"href":"https:\/\/exlibris.ee\/en\/wp-json\/wp\/v2\/types\/product"}],"wp:featuredmedia":[{"embeddable":true,"href":"https:\/\/exlibris.ee\/en\/wp-json\/wp\/v2\/media\/24972"}],"wp:attachment":[{"href":"https:\/\/exlibris.ee\/en\/wp-json\/wp\/v2\/media?parent=21334"}],"wp:term":[{"taxonomy":"product_brand","embeddable":true,"href":"https:\/\/exlibris.ee\/en\/wp-json\/wp\/v2\/product_brand?post=21334"},{"taxonomy":"product_cat","embeddable":true,"href":"https:\/\/exlibris.ee\/en\/wp-json\/wp\/v2\/product_cat?post=21334"},{"taxonomy":"product_tag","embeddable":true,"href":"https:\/\/exlibris.ee\/en\/wp-json\/wp\/v2\/product_tag?post=21334"},{"taxonomy":"series","embeddable":true,"href":"https:\/\/exlibris.ee\/en\/wp-json\/wp\/v2\/series?post=21334"},{"taxonomy":"publisher","embeddable":true,"href":"https:\/\/exlibris.ee\/en\/wp-json\/wp\/v2\/publisher?post=21334"}],"curies":[{"name":"wp","href":"https:\/\/api.w.org\/{rel}","templated":true}]}}