{"id":21349,"date":"2023-02-28T11:09:15","date_gmt":"2023-02-28T09:09:15","guid":{"rendered":"https:\/\/exlibris.ee\/toode\/jana-und-dino-sprachniveau-2-handpuppe\/"},"modified":"2026-04-14T01:30:48","modified_gmt":"2026-04-13T22:30:48","slug":"jana-und-dino-sprachniveau-2-handpuppe","status":"publish","type":"product","link":"https:\/\/exlibris.ee\/en\/product\/jana-und-dino-sprachniveau-2-handpuppe\/","title":{"rendered":"Jana und Dino  Deutsch f\u00fcr Kinder \/ Handpuppe"},"content":{"rendered":"<p>Die Dino-Handpuppe aus weichem Pl\u00fcsch \u2026 \u2022 bringt die Geschichten aus Jana und Dino ins Klassenzimmer. \u2022 gestaltet den Unterricht aktivierend und lebhaft. \u2022 regt die Kreativit\u00e4t der Kinder an und setzt den narrativen Ansatz des Lehrwerks fort. \u2022 erm\u00f6glicht szenariendidaktische Unterrichtsgestaltung. \u2022 motiviert zum aktiven Sprechen der deutschen Sprache und hilft dadurch, Sprechhemmungen abzubauen. \u2022 ist kindgerecht und liebevoll gestaltet. \u2022 lockert den Unterricht durch zahlreiche spielerische Einsatzm\u00f6glichkeiten auf. Die Handpuppe kann f\u00fcr beide B\u00e4nde und dar\u00fcber hinaus verwendet werden. CE-zertifiziert Ma\u00dfe: B=20cm, H=25cm, T=24cm<\/p>\n","protected":false},"excerpt":{"rendered":"<p>Die Dino-Handpuppe aus weichem Pl\u00fcsch \u2026 \u2022 bringt die Geschichten aus Jana und Dino ins Klassenzimmer. \u2022 gestaltet den Unterricht aktivierend und lebhaft. \u2022 regt die Kreativit\u00e4t der Kinder an und setzt den narrativen Ansatz des Lehrwerks fort. \u2022 erm\u00f6glicht&#8230;<\/p>\n","protected":false},"featured_media":58624,"template":"","meta":{"_acf_changed":false,"inline_featured_image":false},"product_brand":[],"product_cat":[471],"product_tag":[],"series":[{"id":572,"name":"Jana und Dino Sprachniveau 2","slug":"jana-und-dino-sprachniveau-2"}],"publisher":[{"id":497,"name":"Hueber Verlag","slug":"hueber-verlag"}],"class_list":{"0":"post-21349","1":"product","2":"type-product","3":"status-publish","4":"has-post-thumbnail","6":"product_cat-lehrwerke-fur-kinder","7":"series-jana-und-dino-sprachniveau-2","8":"publisher-hueber-verlag","10":"first","11":"onbackorder","12":"taxable","13":"shipping-taxable","14":"purchasable","15":"product-type-simple"},"acf":[],"_links":{"self":[{"href":"https:\/\/exlibris.ee\/en\/wp-json\/wp\/v2\/product\/21349","targetHints":{"allow":["GET"]}}],"collection":[{"href":"https:\/\/exlibris.ee\/en\/wp-json\/wp\/v2\/product"}],"about":[{"href":"https:\/\/exlibris.ee\/en\/wp-json\/wp\/v2\/types\/product"}],"wp:featuredmedia":[{"embeddable":true,"href":"https:\/\/exlibris.ee\/en\/wp-json\/wp\/v2\/media\/58624"}],"wp:attachment":[{"href":"https:\/\/exlibris.ee\/en\/wp-json\/wp\/v2\/media?parent=21349"}],"wp:term":[{"taxonomy":"product_brand","embeddable":true,"href":"https:\/\/exlibris.ee\/en\/wp-json\/wp\/v2\/product_brand?post=21349"},{"taxonomy":"product_cat","embeddable":true,"href":"https:\/\/exlibris.ee\/en\/wp-json\/wp\/v2\/product_cat?post=21349"},{"taxonomy":"product_tag","embeddable":true,"href":"https:\/\/exlibris.ee\/en\/wp-json\/wp\/v2\/product_tag?post=21349"},{"taxonomy":"series","embeddable":true,"href":"https:\/\/exlibris.ee\/en\/wp-json\/wp\/v2\/series?post=21349"},{"taxonomy":"publisher","embeddable":true,"href":"https:\/\/exlibris.ee\/en\/wp-json\/wp\/v2\/publisher?post=21349"}],"curies":[{"name":"wp","href":"https:\/\/api.w.org\/{rel}","templated":true}]}}