{"id":21685,"date":"2023-02-28T11:10:24","date_gmt":"2023-02-28T09:10:24","guid":{"rendered":"https:\/\/exlibris.ee\/toode\/%d1%80%d0%b0%d0%b7%d0%b3%d0%be%d0%b2%d0%be%d1%80%d1%8b-%d0%be-%d0%b6%d0%b8%d0%b7%d0%bd%d0%b8-%d0%ba%d0%bd%d0%b8%d0%b3%d0%b0-%d0%b4%d0%bb%d1%8f-%d1%81%d1%82%d1%83%d0%b4%d0%b5%d0%bd%d1%82%d0%b0-%d1%83\/"},"modified":"2026-04-13T07:34:45","modified_gmt":"2026-04-13T04:34:45","slug":"%d1%80%d0%b0%d0%b7%d0%b3%d0%be%d0%b2%d0%be%d1%80%d1%8b-%d0%be-%d0%b6%d0%b8%d0%b7%d0%bd%d0%b8-%d0%ba%d0%bd%d0%b8%d0%b3%d0%b0-%d0%b4%d0%bb%d1%8f-%d1%81%d1%82%d1%83%d0%b4%d0%b5%d0%bd%d1%82%d0%b0-%d1%83","status":"publish","type":"product","link":"https:\/\/exlibris.ee\/en\/product\/%d1%80%d0%b0%d0%b7%d0%b3%d0%be%d0%b2%d0%be%d1%80%d1%8b-%d0%be-%d0%b6%d0%b8%d0%b7%d0%bd%d0%b8-%d0%ba%d0%bd%d0%b8%d0%b3%d0%b0-%d0%b4%d0%bb%d1%8f-%d1%81%d1%82%d1%83%d0%b4%d0%b5%d0%bd%d1%82%d0%b0-%d1%83\/","title":{"rendered":"\u0420\u0430\u0437\u0433\u043e\u0432\u043e\u0440\u044b \u043e \u0436\u0438\u0437\u043d\u0438. \u041a\u043d\u0438\u0433\u0430 \u0434\u043b\u044f \u0441\u0442\u0443\u0434\u0435\u043d\u0442\u0430 (\u0423\u0440\u043e\u0432\u0435\u043d\u044c B1). \u041f\u0435\u0440\u0435\u0438\u0437\u0434."},"content":{"rendered":"<p>&#8220;\u00d0\u0161\u00d0\u00bd\u00d0\u00b8\u00d0\u00b3\u00d0\u00b0 \u00d1\u0081\u00d1\u201a\u00d1\u0192\u00d0\u00b4\u00d0\u00b5\u00d0\u00bd\u00d1\u201a\u00d0\u00b0&#8221; \u00d0\u00ba\u00d0\u00b0\u00d0\u00ba \u00d1\u0081\u00d0\u00be\u00d1\u0081\u00d1\u201a\u00d0\u00b0\u00d0\u00b2\u00d0\u00bd\u00d0\u00b0\u00d1\u008f \u00d1\u2021\u00d0\u00b0\u00d1\u0081\u00d1\u201a\u00d1\u0152 \u00d1\u0192\u00d1\u2021\u00d0\u00b5\u00d0\u00b1\u00d0\u00bd\u00d0\u00be\u00d0\u00b3\u00d0\u00be \u00d0\u00ba\u00d0\u00be\u00d0\u00bc\u00d0\u00bf\u00d0\u00bb\u00d0\u00b5\u00d0\u00ba\u00d1\u0081\u00d0\u00b0 \u00d0\u00bf\u00d1\u20ac\u00d0\u00b5\u00d0\u00b4\u00d0\u00bd\u00d0\u00b0\u00d0\u00b7\u00d0\u00bd\u00d0\u00b0\u00d1\u2021\u00d0\u00b5\u00d0\u00bd\u00d0\u00b0 \u00d0\u00b4\u00d0\u00bb\u00d1\u008f \u00d0\u00b0\u00d1\u0192\u00d0\u00b4\u00d0\u00b8\u00d1\u201a\u00d0\u00be\u00d1\u20ac\u00d0\u00bd\u00d0\u00be\u00d0\u00b9 \u00d1\u20ac\u00d0\u00b0\u00d0\u00b1\u00d0\u00be\u00d1\u201a\u00d1\u2039 \u00d0\u00bf\u00d0\u00be\u00d0\u00b4 \u00d1\u20ac\u00d1\u0192\u00d0\u00ba\u00d0\u00be\u00d0\u00b2\u00d0\u00be\u00d0\u00b4\u00d1\u0081\u00d1\u201a\u00d0\u00b2\u00d0\u00be\u00d0\u00bc \u00d0\u00bf\u00d1\u20ac\u00d0\u00b5\u00d0\u00bf\u00d0\u00be\u00d0\u00b4\u00d0\u00b0\u00d0\u00b2\u00d0\u00b0\u00d1\u201a\u00d0\u00b5\u00d0\u00bb\u00d1\u008f. \u00d0\u00a2\u00d0\u00b5\u00d0\u00ba\u00d1\u0081\u00d1\u201a\u00d0\u00be\u00d0\u00b2\u00d1\u2039\u00d0\u00b9 \u00d0\u00bc\u00d0\u00b0\u00d1\u201a\u00d0\u00b5\u00d1\u20ac\u00d0\u00b8\u00d0\u00b0\u00d0\u00bb \u00d1\u0081\u00d0\u00b3\u00d1\u20ac\u00d1\u0192\u00d0\u00bf\u00d0\u00bf\u00d0\u00b8\u00d1\u20ac\u00d0\u00be\u00d0\u00b2\u00d0\u00b0\u00d0\u00bd \u00d0\u00bd\u00d0\u00b0 \u00d0\u00be\u00d1\u0081\u00d0\u00bd\u00d0\u00be\u00d0\u00b2\u00d0\u00b5 \u00d1\u0081\u00d0\u00b8\u00d1\u201a\u00d1\u0192\u00d0\u00b0\u00d1\u201a\u00d0\u00b8\u00d0\u00b2\u00d0\u00bd\u00d0\u00be-\u00d1\u201a\u00d0\u00b5\u00d0\u00bc\u00d0\u00b0\u00d1\u201a\u00d0\u00b8\u00d1\u2021\u00d0\u00b5\u00d1\u0081\u00d0\u00ba\u00d0\u00be\u00d0\u00b3\u00d0\u00be \u00d0\u00bf\u00d1\u20ac\u00d0\u00b8\u00d0\u00bd\u00d1\u2020\u00d0\u00b8\u00d0\u00bf\u00d0\u00b0. \u00d0\u00a2\u00d0\u00b5\u00d0\u00bc\u00d1\u2039 \u00d1\u0081\u00d0\u00b2\u00d1\u008f\u00d0\u00b7\u00d0\u00b0\u00d0\u00bd\u00d1\u2039 \u00d1\u0081 \u00d0\u00b6\u00d0\u00b8\u00d0\u00b7\u00d0\u00bd\u00d1\u0152\u00d1\u017d \u00d0\u00b8 \u00d0\u00bf\u00d1\u20ac\u00d0\u00be\u00d0\u00b1\u00d0\u00bb\u00d0\u00b5\u00d0\u00bc\u00d0\u00b0\u00d0\u00bc\u00d0\u00b8 \u00d1\u0081\u00d0\u00be\u00d0\u00b2\u00d1\u20ac\u00d0\u00b5\u00d0\u00bc\u00d0\u00b5\u00d0\u00bd\u00d0\u00bd\u00d1\u2039\u00d1\u2026 \u00d0\u00bb\u00d1\u017d\u00d0\u00b4\u00d0\u00b5\u00d0\u00b9: \u00d1\u0081\u00d0\u00b5\u00d0\u00bc\u00d1\u0152\u00d1\u008f, \u00d0\u00ba\u00d0\u00b0\u00d1\u20ac\u00d1\u0152\u00d0\u00b5\u00d1\u20ac\u00d0\u00b0, \u00d0\u00be\u00d1\u201a\u00d0\u00b4\u00d1\u2039\u00d1\u2026, \u00d0\u00be\u00d0\u00b1\u00d1\u2030\u00d0\u00b5\u00d0\u00bd\u00d0\u00b8\u00d0\u00b5. \u00d0\u00a2\u00d0\u00b5\u00d0\u00ba\u00d1\u0081\u00d1\u201a\u00d1\u2039 \u00d0\u00bc\u00d0\u00be\u00d0\u00b6\u00d0\u00bd\u00d0\u00be \u00d1\u20ac\u00d0\u00b0\u00d1\u0081\u00d1\u0081\u00d0\u00bc\u00d0\u00b0\u00d1\u201a\u00d1\u20ac\u00d0\u00b8\u00d0\u00b2\u00d0\u00b0\u00d1\u201a\u00d1\u0152 \u00d0\u00b2 \u00d0\u00ba\u00d0\u00b0\u00d1\u2021\u00d0\u00b5\u00d1\u0081\u00d1\u201a\u00d0\u00b2\u00d0\u00b5 \u00d1\u0081\u00d1\u201a\u00d1\u20ac\u00d0\u00b0\u00d1\u201a\u00d0\u00b5\u00d0\u00b3\u00d0\u00b8\u00d1\u2021\u00d0\u00b5\u00d1\u0081\u00d0\u00ba\u00d0\u00be\u00d0\u00b9 \u00d0\u00bf\u00d1\u20ac\u00d0\u00be\u00d0\u00b3\u00d1\u20ac\u00d0\u00b0\u00d0\u00bc\u00d0\u00bc\u00d1\u2039 \u00d0\u00bf\u00d0\u00be\u00d1\u0081\u00d1\u201a\u00d1\u20ac\u00d0\u00be\u00d0\u00b5\u00d0\u00bd\u00d0\u00b8\u00d1\u008f \u00d1\u0192\u00d1\u2021\u00d0\u00b0\u00d1\u2030\u00d0\u00b8\u00d0\u00bc\u00d0\u00b8\u00d1\u0081\u00d1\u008f \u00d1\u0081\u00d0\u00be\u00d0\u00b1\u00d1\u0081\u00d1\u201a\u00d0\u00b2\u00d0\u00b5\u00d0\u00bd\u00d0\u00bd\u00d1\u2039\u00d1\u2026 \u00d1\u20ac\u00d0\u00b5\u00d1\u2021\u00d0\u00b5\u00d0\u00b2\u00d1\u2039\u00d1\u2026 \u00d0\u00bf\u00d1\u20ac\u00d0\u00be\u00d0\u00b8\u00d0\u00b7\u00d0\u00b2\u00d0\u00b5\u00d0\u00b4\u00d0\u00b5\u00d0\u00bd\u00d0\u00b8\u00d0\u00b9. \u00d0\u00a1\u00d1\u201a\u00d1\u20ac\u00d1\u0192\u00d0\u00ba\u00d1\u201a\u00d1\u0192\u00d1\u20ac\u00d0\u00b0 \u00d1\u201a\u00d0\u00b5\u00d0\u00ba\u00d1\u0081\u00d1\u201a\u00d0\u00be\u00d0\u00b2 \u00d0\u00b4\u00d0\u00b0\u00d0\u00b5\u00d1\u201a \u00d0\u00b2\u00d0\u00be\u00d0\u00b7\u00d0\u00bc\u00d0\u00be\u00d0\u00b6\u00d0\u00bd\u00d0\u00be\u00d1\u0081\u00d1\u201a\u00d1\u0152 \u00d0\u00be\u00d1\u0081\u00d1\u0192\u00d1\u2030\u00d0\u00b5\u00d1\u0081\u00d1\u201a\u00d0\u00b2\u00d0\u00bb\u00d1\u008f\u00d1\u201a\u00d1\u0152 \u00d1\u0081 \u00d0\u00bd\u00d0\u00b8\u00d0\u00bc\u00d0\u00b8 \u00d1\u20ac\u00d0\u00b0\u00d0\u00b7\u00d0\u00bd\u00d1\u2039\u00d0\u00b5 \u00d0\u00be\u00d0\u00bf\u00d0\u00b5\u00d1\u20ac\u00d0\u00b0\u00d1\u2020\u00d0\u00b8\u00d0\u00b8: \u00d0\u00b2\u00d1\u2039\u00d1\u2021\u00d0\u00bb\u00d0\u00b5\u00d0\u00bd\u00d1\u008f\u00d1\u201a\u00d1\u0152 \u00d0\u00b8\u00d0\u00bd\u00d1\u201e\u00d0\u00be\u00d1\u20ac\u00d0\u00bc\u00d0\u00b0\u00d1\u2020\u00d0\u00b8\u00d1\u017d, \u00d0\u00bf\u00d0\u00b5\u00d1\u20ac\u00d0\u00b5\u00d1\u0081\u00d0\u00ba\u00d0\u00b0\u00d0\u00b7\u00d1\u2039\u00d0\u00b2\u00d0\u00b0\u00d1\u201a\u00d1\u0152 \u00d0\u00be\u00d1\u201a \u00d0\u00b8\u00d0\u00bc\u00d0\u00b5\u00d0\u00bd\u00d0\u00b8 \u00d0\u00bf\u00d0\u00b5\u00d1\u20ac\u00d1\u0081\u00d0\u00be\u00d0\u00bd\u00d0\u00b0\u00d0\u00b6\u00d0\u00b5\u00d0\u00b9, \u00d1\u201a\u00d1\u20ac\u00d0\u00b0\u00d0\u00bd\u00d1\u0081\u00d1\u201e\u00d0\u00be\u00d1\u20ac\u00d0\u00bc\u00d0\u00b8\u00d1\u20ac\u00d0\u00be\u00d0\u00b2\u00d0\u00b0\u00d1\u201a\u00d1\u0152 \u00d0\u00b8\u00d0\u00b7 \u00d0\u00bc\u00d0\u00be\u00d0\u00bd\u00d0\u00be\u00d0\u00bb\u00d0\u00be\u00d0\u00b3\u00d0\u00b0 \u00d0\u00b2 \u00d0\u00b4\u00d0\u00b8\u00d0\u00b0\u00d0\u00bb\u00d0\u00be\u00d0\u00b3 \u00d0\u00b8 \u00d0\u00bd\u00d0\u00b0\u00d0\u00be\u00d0\u00b1\u00d0\u00be\u00d1\u20ac\u00d0\u00be\u00d1\u201a. \u00d0\u00a1\u00d0\u00b8\u00d1\u0081\u00d1\u201a\u00d0\u00b5\u00d0\u00bc\u00d0\u00b0 \u00d0\u00b7\u00d0\u00b0\u00d0\u00b4\u00d0\u00b0\u00d0\u00bd\u00d0\u00b8\u00d0\u00b9 \u00d0\u00bd\u00d0\u00b0\u00d0\u00bf\u00d1\u20ac\u00d0\u00b0\u00d0\u00b2\u00d0\u00bb\u00d0\u00b5\u00d0\u00bd\u00d0\u00b0 \u00d0\u00bd\u00d0\u00b0 \u00d1\u20ac\u00d0\u00b0\u00d0\u00b7\u00d0\u00b2\u00d0\u00b8\u00d1\u201a\u00d0\u00b8\u00d0\u00b5 \u00d0\u00bd\u00d0\u00b0\u00d0\u00b2\u00d1\u2039\u00d0\u00ba\u00d0\u00be\u00d0\u00b2 \u00d1\u0192\u00d1\u0081\u00d1\u201a\u00d0\u00bd\u00d0\u00be\u00d0\u00b9 \u00d1\u20ac\u00d0\u00b5\u00d1\u2021\u00d0\u00b8, \u00d0\u00b7\u00d0\u00b0\u00d0\u00ba\u00d1\u20ac\u00d0\u00b5\u00d0\u00bf\u00d0\u00bb\u00d0\u00b5\u00d0\u00bd\u00d0\u00b8\u00d0\u00b5 \u00d0\u00bc\u00d0\u00be\u00d1\u20ac\u00d1\u201e\u00d0\u00be\u00d0\u00bb\u00d0\u00be\u00d0\u00b3\u00d0\u00be-\u00d1\u0081\u00d0\u00b8\u00d0\u00bd\u00d1\u201a\u00d0\u00b0\u00d0\u00ba\u00d1\u0081\u00d0\u00b8\u00d1\u2021\u00d0\u00b5\u00d1\u0081\u00d0\u00ba\u00d0\u00b8\u00d1\u2026 \u00d0\u00b8 \u00d0\u00bb\u00d0\u00b5\u00d0\u00ba\u00d1\u0081\u00d0\u00b8\u00d1\u2021\u00d0\u00b5\u00d1\u0081\u00d0\u00ba\u00d0\u00b8\u00d1\u2026 \u00d0\u00b7\u00d0\u00bd\u00d0\u00b0\u00d0\u00bd\u00d0\u00b8\u00d0\u00b9, \u00d0\u00b0\u00d0\u00ba\u00d1\u201a\u00d0\u00b8\u00d0\u00b2\u00d0\u00b8\u00d0\u00b7\u00d0\u00b0\u00d1\u2020\u00d0\u00b8\u00d1\u017d \u00d0\u00b0\u00d0\u00bd\u00d0\u00b0\u00d0\u00bb\u00d0\u00b8\u00d1\u201a\u00d0\u00b8\u00d1\u2021\u00d0\u00b5\u00d1\u0081\u00d0\u00ba\u00d0\u00b8\u00d1\u2026 \u00d0\u00b2\u00d0\u00be\u00d0\u00b7\u00d0\u00bc\u00d0\u00be\u00d0\u00b6\u00d0\u00bd\u00d0\u00be\u00d1\u0081\u00d1\u201a\u00d0\u00b5\u00d0\u00b9 \u00d1\u0192\u00d1\u2021\u00d0\u00b0\u00d1\u2030\u00d0\u00b8\u00d1\u2026\u00d1\u0081\u00d1\u008f. \u00d0\u0178\u00d1\u20ac\u00d0\u00b8\u00d0\u00bb\u00d0\u00b0\u00d0\u00b3\u00d0\u00b0\u00d0\u00b5\u00d1\u201a\u00d1\u0081\u00d1\u008f CD.<\/p>\n<p>\u00d0\u00a1\u00d0\u00be\u00d0\u00b4\u00d0\u00b5\u00d1\u20ac\u00d0\u00b6\u00d0\u00b8\u00d1\u201a\u00d1\u0081\u00d1\u008f \u00d0\u00bf\u00d0\u00be\u00d1\u0192\u00d1\u20ac\u00d0\u00be\u00d1\u2021\u00d0\u00bd\u00d1\u2039\u00d0\u00b9 \u00d1\u0081\u00d0\u00bb\u00d0\u00be\u00d0\u00b2\u00d0\u00b0\u00d1\u20ac\u00d1\u0152 \u00d1\u0081 \u00d0\u00bf\u00d0\u00b5\u00d1\u20ac\u00d0\u00b5\u00d0\u00b2\u00d0\u00be\u00d0\u00b4\u00d0\u00be\u00d0\u00bc \u00d1\u0081\u00d0\u00bb\u00d0\u00be\u00d0\u00b2 \u00d0\u00bd\u00d0\u00b0 \u00d0\u00b0\u00d0\u00bd\u00d0\u00b3\u00d0\u00bb\u00d0\u00b8\u00d0\u00b9\u00d1\u0081\u00d0\u00ba\u00d0\u00b8\u00d0\u00b9, \u00d1\u201e\u00d1\u20ac\u00d0\u00b0\u00d0\u00bd\u00d1\u2020\u00d1\u0192\u00d0\u00b7\u00d1\u0081\u00d0\u00ba\u00d0\u00b8\u00d0\u00b9 \u00d0\u00b8 \u00d0\u00b8\u00d1\u0081\u00d0\u00bf\u00d0\u00b0\u00d0\u00bd\u00d1\u0081\u00d0\u00ba\u00d0\u00b8\u00d0\u00b9 \u00d1\u008f\u00d0\u00b7\u00d1\u2039\u00d0\u00ba\u00d0\u00b8.<\/p>\n","protected":false},"excerpt":{"rendered":"<p>&#8220;\u00d0\u0161\u00d0\u00bd\u00d0\u00b8\u00d0\u00b3\u00d0\u00b0 \u00d1\u0081\u00d1\u201a\u00d1\u0192\u00d0\u00b4\u00d0\u00b5\u00d0\u00bd\u00d1\u201a\u00d0\u00b0&#8221; \u00d0\u00ba\u00d0\u00b0\u00d0\u00ba \u00d1\u0081\u00d0\u00be\u00d1\u0081\u00d1\u201a\u00d0\u00b0\u00d0\u00b2\u00d0\u00bd\u00d0\u00b0\u00d1\u008f \u00d1\u2021\u00d0\u00b0\u00d1\u0081\u00d1\u201a\u00d1\u0152 \u00d1\u0192\u00d1\u2021\u00d0\u00b5\u00d0\u00b1\u00d0\u00bd\u00d0\u00be\u00d0\u00b3\u00d0\u00be \u00d0\u00ba\u00d0\u00be\u00d0\u00bc\u00d0\u00bf\u00d0\u00bb\u00d0\u00b5\u00d0\u00ba\u00d1\u0081\u00d0\u00b0 \u00d0\u00bf\u00d1\u20ac\u00d0\u00b5\u00d0\u00b4\u00d0\u00bd\u00d0\u00b0\u00d0\u00b7\u00d0\u00bd\u00d0\u00b0\u00d1\u2021\u00d0\u00b5\u00d0\u00bd\u00d0\u00b0 \u00d0\u00b4\u00d0\u00bb\u00d1\u008f \u00d0\u00b0\u00d1\u0192\u00d0\u00b4\u00d0\u00b8\u00d1\u201a\u00d0\u00be\u00d1\u20ac\u00d0\u00bd\u00d0\u00be\u00d0\u00b9 \u00d1\u20ac\u00d0\u00b0\u00d0\u00b1\u00d0\u00be\u00d1\u201a\u00d1\u2039 \u00d0\u00bf\u00d0\u00be\u00d0\u00b4 \u00d1\u20ac\u00d1\u0192\u00d0\u00ba\u00d0\u00be\u00d0\u00b2\u00d0\u00be\u00d0\u00b4\u00d1\u0081\u00d1\u201a\u00d0\u00b2\u00d0\u00be\u00d0\u00bc \u00d0\u00bf\u00d1\u20ac\u00d0\u00b5\u00d0\u00bf\u00d0\u00be\u00d0\u00b4\u00d0\u00b0\u00d0\u00b2\u00d0\u00b0\u00d1\u201a\u00d0\u00b5\u00d0\u00bb\u00d1\u008f. \u00d0\u00a2\u00d0\u00b5\u00d0\u00ba\u00d1\u0081\u00d1\u201a\u00d0\u00be\u00d0\u00b2\u00d1\u2039\u00d0\u00b9 \u00d0\u00bc\u00d0\u00b0\u00d1\u201a\u00d0\u00b5\u00d1\u20ac\u00d0\u00b8\u00d0\u00b0\u00d0\u00bb \u00d1\u0081\u00d0\u00b3\u00d1\u20ac\u00d1\u0192\u00d0\u00bf\u00d0\u00bf\u00d0\u00b8\u00d1\u20ac\u00d0\u00be\u00d0\u00b2\u00d0\u00b0\u00d0\u00bd \u00d0\u00bd\u00d0\u00b0 \u00d0\u00be\u00d1\u0081\u00d0\u00bd\u00d0\u00be\u00d0\u00b2\u00d0\u00b5 \u00d1\u0081\u00d0\u00b8\u00d1\u201a\u00d1\u0192\u00d0\u00b0\u00d1\u201a\u00d0\u00b8\u00d0\u00b2\u00d0\u00bd\u00d0\u00be-\u00d1\u201a\u00d0\u00b5\u00d0\u00bc\u00d0\u00b0\u00d1\u201a\u00d0\u00b8\u00d1\u2021\u00d0\u00b5\u00d1\u0081\u00d0\u00ba\u00d0\u00be\u00d0\u00b3\u00d0\u00be \u00d0\u00bf\u00d1\u20ac\u00d0\u00b8\u00d0\u00bd\u00d1\u2020\u00d0\u00b8\u00d0\u00bf\u00d0\u00b0. \u00d0\u00a2\u00d0\u00b5\u00d0\u00bc\u00d1\u2039 \u00d1\u0081\u00d0\u00b2\u00d1\u008f\u00d0\u00b7\u00d0\u00b0\u00d0\u00bd\u00d1\u2039 \u00d1\u0081 \u00d0\u00b6\u00d0\u00b8\u00d0\u00b7\u00d0\u00bd\u00d1\u0152\u00d1\u017d \u00d0\u00b8 \u00d0\u00bf\u00d1\u20ac\u00d0\u00be\u00d0\u00b1\u00d0\u00bb\u00d0\u00b5\u00d0\u00bc\u00d0\u00b0\u00d0\u00bc\u00d0\u00b8 \u00d1\u0081\u00d0\u00be\u00d0\u00b2\u00d1\u20ac\u00d0\u00b5\u00d0\u00bc\u00d0\u00b5\u00d0\u00bd\u00d0\u00bd\u00d1\u2039\u00d1\u2026 \u00d0\u00bb\u00d1\u017d\u00d0\u00b4\u00d0\u00b5\u00d0\u00b9: \u00d1\u0081\u00d0\u00b5\u00d0\u00bc\u00d1\u0152\u00d1\u008f, \u00d0\u00ba\u00d0\u00b0\u00d1\u20ac\u00d1\u0152\u00d0\u00b5\u00d1\u20ac\u00d0\u00b0, \u00d0\u00be\u00d1\u201a\u00d0\u00b4\u00d1\u2039\u00d1\u2026, \u00d0\u00be\u00d0\u00b1\u00d1\u2030\u00d0\u00b5\u00d0\u00bd\u00d0\u00b8\u00d0\u00b5. \u00d0\u00a2\u00d0\u00b5\u00d0\u00ba\u00d1\u0081\u00d1\u201a\u00d1\u2039 \u00d0\u00bc\u00d0\u00be\u00d0\u00b6\u00d0\u00bd\u00d0\u00be \u00d1\u20ac\u00d0\u00b0\u00d1\u0081\u00d1\u0081\u00d0\u00bc\u00d0\u00b0\u00d1\u201a\u00d1\u20ac\u00d0\u00b8\u00d0\u00b2\u00d0\u00b0\u00d1\u201a\u00d1\u0152 \u00d0\u00b2 \u00d0\u00ba\u00d0\u00b0\u00d1\u2021\u00d0\u00b5\u00d1\u0081\u00d1\u201a\u00d0\u00b2\u00d0\u00b5 \u00d1\u0081\u00d1\u201a\u00d1\u20ac\u00d0\u00b0\u00d1\u201a\u00d0\u00b5\u00d0\u00b3\u00d0\u00b8\u00d1\u2021\u00d0\u00b5\u00d1\u0081\u00d0\u00ba\u00d0\u00be\u00d0\u00b9 \u00d0\u00bf\u00d1\u20ac\u00d0\u00be\u00d0\u00b3\u00d1\u20ac\u00d0\u00b0\u00d0\u00bc\u00d0\u00bc\u00d1\u2039&#8230;<\/p>\n","protected":false},"featured_media":0,"template":"","meta":{"_acf_changed":false,"inline_featured_image":false},"product_brand":[],"product_cat":[331],"product_tag":[],"series":[{"id":653,"name":"\u0420\u0430\u0437\u0433\u043e\u0432\u043e\u0440\u044b \u043e \u0436\u0438\u0437\u043d\u0438","slug":"razgovory-o-zhizni"}],"publisher":[{"id":342,"name":"\u0420\u0443\u0441\u0441\u043a\u0438\u0439 \u044f\u0437\u044b\u043a \u041a\u0443\u0440\u0441\u044b","slug":"%d1%80%d1%83%d1%81%d1%81%d0%ba%d0%b8%d0%b9-%d1%8f%d0%b7%d1%8b%d0%ba-%d0%ba%d1%83%d1%80%d1%81%d1%8b"}],"class_list":{"0":"post-21685","1":"product","2":"type-product","3":"status-publish","5":"product_cat-331","6":"series-razgovory-o-zhizni","7":"publisher-342","9":"first","10":"onbackorder","11":"taxable","12":"shipping-taxable","13":"purchasable","14":"product-type-simple"},"acf":[],"_links":{"self":[{"href":"https:\/\/exlibris.ee\/en\/wp-json\/wp\/v2\/product\/21685","targetHints":{"allow":["GET"]}}],"collection":[{"href":"https:\/\/exlibris.ee\/en\/wp-json\/wp\/v2\/product"}],"about":[{"href":"https:\/\/exlibris.ee\/en\/wp-json\/wp\/v2\/types\/product"}],"wp:attachment":[{"href":"https:\/\/exlibris.ee\/en\/wp-json\/wp\/v2\/media?parent=21685"}],"wp:term":[{"taxonomy":"product_brand","embeddable":true,"href":"https:\/\/exlibris.ee\/en\/wp-json\/wp\/v2\/product_brand?post=21685"},{"taxonomy":"product_cat","embeddable":true,"href":"https:\/\/exlibris.ee\/en\/wp-json\/wp\/v2\/product_cat?post=21685"},{"taxonomy":"product_tag","embeddable":true,"href":"https:\/\/exlibris.ee\/en\/wp-json\/wp\/v2\/product_tag?post=21685"},{"taxonomy":"series","embeddable":true,"href":"https:\/\/exlibris.ee\/en\/wp-json\/wp\/v2\/series?post=21685"},{"taxonomy":"publisher","embeddable":true,"href":"https:\/\/exlibris.ee\/en\/wp-json\/wp\/v2\/publisher?post=21685"}],"curies":[{"name":"wp","href":"https:\/\/api.w.org\/{rel}","templated":true}]}}