{"id":21827,"date":"2023-02-28T11:11:04","date_gmt":"2023-02-28T09:11:04","guid":{"rendered":"https:\/\/exlibris.ee\/toode\/sairaan-hyvaa-suomea\/"},"modified":"2026-04-14T23:17:14","modified_gmt":"2026-04-14T20:17:14","slug":"sairaan-hyvaa-suomea","status":"publish","type":"product","link":"https:\/\/exlibris.ee\/en\/product\/sairaan-hyvaa-suomea\/","title":{"rendered":"Sairaan hyv\u00e4\u00e4 suomea"},"content":{"rendered":"<p>Sairaan hyv\u00e4\u00e4 suomea on oppikirja terveysalan ammattilaisille ja opiskelijoille, joille suomi on toinen kieli. Kirja on vastaus vauhdikkaasti monikulttuuristuvan ty\u00f6el\u00e4m\u00e4n haasteisiin. Sen tunnusmerkkej\u00e4 ovat k\u00e4yt\u00e4nn\u00f6nl\u00e4heisyys ja ammatillisuus.<\/p>\n<p>Opiskelija p\u00e4\u00e4see &#8220;kielikylpyyn&#8221; muun muassa terveydenhoitajan, l\u00e4\u00e4k\u00e4rin, fysioterapeutin ja homeopaatin vastaanotolle. Tekstit ovat puhekielisi\u00e4. Yleiskielt\u00e4 harjoitellaan runsaasti teht\u00e4viss\u00e4. Mukana on my\u00f6s paljon vuorovaikutteisia puhe- ja sosiodraamaharjoituksia. Tekstien yhteyteen sijoitetut sanastot helpottavat opiskelua.<\/p>\n<p>Sairaan hyv\u00e4\u00e4 suomea sopii parhaiten opettajan johdolla tapahtuvaan ryhm\u00e4opetukseen. Edistyneemm\u00e4t opiskelijat voivat k\u00e4ytt\u00e4\u00e4 kirjaa my\u00f6s itseopiskeluun.<\/p>\n","protected":false},"excerpt":{"rendered":"<p>Sairaan hyv\u00e4\u00e4 suomea on oppikirja terveysalan ammattilaisille ja opiskelijoille, joille suomi on toinen kieli. Kirja on vastaus vauhdikkaasti monikulttuuristuvan ty\u00f6el\u00e4m\u00e4n haasteisiin. Sen tunnusmerkkej\u00e4 ovat k\u00e4yt\u00e4nn\u00f6nl\u00e4heisyys ja ammatillisuus. Opiskelija p\u00e4\u00e4see &#8220;kielikylpyyn&#8221; muun muassa terveydenhoitajan, l\u00e4\u00e4k\u00e4rin, fysioterapeutin ja homeopaatin vastaanotolle. Tekstit ovat&#8230;<\/p>\n","protected":false},"featured_media":105922,"template":"","meta":{"_acf_changed":false,"inline_featured_image":false},"product_brand":[],"product_cat":[673],"product_tag":[],"series":[{"id":676,"name":"Sairaan hyv\u00e4\u00e4 suomea","slug":"sairaan-hyvaa-suomea"}],"publisher":[{"id":677,"name":"EDITA","slug":"edita"}],"class_list":{"0":"post-21827","1":"product","2":"type-product","3":"status-publish","4":"has-post-thumbnail","6":"product_cat-soome-keel","7":"series-sairaan-hyvaa-suomea","8":"publisher-edita","10":"first","11":"instock","12":"taxable","13":"shipping-taxable","14":"purchasable","15":"product-type-simple"},"acf":[],"_links":{"self":[{"href":"https:\/\/exlibris.ee\/en\/wp-json\/wp\/v2\/product\/21827","targetHints":{"allow":["GET"]}}],"collection":[{"href":"https:\/\/exlibris.ee\/en\/wp-json\/wp\/v2\/product"}],"about":[{"href":"https:\/\/exlibris.ee\/en\/wp-json\/wp\/v2\/types\/product"}],"wp:featuredmedia":[{"embeddable":true,"href":"https:\/\/exlibris.ee\/en\/wp-json\/wp\/v2\/media\/105922"}],"wp:attachment":[{"href":"https:\/\/exlibris.ee\/en\/wp-json\/wp\/v2\/media?parent=21827"}],"wp:term":[{"taxonomy":"product_brand","embeddable":true,"href":"https:\/\/exlibris.ee\/en\/wp-json\/wp\/v2\/product_brand?post=21827"},{"taxonomy":"product_cat","embeddable":true,"href":"https:\/\/exlibris.ee\/en\/wp-json\/wp\/v2\/product_cat?post=21827"},{"taxonomy":"product_tag","embeddable":true,"href":"https:\/\/exlibris.ee\/en\/wp-json\/wp\/v2\/product_tag?post=21827"},{"taxonomy":"series","embeddable":true,"href":"https:\/\/exlibris.ee\/en\/wp-json\/wp\/v2\/series?post=21827"},{"taxonomy":"publisher","embeddable":true,"href":"https:\/\/exlibris.ee\/en\/wp-json\/wp\/v2\/publisher?post=21827"}],"curies":[{"name":"wp","href":"https:\/\/api.w.org\/{rel}","templated":true}]}}