{"id":21891,"date":"2023-02-28T11:11:28","date_gmt":"2023-02-28T09:11:28","guid":{"rendered":"https:\/\/exlibris.ee\/toode\/minu-eesti-keel-vene-koolile-8-klass-opik\/"},"modified":"2026-04-14T23:29:10","modified_gmt":"2026-04-14T20:29:10","slug":"minu-eesti-keel-vene-koolile-8-klass-opik","status":"publish","type":"product","link":"https:\/\/exlibris.ee\/en\/product\/minu-eesti-keel-vene-koolile-8-klass-opik\/","title":{"rendered":"MINU EESTI KEEL \u0423\u0447\u0435\u0431\u043d\u0438\u043a \u044d\u0441\u0442\u043e\u043d\u0441\u043a\u043e\u0433\u043e \u044f\u0437\u044b\u043a\u0430  \u0434\u043b\u044f \u0440\u0443\u0441\u0441\u043a\u043e\u044f\u0437\u044b\u0447\u043d\u044b\u0445 \u0434\u0435\u0442\u0435\u0439 8 \u043a\u043b\u0430\u0441\u0441\u0430."},"content":{"rendered":"<p>&#8220;Vene koolide eesti keele 8. klassi \u00f5ppekomplekt \u201eMinu eesti keel\u201c. \u00d5ppekomplekti \u201eMinu eesti keel\u201c kuuluvad: \u00f5pik, t\u00f6\u00f6vihik, s\u00f5nastik; \u00f5petajaraamat lahtiste t\u00f6\u00f6lehtedega (t\u00f5lkeharjutused, tunnikontrollid, kontrollt\u00f6\u00f6d, k\u00fcsimus- ja vastuskaardid, m\u00e4ngukaardid, lauam\u00e4ngud);helisalvestised, esitlusmaterjalid (uus s\u00f5navara, tunnikontrollid, t\u00f5lkeharjutused, grammatikateemad), \u00f5ppe -ja grammatikavideod, riputatavad grammatikatabelid ning digiharjutused. \u00d5pik: 8. klassi \u00f5pikus on peamiselt Eestit tutvustavad s\u00f5navarateemad: paigad, ilm, vaatamisv\u00e4\u00e4rsused, tuntud inimesed, muuseumid, teatrid, muusika, kino, kohvikud, t\u00e4htp\u00e4evad. Neile lisanduvad grammatikat k\u00e4sitlevad teemad: mitmuse omastav k\u00e4\u00e4ne, mitmuse k\u00e4\u00e4nded, t\u00e4isminevik, umbisikuline tegumood, l\u00f5ksud. Kokku on \u00f5pikus 18 teemat, millest viis on seotud grammatikaga. T\u00f6\u00f6vihik T\u00f6\u00f6vihiku eri t\u00fc\u00fcpi harjutused toetavad \u00f5piku materjali, kus kinnistatakse 8. klassis \u00f5pitavat s\u00f5navara ja grammatikat. S\u00f5nastik Iga t\u00f6\u00f6vihikuga on kaasas eesti-vene ja vene-eesti s\u00f5nastik, mis j\u00e4\u00e4b \u00f5pilastele. Selles s\u00f5nastikus on k\u00f5igi 1.\u20138. klassis \u00f5pitud s\u00f5nade kolm peavormi ning tud-vorm. \u00d5petajaraamat \u00d5petajaraamatus on selgitused selle juurde kuuluvate lahtiste t\u00f6\u00f6lehtede ning \u00f5piku ja t\u00f6\u00f6vihiku nende harjutuste kohta, mille t\u00f6\u00f6juhendi juures on vastav m\u00e4rge. \u00d5petajaraamatu l\u00f5pus on 8. klassi t\u00f6\u00f6kava ja kalenderplaan (I\u2013V periood). Lisa T\u00f6\u00f6lehed \u00d5petajaraamatuga on kaasas lahtised t\u00f6\u00f6lehed, kus on \u00f5piku teemadega seotud t\u00f5lkeharjutused, tunnikontrollid, kontrollt\u00f6\u00f6d, k\u00fcsimus- ja vastuskaardid, m\u00e4ngukaardid ja lauam\u00e4ngud. Esitlused K\u00f5ik 8. klassi esitlusmaterjalid leiab \u00f5petaja kodulehelt www.kirjatark.ee, mille parool on \u00f5petajaraamatus. Esitlusmaterjalides on uut s\u00f5navara kinnistavad harjutused, tunnikontrollid, t\u00f5lkeharjutused ja grammatikateemad. Videod Grammatikatabelid \u00d5petajaraamatuga on kaasas kaks grammatikatabelit: t\u00e4isminevik ja umbisikuline tegumood.<\/p>\n","protected":false},"excerpt":{"rendered":"<p>&#8220;Vene koolide eesti keele 8. klassi \u00f5ppekomplekt \u201eMinu eesti keel\u201c. \u00d5ppekomplekti \u201eMinu eesti keel\u201c kuuluvad: \u00f5pik, t\u00f6\u00f6vihik, s\u00f5nastik; \u00f5petajaraamat lahtiste t\u00f6\u00f6lehtedega (t\u00f5lkeharjutused, tunnikontrollid, kontrollt\u00f6\u00f6d, k\u00fcsimus- ja vastuskaardid, m\u00e4ngukaardid, lauam\u00e4ngud);helisalvestised, esitlusmaterjalid (uus s\u00f5navara, tunnikontrollid, t\u00f5lkeharjutused, grammatikateemad), \u00f5ppe -ja grammatikavideod, riputatavad grammatikatabelid&#8230;<\/p>\n","protected":false},"featured_media":273383,"template":"","meta":{"_acf_changed":false,"inline_featured_image":false},"product_brand":[],"product_cat":[699],"product_tag":[],"series":[{"id":700,"name":"MINU EESTI KEEL vene koolile","slug":"minu-eesti-keel-vene-koolile"}],"publisher":[{"id":701,"name":"Kirjatark O\u00dc","slug":"kirjatark-ou"}],"class_list":{"0":"post-21891","1":"product","2":"type-product","3":"status-publish","4":"has-post-thumbnail","6":"product_cat-opikud-lastele-ja-noortele","7":"series-minu-eesti-keel-vene-koolile","8":"publisher-kirjatark-ou","10":"first","11":"instock","12":"taxable","13":"shipping-taxable","14":"purchasable","15":"product-type-simple"},"acf":[],"_links":{"self":[{"href":"https:\/\/exlibris.ee\/en\/wp-json\/wp\/v2\/product\/21891","targetHints":{"allow":["GET"]}}],"collection":[{"href":"https:\/\/exlibris.ee\/en\/wp-json\/wp\/v2\/product"}],"about":[{"href":"https:\/\/exlibris.ee\/en\/wp-json\/wp\/v2\/types\/product"}],"wp:featuredmedia":[{"embeddable":true,"href":"https:\/\/exlibris.ee\/en\/wp-json\/wp\/v2\/media\/273383"}],"wp:attachment":[{"href":"https:\/\/exlibris.ee\/en\/wp-json\/wp\/v2\/media?parent=21891"}],"wp:term":[{"taxonomy":"product_brand","embeddable":true,"href":"https:\/\/exlibris.ee\/en\/wp-json\/wp\/v2\/product_brand?post=21891"},{"taxonomy":"product_cat","embeddable":true,"href":"https:\/\/exlibris.ee\/en\/wp-json\/wp\/v2\/product_cat?post=21891"},{"taxonomy":"product_tag","embeddable":true,"href":"https:\/\/exlibris.ee\/en\/wp-json\/wp\/v2\/product_tag?post=21891"},{"taxonomy":"series","embeddable":true,"href":"https:\/\/exlibris.ee\/en\/wp-json\/wp\/v2\/series?post=21891"},{"taxonomy":"publisher","embeddable":true,"href":"https:\/\/exlibris.ee\/en\/wp-json\/wp\/v2\/publisher?post=21891"}],"curies":[{"name":"wp","href":"https:\/\/api.w.org\/{rel}","templated":true}]}}