{"id":21892,"date":"2023-02-28T11:11:28","date_gmt":"2023-02-28T09:11:28","guid":{"rendered":"https:\/\/exlibris.ee\/toode\/minu-eesti-keel-vene-koolile-8-klass-tvsonastik\/"},"modified":"2026-04-05T19:38:44","modified_gmt":"2026-04-05T16:38:44","slug":"minu-eesti-keel-vene-koolile-8-klass-tvsonastik","status":"publish","type":"product","link":"https:\/\/exlibris.ee\/en\/product\/minu-eesti-keel-vene-koolile-8-klass-tvsonastik\/","title":{"rendered":"MINU EESTI KEEL  \u0420\u0430\u0431\u043e\u0447\u0430\u044f \u0442\u0435\u0442\u0440\u0430\u0434\u044c + \u0441\u043b\u043e\u0432\u0430\u0440\u044c  \u043a \u0443\u0447\u0435\u0431\u043d\u0438\u043a\u0443 \u044d\u0441\u0442\u043e\u043d\u0441\u043a\u043e\u0433\u043e \u044f\u0437\u044b\u043a\u0430 \u0434\u043b\u044f 8-\u0433\u043e \u043a\u043b\u0430\u0441\u0441\u0430"},"content":{"rendered":"<p>T\u00f6\u00f6vihik T\u00f6\u00f6vihiku eri t\u00fc\u00fcpi harjutused toetavad \u00f5piku materjali, kus kinnistatakse 8. klassis \u00f5pitavat s\u00f5navara ja grammatikat. S\u00f5nastik Iga t\u00f6\u00f6vihikuga on kaasas eesti-vene ja vene-eesti s\u00f5nastik, mis j\u00e4\u00e4b \u00f5pilastele. Selles s\u00f5nastikus on k\u00f5igi 1.\u20138. klassis \u00f5pitud s\u00f5nade kolm peavormi ning tud-vorm.<\/p>\n","protected":false},"excerpt":{"rendered":"<p>T\u00f6\u00f6vihik T\u00f6\u00f6vihiku eri t\u00fc\u00fcpi harjutused toetavad \u00f5piku materjali, kus kinnistatakse 8. klassis \u00f5pitavat s\u00f5navara ja grammatikat. S\u00f5nastik Iga t\u00f6\u00f6vihikuga on kaasas eesti-vene ja vene-eesti s\u00f5nastik, mis j\u00e4\u00e4b \u00f5pilastele. Selles s\u00f5nastikus on k\u00f5igi 1.\u20138. klassis \u00f5pitud s\u00f5nade kolm peavormi ning tud-vorm.<\/p>\n","protected":false},"featured_media":75891,"template":"","meta":{"_acf_changed":false,"inline_featured_image":false},"product_brand":[],"product_cat":[699],"product_tag":[],"series":[{"id":700,"name":"MINU EESTI KEEL vene koolile","slug":"minu-eesti-keel-vene-koolile"}],"publisher":[{"id":701,"name":"Kirjatark O\u00dc","slug":"kirjatark-ou"}],"class_list":{"0":"post-21892","1":"product","2":"type-product","3":"status-publish","4":"has-post-thumbnail","6":"product_cat-opikud-lastele-ja-noortele","7":"series-minu-eesti-keel-vene-koolile","8":"publisher-kirjatark-ou","10":"first","11":"instock","12":"taxable","13":"shipping-taxable","14":"purchasable","15":"product-type-simple"},"acf":[],"_links":{"self":[{"href":"https:\/\/exlibris.ee\/en\/wp-json\/wp\/v2\/product\/21892","targetHints":{"allow":["GET"]}}],"collection":[{"href":"https:\/\/exlibris.ee\/en\/wp-json\/wp\/v2\/product"}],"about":[{"href":"https:\/\/exlibris.ee\/en\/wp-json\/wp\/v2\/types\/product"}],"wp:featuredmedia":[{"embeddable":true,"href":"https:\/\/exlibris.ee\/en\/wp-json\/wp\/v2\/media\/75891"}],"wp:attachment":[{"href":"https:\/\/exlibris.ee\/en\/wp-json\/wp\/v2\/media?parent=21892"}],"wp:term":[{"taxonomy":"product_brand","embeddable":true,"href":"https:\/\/exlibris.ee\/en\/wp-json\/wp\/v2\/product_brand?post=21892"},{"taxonomy":"product_cat","embeddable":true,"href":"https:\/\/exlibris.ee\/en\/wp-json\/wp\/v2\/product_cat?post=21892"},{"taxonomy":"product_tag","embeddable":true,"href":"https:\/\/exlibris.ee\/en\/wp-json\/wp\/v2\/product_tag?post=21892"},{"taxonomy":"series","embeddable":true,"href":"https:\/\/exlibris.ee\/en\/wp-json\/wp\/v2\/series?post=21892"},{"taxonomy":"publisher","embeddable":true,"href":"https:\/\/exlibris.ee\/en\/wp-json\/wp\/v2\/publisher?post=21892"}],"curies":[{"name":"wp","href":"https:\/\/api.w.org\/{rel}","templated":true}]}}