{"id":21899,"date":"2023-02-28T11:11:30","date_gmt":"2023-02-28T09:11:30","guid":{"rendered":"https:\/\/exlibris.ee\/toode\/k-nagu-kihnu\/"},"modified":"2026-04-03T13:24:47","modified_gmt":"2026-04-03T10:24:47","slug":"k-nagu-kihnu","status":"publish","type":"product","link":"https:\/\/exlibris.ee\/en\/product\/k-nagu-kihnu\/","title":{"rendered":"K nagu Kihnu \/ Eesti keele \u00f5pik B2"},"content":{"rendered":"<p>J\u00e4rg \u00f5pikule E nagu Eesti. \u00d5pikutel on sama struktuur ja kujundus. Nagu ikka k\u00f5ik \u00fches raamatus \u2013 \u00f5pik, t\u00f6\u00f6vihik, grammatikalisad, s\u00f5nastikud (inglise, vene, soome keel). 15 \u00f5ppet\u00fckki, igas neist huvitavad tekstid, eraldi Keeletarga lehek\u00fclg grammatika \u00f5ppimiseks, palju \u00fclesandeid k\u00f5nearenduseks ja kirjutamiseks. \u00d5piku l\u00f5pus on paljundamiseks ja v\u00e4ljal\u00f5ikamiseks vestluskaardid. Iga viie \u00f5ppet\u00fcki j\u00e4rel on kordamisosa, kus ilukirjanduslik tekst, harjutused, test ja maatundmise lehek\u00fcljed \u201cMis Eestis on?\u201d Vahvad pildid on joonistanud Katrin Kaev.<\/p>\n","protected":false},"excerpt":{"rendered":"<p>J\u00e4rg \u00f5pikule E nagu Eesti. \u00d5pikutel on sama struktuur ja kujundus. Nagu ikka k\u00f5ik \u00fches raamatus \u2013 \u00f5pik, t\u00f6\u00f6vihik, grammatikalisad, s\u00f5nastikud (inglise, vene, soome keel). 15 \u00f5ppet\u00fckki, igas neist huvitavad tekstid, eraldi Keeletarga lehek\u00fclg grammatika \u00f5ppimiseks, palju \u00fclesandeid k\u00f5nearenduseks ja&#8230;<\/p>\n","protected":false},"featured_media":25077,"template":"","meta":{"_acf_changed":false,"inline_featured_image":false},"product_brand":[],"product_cat":[706],"product_tag":[],"series":[{"id":707,"name":"K NAGU KIHNU B2","slug":"k-nagu-kihnu-b2"}],"publisher":[{"id":698,"name":"Kiri-Mari Kirjastus O\u00dc","slug":"kiri-mari-kirjastus-ou"}],"class_list":{"0":"post-21899","1":"product","2":"type-product","3":"status-publish","4":"has-post-thumbnail","6":"product_cat-b2-taseme-opikud","7":"series-k-nagu-kihnu-b2","8":"publisher-kiri-mari-kirjastus-ou","10":"first","11":"instock","12":"taxable","13":"shipping-taxable","14":"purchasable","15":"product-type-simple"},"acf":[],"_links":{"self":[{"href":"https:\/\/exlibris.ee\/en\/wp-json\/wp\/v2\/product\/21899","targetHints":{"allow":["GET"]}}],"collection":[{"href":"https:\/\/exlibris.ee\/en\/wp-json\/wp\/v2\/product"}],"about":[{"href":"https:\/\/exlibris.ee\/en\/wp-json\/wp\/v2\/types\/product"}],"wp:featuredmedia":[{"embeddable":true,"href":"https:\/\/exlibris.ee\/en\/wp-json\/wp\/v2\/media\/25077"}],"wp:attachment":[{"href":"https:\/\/exlibris.ee\/en\/wp-json\/wp\/v2\/media?parent=21899"}],"wp:term":[{"taxonomy":"product_brand","embeddable":true,"href":"https:\/\/exlibris.ee\/en\/wp-json\/wp\/v2\/product_brand?post=21899"},{"taxonomy":"product_cat","embeddable":true,"href":"https:\/\/exlibris.ee\/en\/wp-json\/wp\/v2\/product_cat?post=21899"},{"taxonomy":"product_tag","embeddable":true,"href":"https:\/\/exlibris.ee\/en\/wp-json\/wp\/v2\/product_tag?post=21899"},{"taxonomy":"series","embeddable":true,"href":"https:\/\/exlibris.ee\/en\/wp-json\/wp\/v2\/series?post=21899"},{"taxonomy":"publisher","embeddable":true,"href":"https:\/\/exlibris.ee\/en\/wp-json\/wp\/v2\/publisher?post=21899"}],"curies":[{"name":"wp","href":"https:\/\/api.w.org\/{rel}","templated":true}]}}