{"id":21904,"date":"2023-02-28T11:11:30","date_gmt":"2023-02-28T09:11:30","guid":{"rendered":"https:\/\/exlibris.ee\/toode\/minu-eesti-keel-vene-koolile-3-klass-i-osa-opik\/"},"modified":"2026-04-14T23:29:12","modified_gmt":"2026-04-14T20:29:12","slug":"minu-eesti-keel-vene-koolile-3-klass-i-osa-opik","status":"publish","type":"product","link":"https:\/\/exlibris.ee\/en\/product\/minu-eesti-keel-vene-koolile-3-klass-i-osa-opik\/","title":{"rendered":"MINU EESTI KEEL \u0423\u0447\u0435\u0431\u043d\u0438\u043a \u044d\u0441\u0442\u043e\u043d\u0441\u043a\u043e\u0433\u043e \u044f\u0437\u044b\u043a\u0430  \u0434\u043b\u044f \u0440\u0443\u0441\u0441\u043a\u043e\u044f\u0437\u044b\u0447\u043d\u044b\u0445 \u0434\u0435\u0442\u0435\u0439 3 \u043a\u043b\u0430\u0441\u0441\u0430. \u0427\u0430\u0441\u0442\u044c 1-\u044f"},"content":{"rendered":"<p>\u00d5piku esimene peateema on \u201eMINU RAHVUS\u201c. Selles teemas k\u00e4sitletakse Eestit ning Eesti naaberriike, pealinnu, p\u00f5hirahvusi, keeli.  3. klassi \u00f5piku teine peateema on \u201e MINU IGAP\u00c4EVAELU\u201c, kus \u00f5pilane \u00f5pib r\u00e4\u00e4kima tegevustest ja tarbeesemetest, mis teda igap\u00e4evaelus \u00fcmbritsevad. \u00d5pilane \u00f5pib eesti keeles j\u00e4rgarve 1.\u201331.  \u00d5piku I osa algab ja l\u00f5peb lauam\u00e4nguga, kus korratakse \u00f5pitud materjali. Lisana on iga peateema juures ka kontrollt\u00f6\u00f6d. I poolaasta \u00f5pikus on t\u00e4helepanu p\u00f6\u00f6ratud j\u00e4rgmistele grammatikateemadele: tegus\u00f5na OLEMA kordamisele, millele lisandub NIMIS\u00d5NA ainsuse ja mitmuse vorm. Sealt edasi: kohak\u00e4\u00e4ne KUS?, tegus\u00f5na p\u00f6\u00f6ramine olevikus (jaatav ja eitav vorm), m\u00e4\u00e4rs\u00f5nad tihti, sageli\u2026, k\u00fcsimused KELLEL?, KELLELE?, j\u00e4rgarvs\u00f5nad 1.\u201331. Keele struktuuri \u00f5pitakse kontekstis, j\u00e4rk-j\u00e4rgult j\u00f5utakse grammatikareeglite teadliku omandamiseni.<\/p>\n","protected":false},"excerpt":{"rendered":"<p>\u00d5piku esimene peateema on \u201eMINU RAHVUS\u201c. Selles teemas k\u00e4sitletakse Eestit ning Eesti naaberriike, pealinnu, p\u00f5hirahvusi, keeli. 3. klassi \u00f5piku teine peateema on \u201e MINU IGAP\u00c4EVAELU\u201c, kus \u00f5pilane \u00f5pib r\u00e4\u00e4kima tegevustest ja tarbeesemetest, mis teda igap\u00e4evaelus \u00fcmbritsevad. \u00d5pilane \u00f5pib eesti keeles&#8230;<\/p>\n","protected":false},"featured_media":58819,"template":"","meta":{"_acf_changed":false,"inline_featured_image":false},"product_brand":[],"product_cat":[699],"product_tag":[],"series":[{"id":700,"name":"MINU EESTI KEEL vene koolile","slug":"minu-eesti-keel-vene-koolile"}],"publisher":[{"id":701,"name":"Kirjatark O\u00dc","slug":"kirjatark-ou"}],"class_list":{"0":"post-21904","1":"product","2":"type-product","3":"status-publish","4":"has-post-thumbnail","6":"product_cat-opikud-lastele-ja-noortele","7":"series-minu-eesti-keel-vene-koolile","8":"publisher-kirjatark-ou","10":"first","11":"instock","12":"taxable","13":"shipping-taxable","14":"purchasable","15":"product-type-simple"},"acf":[],"_links":{"self":[{"href":"https:\/\/exlibris.ee\/en\/wp-json\/wp\/v2\/product\/21904","targetHints":{"allow":["GET"]}}],"collection":[{"href":"https:\/\/exlibris.ee\/en\/wp-json\/wp\/v2\/product"}],"about":[{"href":"https:\/\/exlibris.ee\/en\/wp-json\/wp\/v2\/types\/product"}],"wp:featuredmedia":[{"embeddable":true,"href":"https:\/\/exlibris.ee\/en\/wp-json\/wp\/v2\/media\/58819"}],"wp:attachment":[{"href":"https:\/\/exlibris.ee\/en\/wp-json\/wp\/v2\/media?parent=21904"}],"wp:term":[{"taxonomy":"product_brand","embeddable":true,"href":"https:\/\/exlibris.ee\/en\/wp-json\/wp\/v2\/product_brand?post=21904"},{"taxonomy":"product_cat","embeddable":true,"href":"https:\/\/exlibris.ee\/en\/wp-json\/wp\/v2\/product_cat?post=21904"},{"taxonomy":"product_tag","embeddable":true,"href":"https:\/\/exlibris.ee\/en\/wp-json\/wp\/v2\/product_tag?post=21904"},{"taxonomy":"series","embeddable":true,"href":"https:\/\/exlibris.ee\/en\/wp-json\/wp\/v2\/series?post=21904"},{"taxonomy":"publisher","embeddable":true,"href":"https:\/\/exlibris.ee\/en\/wp-json\/wp\/v2\/publisher?post=21904"}],"curies":[{"name":"wp","href":"https:\/\/api.w.org\/{rel}","templated":true}]}}