{"id":21905,"date":"2023-02-28T11:11:30","date_gmt":"2023-02-28T09:11:30","guid":{"rendered":"https:\/\/exlibris.ee\/toode\/minu-eesti-keel-vene-koolile-3-klass-ii-osa-opik\/"},"modified":"2026-04-05T19:38:46","modified_gmt":"2026-04-05T16:38:46","slug":"minu-eesti-keel-vene-koolile-3-klass-ii-osa-opik","status":"publish","type":"product","link":"https:\/\/exlibris.ee\/en\/product\/minu-eesti-keel-vene-koolile-3-klass-ii-osa-opik\/","title":{"rendered":"MINU EESTI KEEL \u0423\u0447\u0435\u0431\u043d\u0438\u043a \u044d\u0441\u0442\u043e\u043d\u0441\u043a\u043e\u0433\u043e \u044f\u0437\u044b\u043a\u0430  \u0434\u043b\u044f \u0440\u0443\u0441\u0441\u043a\u043e\u044f\u0437\u044b\u0447\u043d\u044b\u0445 \u0434\u0435\u0442\u0435\u0439 3 \u043a\u043b\u0430\u0441\u0441\u0430. \u0427\u0430\u0441\u0442\u044c 2-\u044f"},"content":{"rendered":"<p>\u00f5piku esimene peateema on \u201eMINU VABA AEG\u201c. \u00d5pilane \u00f5pib edastama lihtsaid teateid enda, koduste ja kaaslaste kohta ning neid p\u00f5hjendama. Lisaks \u00f5pitakse jutustama enda, pereliikmete ja kaaslaste vabast ajast, lemmiktegevustest ja eelistustest. II poolaasta \u00f5piku grammatika on tihedalt seotud I poolaasta grammatikaga. Lisaks I poolaastal \u00f5pitule lisanduvad: k\u00fcsis\u00f5na KUHU? -sse, -le ja nn 0-l\u00f5pulised s\u00f5nad; tegus\u00f5na K\u00c4IMA (kus?); tegus\u00f5na PEAN (mida tegema?); TAHAN, MEELDIB, OSKAN (mida teha?); tegus\u00f5nad olema, helistama, k\u00e4ima p\u00f6\u00f6ramine minevikus; kelle JUURES?, kelle JUURDE? \u00d5piku II osa algab ja l\u00f5peb lauam\u00e4nguga, kus korratakse \u00f5pitud materjali. Lisana on iga peateema juures ka kontrollt\u00f6\u00f6d.<\/p>\n","protected":false},"excerpt":{"rendered":"<p>\u00f5piku esimene peateema on \u201eMINU VABA AEG\u201c. \u00d5pilane \u00f5pib edastama lihtsaid teateid enda, koduste ja kaaslaste kohta ning neid p\u00f5hjendama. Lisaks \u00f5pitakse jutustama enda, pereliikmete ja kaaslaste vabast ajast, lemmiktegevustest ja eelistustest. II poolaasta \u00f5piku grammatika on tihedalt seotud I&#8230;<\/p>\n","protected":false},"featured_media":58822,"template":"","meta":{"_acf_changed":false,"inline_featured_image":false},"product_brand":[],"product_cat":[699],"product_tag":[],"series":[{"id":700,"name":"MINU EESTI KEEL vene koolile","slug":"minu-eesti-keel-vene-koolile"}],"publisher":[{"id":701,"name":"Kirjatark O\u00dc","slug":"kirjatark-ou"}],"class_list":{"0":"post-21905","1":"product","2":"type-product","3":"status-publish","4":"has-post-thumbnail","6":"product_cat-opikud-lastele-ja-noortele","7":"series-minu-eesti-keel-vene-koolile","8":"publisher-kirjatark-ou","10":"first","11":"instock","12":"taxable","13":"shipping-taxable","14":"purchasable","15":"product-type-simple"},"acf":[],"_links":{"self":[{"href":"https:\/\/exlibris.ee\/en\/wp-json\/wp\/v2\/product\/21905","targetHints":{"allow":["GET"]}}],"collection":[{"href":"https:\/\/exlibris.ee\/en\/wp-json\/wp\/v2\/product"}],"about":[{"href":"https:\/\/exlibris.ee\/en\/wp-json\/wp\/v2\/types\/product"}],"wp:featuredmedia":[{"embeddable":true,"href":"https:\/\/exlibris.ee\/en\/wp-json\/wp\/v2\/media\/58822"}],"wp:attachment":[{"href":"https:\/\/exlibris.ee\/en\/wp-json\/wp\/v2\/media?parent=21905"}],"wp:term":[{"taxonomy":"product_brand","embeddable":true,"href":"https:\/\/exlibris.ee\/en\/wp-json\/wp\/v2\/product_brand?post=21905"},{"taxonomy":"product_cat","embeddable":true,"href":"https:\/\/exlibris.ee\/en\/wp-json\/wp\/v2\/product_cat?post=21905"},{"taxonomy":"product_tag","embeddable":true,"href":"https:\/\/exlibris.ee\/en\/wp-json\/wp\/v2\/product_tag?post=21905"},{"taxonomy":"series","embeddable":true,"href":"https:\/\/exlibris.ee\/en\/wp-json\/wp\/v2\/series?post=21905"},{"taxonomy":"publisher","embeddable":true,"href":"https:\/\/exlibris.ee\/en\/wp-json\/wp\/v2\/publisher?post=21905"}],"curies":[{"name":"wp","href":"https:\/\/api.w.org\/{rel}","templated":true}]}}