{"id":21906,"date":"2023-02-28T11:11:31","date_gmt":"2023-02-28T09:11:31","guid":{"rendered":"https:\/\/exlibris.ee\/toode\/minu-eesti-keel-vene-koolile-3-klass-toovihik\/"},"modified":"2026-04-05T19:38:46","modified_gmt":"2026-04-05T16:38:46","slug":"minu-eesti-keel-vene-koolile-3-klass-toovihik","status":"publish","type":"product","link":"https:\/\/exlibris.ee\/en\/product\/minu-eesti-keel-vene-koolile-3-klass-toovihik\/","title":{"rendered":"MINU EESTI KEEL \u0420\u0430\u0431\u043e\u0447\u0430\u044f \u0442\u0435\u0442\u0440\u0430\u0434\u044c \u043a \u0443\u0447\u0435\u0431\u043d\u0438\u043a\u0443 \u044d\u0441\u0442\u043e\u043d\u0441\u043a\u043e\u0433\u043e \u044f\u0437\u044b\u043a\u0430 \u0434\u043b\u044f 3-\u0433\u043e \u043a\u043b\u0430\u0441\u0441\u0430"},"content":{"rendered":"<p>T\u00f6\u00f6vihiku harjutused toetavad \u00f5pikumaterjali. T\u00f6\u00f6vihik algab m\u00e4nguga ja l\u00f5peb m\u00e4nguga. Peateemade harjutustele j\u00e4rgneb 2 rubriiki: Head nuputamist! Vaata, kas sa m\u00e4letad! T\u00f6\u00f6vihiku vahel on lahtised t\u00f6\u00f6lehed \u00f5pilastele.<\/p>\n","protected":false},"excerpt":{"rendered":"<p>T\u00f6\u00f6vihiku harjutused toetavad \u00f5pikumaterjali. T\u00f6\u00f6vihik algab m\u00e4nguga ja l\u00f5peb m\u00e4nguga. Peateemade harjutustele j\u00e4rgneb 2 rubriiki: Head nuputamist! Vaata, kas sa m\u00e4letad! T\u00f6\u00f6vihiku vahel on lahtised t\u00f6\u00f6lehed \u00f5pilastele.<\/p>\n","protected":false},"featured_media":58825,"template":"","meta":{"_acf_changed":false,"inline_featured_image":false},"product_brand":[],"product_cat":[699],"product_tag":[],"series":[{"id":700,"name":"MINU EESTI KEEL vene koolile","slug":"minu-eesti-keel-vene-koolile"}],"publisher":[{"id":701,"name":"Kirjatark O\u00dc","slug":"kirjatark-ou"}],"class_list":{"0":"post-21906","1":"product","2":"type-product","3":"status-publish","4":"has-post-thumbnail","6":"product_cat-opikud-lastele-ja-noortele","7":"series-minu-eesti-keel-vene-koolile","8":"publisher-kirjatark-ou","10":"first","11":"instock","12":"taxable","13":"shipping-taxable","14":"purchasable","15":"product-type-simple"},"acf":[],"_links":{"self":[{"href":"https:\/\/exlibris.ee\/en\/wp-json\/wp\/v2\/product\/21906","targetHints":{"allow":["GET"]}}],"collection":[{"href":"https:\/\/exlibris.ee\/en\/wp-json\/wp\/v2\/product"}],"about":[{"href":"https:\/\/exlibris.ee\/en\/wp-json\/wp\/v2\/types\/product"}],"wp:featuredmedia":[{"embeddable":true,"href":"https:\/\/exlibris.ee\/en\/wp-json\/wp\/v2\/media\/58825"}],"wp:attachment":[{"href":"https:\/\/exlibris.ee\/en\/wp-json\/wp\/v2\/media?parent=21906"}],"wp:term":[{"taxonomy":"product_brand","embeddable":true,"href":"https:\/\/exlibris.ee\/en\/wp-json\/wp\/v2\/product_brand?post=21906"},{"taxonomy":"product_cat","embeddable":true,"href":"https:\/\/exlibris.ee\/en\/wp-json\/wp\/v2\/product_cat?post=21906"},{"taxonomy":"product_tag","embeddable":true,"href":"https:\/\/exlibris.ee\/en\/wp-json\/wp\/v2\/product_tag?post=21906"},{"taxonomy":"series","embeddable":true,"href":"https:\/\/exlibris.ee\/en\/wp-json\/wp\/v2\/series?post=21906"},{"taxonomy":"publisher","embeddable":true,"href":"https:\/\/exlibris.ee\/en\/wp-json\/wp\/v2\/publisher?post=21906"}],"curies":[{"name":"wp","href":"https:\/\/api.w.org\/{rel}","templated":true}]}}