{"id":21933,"date":"2023-02-28T11:11:35","date_gmt":"2023-02-28T09:11:35","guid":{"rendered":"https:\/\/exlibris.ee\/toode\/eesti-rahvakalendri-tahtpaevi\/"},"modified":"2026-04-16T21:41:28","modified_gmt":"2026-04-16T18:41:28","slug":"eesti-rahvakalendri-tahtpaevi","status":"publish","type":"product","link":"https:\/\/exlibris.ee\/en\/product\/eesti-rahvakalendri-tahtpaevi\/","title":{"rendered":"Eesti rahvakalendri t\u00e4htp\u00e4evi &#8211; kombeid, m\u00e4nge, laule, rahvajutte"},"content":{"rendered":"<p>Autor tutvustab rahvakalendri t\u00e4htp\u00e4evi ja meie esivanemate elukorraldust p\u00fchade eel ja ajal. Laulud, salmid ja m\u00e4ngud lisavad legendidele ja l\u00fchijuttudele mahlakust ja tegevusele hoogu. J\u00e4tkub p\u00f5nevad ideid p\u00e4evakohaseks meisterdamiseks. Iga peat\u00fcki l\u00f5pus saab pead murda m\u00f5istatuste lahendamisel. Raamatus leiavad k\u00e4sitlemist: \u2022 mihklip\u00e4ev \u2022 hingedeaeg \u2022 mardip\u00e4ev \u2022 kadrip\u00e4ev \u2022 toomap\u00e4ev \u2022 j\u00f5ulud \u2022 k\u00fc\u00fcnlap\u00e4ev \u2022 vastlap\u00e4ev \u2022 lihav\u00f5tted \u2022 j\u00fcrip\u00e4ev \u2022 ristip\u00e4ev \u2022 suvisted \u2022 jaanip\u00e4ev \u2022 jaagupip\u00e4ev \u2022 lauritsap\u00e4ev \u2022 maarjap\u00e4evad Raamat pakub teadmisi ja p\u00f5nevaid v\u00f5imalusi kogu perele, \u00f5petajatele ja m\u00e4ngujuhtidele \u2013 k\u00f5igile suurtele ja v\u00e4ikestele, keda huvitavad eesti rahvakombed.<\/p>\n","protected":false},"excerpt":{"rendered":"<p>Autor tutvustab rahvakalendri t\u00e4htp\u00e4evi ja meie esivanemate elukorraldust p\u00fchade eel ja ajal. Laulud, salmid ja m\u00e4ngud lisavad legendidele ja l\u00fchijuttudele mahlakust ja tegevusele hoogu. J\u00e4tkub p\u00f5nevad ideid p\u00e4evakohaseks meisterdamiseks. Iga peat\u00fcki l\u00f5pus saab pead murda m\u00f5istatuste lahendamisel. Raamatus leiavad k\u00e4sitlemist:&#8230;<\/p>\n","protected":false},"featured_media":110230,"template":"","meta":{"_acf_changed":false,"inline_featured_image":false},"product_brand":[],"product_cat":[2265],"product_tag":[],"series":[{"id":720,"name":"Eesti rahvakalendri t\u00e4htp\u00e4evi","slug":"eesti-rahvakalendri-tahtpaevi"}],"publisher":[],"class_list":{"0":"post-21933","1":"product","2":"type-product","3":"status-publish","4":"has-post-thumbnail","6":"product_cat-rahvaluule","7":"series-eesti-rahvakalendri-tahtpaevi","9":"first","10":"instock","11":"taxable","12":"shipping-taxable","13":"purchasable","14":"product-type-simple"},"acf":[],"_links":{"self":[{"href":"https:\/\/exlibris.ee\/en\/wp-json\/wp\/v2\/product\/21933","targetHints":{"allow":["GET"]}}],"collection":[{"href":"https:\/\/exlibris.ee\/en\/wp-json\/wp\/v2\/product"}],"about":[{"href":"https:\/\/exlibris.ee\/en\/wp-json\/wp\/v2\/types\/product"}],"wp:featuredmedia":[{"embeddable":true,"href":"https:\/\/exlibris.ee\/en\/wp-json\/wp\/v2\/media\/110230"}],"wp:attachment":[{"href":"https:\/\/exlibris.ee\/en\/wp-json\/wp\/v2\/media?parent=21933"}],"wp:term":[{"taxonomy":"product_brand","embeddable":true,"href":"https:\/\/exlibris.ee\/en\/wp-json\/wp\/v2\/product_brand?post=21933"},{"taxonomy":"product_cat","embeddable":true,"href":"https:\/\/exlibris.ee\/en\/wp-json\/wp\/v2\/product_cat?post=21933"},{"taxonomy":"product_tag","embeddable":true,"href":"https:\/\/exlibris.ee\/en\/wp-json\/wp\/v2\/product_tag?post=21933"},{"taxonomy":"series","embeddable":true,"href":"https:\/\/exlibris.ee\/en\/wp-json\/wp\/v2\/series?post=21933"},{"taxonomy":"publisher","embeddable":true,"href":"https:\/\/exlibris.ee\/en\/wp-json\/wp\/v2\/publisher?post=21933"}],"curies":[{"name":"wp","href":"https:\/\/api.w.org\/{rel}","templated":true}]}}