{"id":269299,"date":"2026-04-14T19:21:10","date_gmt":"2026-04-14T16:21:10","guid":{"rendered":"https:\/\/exlibris.ee\/toode\/siegfrieds-tod-leseheft\/"},"modified":"2026-04-17T15:34:34","modified_gmt":"2026-04-17T12:34:34","slug":"siegfrieds-tod-leseheft","status":"publish","type":"product","link":"https:\/\/exlibris.ee\/en\/product\/siegfrieds-tod-leseheft\/","title":{"rendered":"Siegfrieds Tod, Leseheft"},"content":{"rendered":"<p>\u201eSiegfrieds Tod\u201c ist eine vereinfachte A2\u2011Lekt\u00fcre aus der Hueber\u2011Reihe.<br \/>\nSie erz\u00e4hlt in leicht verst\u00e4ndlicher Sprache die letzten Tage des Helden Siegfried aus dem Nibelungenlied: Intrigen, Eifersucht und Verrat f\u00fchren schlie\u00dflich zu seinem Tod.<\/p>\n","protected":false},"excerpt":{"rendered":"<p>\u201eSiegfrieds Tod\u201c ist eine vereinfachte A2\u2011Lekt\u00fcre aus der Hueber\u2011Reihe. Sie erz\u00e4hlt in leicht verst\u00e4ndlicher Sprache die letzten Tage des Helden Siegfried aus dem Nibelungenlied: Intrigen, Eifersucht und Verrat f\u00fchren schlie\u00dflich zu seinem Tod.<\/p>\n","protected":false},"featured_media":0,"template":"","meta":{"_acf_changed":false,"inline_featured_image":false},"product_brand":[],"product_cat":[851],"product_tag":[],"series":[],"publisher":[{"id":497,"name":"Hueber Verlag","slug":"hueber-verlag"}],"class_list":{"0":"post-269299","1":"product","2":"type-product","3":"status-publish","5":"product_cat-lesetexte-deutsch","6":"publisher-hueber-verlag","8":"first","9":"instock","10":"taxable","11":"shipping-taxable","12":"purchasable","13":"product-type-simple"},"acf":[],"_links":{"self":[{"href":"https:\/\/exlibris.ee\/en\/wp-json\/wp\/v2\/product\/269299","targetHints":{"allow":["GET"]}}],"collection":[{"href":"https:\/\/exlibris.ee\/en\/wp-json\/wp\/v2\/product"}],"about":[{"href":"https:\/\/exlibris.ee\/en\/wp-json\/wp\/v2\/types\/product"}],"wp:attachment":[{"href":"https:\/\/exlibris.ee\/en\/wp-json\/wp\/v2\/media?parent=269299"}],"wp:term":[{"taxonomy":"product_brand","embeddable":true,"href":"https:\/\/exlibris.ee\/en\/wp-json\/wp\/v2\/product_brand?post=269299"},{"taxonomy":"product_cat","embeddable":true,"href":"https:\/\/exlibris.ee\/en\/wp-json\/wp\/v2\/product_cat?post=269299"},{"taxonomy":"product_tag","embeddable":true,"href":"https:\/\/exlibris.ee\/en\/wp-json\/wp\/v2\/product_tag?post=269299"},{"taxonomy":"series","embeddable":true,"href":"https:\/\/exlibris.ee\/en\/wp-json\/wp\/v2\/series?post=269299"},{"taxonomy":"publisher","embeddable":true,"href":"https:\/\/exlibris.ee\/en\/wp-json\/wp\/v2\/publisher?post=269299"}],"curies":[{"name":"wp","href":"https:\/\/api.w.org\/{rel}","templated":true}]}}