{"id":269638,"date":"2026-04-14T19:26:40","date_gmt":"2026-04-14T16:26:40","guid":{"rendered":"https:\/\/exlibris.ee\/toode\/grundstufen-grammatik-cd\/"},"modified":"2026-04-16T17:36:25","modified_gmt":"2026-04-16T14:36:25","slug":"grundstufen-grammatik-cd","status":"publish","type":"product","link":"https:\/\/exlibris.ee\/en\/product\/grundstufen-grammatik-cd\/","title":{"rendered":"Grundstufen-Grammatik +CD"},"content":{"rendered":"<p>Die Grammatik richtet sich an Lernende von A1 bis B1, die ihre Grundkenntnisse wiederholen und vertiefen m\u00f6chten. Der Wortschatz der Erkl\u00e4rungen und \u00dcbungen folgt dem Europ\u00e4ischen Referenzrahmen. Durch eine farbige Kennzeichnung sind die Niveaustufen klar zugeordnet und erleichtern gezieltes \u00dcben sowie die Vorbereitung auf Pr\u00fcfungen (A1\u2013B1). Die \u00fcbersichtliche Gestaltung macht das grammatische System transparent. Dank L\u00f6sungsschl\u00fcssel und CD-ROM mit interaktiven \u00dcbungen eignet sich das Buch sowohl zum Selbstlernen als auch als Erg\u00e4nzung im Unterricht.<\/p>\n","protected":false},"excerpt":{"rendered":"<p>Die Grammatik richtet sich an Lernende von A1 bis B1, die ihre Grundkenntnisse wiederholen und vertiefen m\u00f6chten. Der Wortschatz der Erkl\u00e4rungen und \u00dcbungen folgt dem Europ\u00e4ischen Referenzrahmen. Durch eine farbige Kennzeichnung sind die Niveaustufen klar zugeordnet und erleichtern gezieltes \u00dcben&#8230;<\/p>\n","protected":false},"featured_media":0,"template":"","meta":{"_acf_changed":false,"inline_featured_image":false},"product_brand":[],"product_cat":[480],"product_tag":[],"series":[],"publisher":[{"id":497,"name":"Hueber Verlag","slug":"hueber-verlag"}],"class_list":{"0":"post-269638","1":"product","2":"type-product","3":"status-publish","5":"product_cat-grammatiken","6":"publisher-hueber-verlag","8":"first","9":"instock","10":"taxable","11":"shipping-taxable","12":"purchasable","13":"product-type-simple"},"acf":[],"_links":{"self":[{"href":"https:\/\/exlibris.ee\/en\/wp-json\/wp\/v2\/product\/269638","targetHints":{"allow":["GET"]}}],"collection":[{"href":"https:\/\/exlibris.ee\/en\/wp-json\/wp\/v2\/product"}],"about":[{"href":"https:\/\/exlibris.ee\/en\/wp-json\/wp\/v2\/types\/product"}],"wp:attachment":[{"href":"https:\/\/exlibris.ee\/en\/wp-json\/wp\/v2\/media?parent=269638"}],"wp:term":[{"taxonomy":"product_brand","embeddable":true,"href":"https:\/\/exlibris.ee\/en\/wp-json\/wp\/v2\/product_brand?post=269638"},{"taxonomy":"product_cat","embeddable":true,"href":"https:\/\/exlibris.ee\/en\/wp-json\/wp\/v2\/product_cat?post=269638"},{"taxonomy":"product_tag","embeddable":true,"href":"https:\/\/exlibris.ee\/en\/wp-json\/wp\/v2\/product_tag?post=269638"},{"taxonomy":"series","embeddable":true,"href":"https:\/\/exlibris.ee\/en\/wp-json\/wp\/v2\/series?post=269638"},{"taxonomy":"publisher","embeddable":true,"href":"https:\/\/exlibris.ee\/en\/wp-json\/wp\/v2\/publisher?post=269638"}],"curies":[{"name":"wp","href":"https:\/\/api.w.org\/{rel}","templated":true}]}}