{"id":269911,"date":"2026-04-14T19:30:44","date_gmt":"2026-04-14T16:30:44","guid":{"rendered":"https:\/\/exlibris.ee\/toode\/beste-freunde-a2-1-glossar-xxl-esp\/"},"modified":"2026-04-15T13:42:07","modified_gmt":"2026-04-15T10:42:07","slug":"beste-freunde-a2-1-glossar-xxl-esp","status":"publish","type":"product","link":"https:\/\/exlibris.ee\/en\/product\/beste-freunde-a2-1-glossar-xxl-esp\/","title":{"rendered":"BESTE FREUNDE A2.1 Glossar.XXL.Esp."},"content":{"rendered":"<p>Glosario XXL Deutsch-Spanisch Alem\u00e1n-Espa\u00f1ol<br \/>\nDeutsch f\u00fcr Jugendliche<br \/>\nDeutsch als Fremdsprache<\/p>\n","protected":false},"excerpt":{"rendered":"<p>Glosario XXL Deutsch-Spanisch Alem\u00e1n-Espa\u00f1ol Deutsch f\u00fcr Jugendliche Deutsch als Fremdsprache<\/p>\n","protected":false},"featured_media":286595,"template":"","meta":{"_acf_changed":false,"inline_featured_image":false},"product_brand":[],"product_cat":[470],"product_tag":[],"series":[],"publisher":[{"id":497,"name":"Hueber Verlag","slug":"hueber-verlag"}],"class_list":{"0":"post-269911","1":"product","2":"type-product","3":"status-publish","4":"has-post-thumbnail","6":"product_cat-saksa-keel","7":"publisher-hueber-verlag","9":"first","10":"instock","11":"taxable","12":"shipping-taxable","13":"purchasable","14":"product-type-simple"},"acf":[],"_links":{"self":[{"href":"https:\/\/exlibris.ee\/en\/wp-json\/wp\/v2\/product\/269911","targetHints":{"allow":["GET"]}}],"collection":[{"href":"https:\/\/exlibris.ee\/en\/wp-json\/wp\/v2\/product"}],"about":[{"href":"https:\/\/exlibris.ee\/en\/wp-json\/wp\/v2\/types\/product"}],"wp:featuredmedia":[{"embeddable":true,"href":"https:\/\/exlibris.ee\/en\/wp-json\/wp\/v2\/media\/286595"}],"wp:attachment":[{"href":"https:\/\/exlibris.ee\/en\/wp-json\/wp\/v2\/media?parent=269911"}],"wp:term":[{"taxonomy":"product_brand","embeddable":true,"href":"https:\/\/exlibris.ee\/en\/wp-json\/wp\/v2\/product_brand?post=269911"},{"taxonomy":"product_cat","embeddable":true,"href":"https:\/\/exlibris.ee\/en\/wp-json\/wp\/v2\/product_cat?post=269911"},{"taxonomy":"product_tag","embeddable":true,"href":"https:\/\/exlibris.ee\/en\/wp-json\/wp\/v2\/product_tag?post=269911"},{"taxonomy":"series","embeddable":true,"href":"https:\/\/exlibris.ee\/en\/wp-json\/wp\/v2\/series?post=269911"},{"taxonomy":"publisher","embeddable":true,"href":"https:\/\/exlibris.ee\/en\/wp-json\/wp\/v2\/publisher?post=269911"}],"curies":[{"name":"wp","href":"https:\/\/api.w.org\/{rel}","templated":true}]}}