{"id":303352,"date":"2026-04-16T16:12:35","date_gmt":"2026-04-16T13:12:35","guid":{"rendered":"https:\/\/exlibris.ee\/toode\/die-cd-rom-grammatik-deutsch-fur-anfanger\/"},"modified":"2026-04-17T15:33:06","modified_gmt":"2026-04-17T12:33:06","slug":"die-cd-rom-grammatik-deutsch-fur-anfanger","status":"publish","type":"product","link":"https:\/\/exlibris.ee\/en\/product\/die-cd-rom-grammatik-deutsch-fur-anfanger\/","title":{"rendered":"Die CD-ROM Grammatik Deutsch f\u00fcr Anf\u00e4nger"},"content":{"rendered":"<p>Grundlagen der Grammatik erkl\u00e4rt,120 Fotos zur Landeskunde enth\u00e4lt,<br \/>\nWortschatz und Strukturen nach dem Zertifikat Deutsch trainiert, kurze, klare Erkl\u00e4rungen bietet,<br \/>\ninteraktive \u00dcbungen (Schreiben, Einsetzen, Anklicken) mit Korrekturfunktion enth\u00e4lt, sowie Sprachlabor\u00fcbungen f\u00fcr Aussprache und H\u00f6ren.<br \/>\nSie basiert auf der \u00dcbungsgrammatik DaF f\u00fcr Anf\u00e4nger.<\/p>\n","protected":false},"excerpt":{"rendered":"<p>Grundlagen der Grammatik erkl\u00e4rt,120 Fotos zur Landeskunde enth\u00e4lt, Wortschatz und Strukturen nach dem Zertifikat Deutsch trainiert, kurze, klare Erkl\u00e4rungen bietet, interaktive \u00dcbungen (Schreiben, Einsetzen, Anklicken) mit Korrekturfunktion enth\u00e4lt, sowie Sprachlabor\u00fcbungen f\u00fcr Aussprache und H\u00f6ren. Sie basiert auf der \u00dcbungsgrammatik DaF&#8230;<\/p>\n","protected":false},"featured_media":0,"template":"","meta":{"_acf_changed":false,"inline_featured_image":false},"product_brand":[],"product_cat":[480],"product_tag":[],"series":[],"publisher":[{"id":497,"name":"Hueber Verlag","slug":"hueber-verlag"}],"class_list":{"0":"post-303352","1":"product","2":"type-product","3":"status-publish","5":"product_cat-grammatiken","6":"publisher-hueber-verlag","8":"first","9":"instock","10":"taxable","11":"shipping-taxable","12":"purchasable","13":"product-type-simple"},"acf":[],"_links":{"self":[{"href":"https:\/\/exlibris.ee\/en\/wp-json\/wp\/v2\/product\/303352","targetHints":{"allow":["GET"]}}],"collection":[{"href":"https:\/\/exlibris.ee\/en\/wp-json\/wp\/v2\/product"}],"about":[{"href":"https:\/\/exlibris.ee\/en\/wp-json\/wp\/v2\/types\/product"}],"wp:attachment":[{"href":"https:\/\/exlibris.ee\/en\/wp-json\/wp\/v2\/media?parent=303352"}],"wp:term":[{"taxonomy":"product_brand","embeddable":true,"href":"https:\/\/exlibris.ee\/en\/wp-json\/wp\/v2\/product_brand?post=303352"},{"taxonomy":"product_cat","embeddable":true,"href":"https:\/\/exlibris.ee\/en\/wp-json\/wp\/v2\/product_cat?post=303352"},{"taxonomy":"product_tag","embeddable":true,"href":"https:\/\/exlibris.ee\/en\/wp-json\/wp\/v2\/product_tag?post=303352"},{"taxonomy":"series","embeddable":true,"href":"https:\/\/exlibris.ee\/en\/wp-json\/wp\/v2\/series?post=303352"},{"taxonomy":"publisher","embeddable":true,"href":"https:\/\/exlibris.ee\/en\/wp-json\/wp\/v2\/publisher?post=303352"}],"curies":[{"name":"wp","href":"https:\/\/api.w.org\/{rel}","templated":true}]}}