{"id":303512,"date":"2026-04-16T17:28:54","date_gmt":"2026-04-16T14:28:54","guid":{"rendered":"https:\/\/exlibris.ee\/toode\/bilderworterbuch-deutsch\/"},"modified":"2026-04-18T15:31:57","modified_gmt":"2026-04-18T12:31:57","slug":"bilderworterbuch-deutsch","status":"publish","type":"product","link":"https:\/\/exlibris.ee\/en\/product\/bilderworterbuch-deutsch\/","title":{"rendered":"BILDERW\u00d6RTERBUCH Deutsch"},"content":{"rendered":"<p>Dieses Bildw\u00f6rterbuch macht das Erlernen der deutschen Sprache f\u00fcr Kinder einfach und spielerisch.<br \/>\nDas Buch l\u00e4dt Kinder dazu ein, die Sprachverwendung anhand von Bildern zu entdecken und vermittelt erste positive Lernerfahrungen.<\/p>\n","protected":false},"excerpt":{"rendered":"<p>Dieses Bildw\u00f6rterbuch macht das Erlernen der deutschen Sprache f\u00fcr Kinder einfach und spielerisch. Das Buch l\u00e4dt Kinder dazu ein, die Sprachverwendung anhand von Bildern zu entdecken und vermittelt erste positive Lernerfahrungen.<\/p>\n","protected":false},"featured_media":0,"template":"","meta":{"_acf_changed":false,"inline_featured_image":false},"product_brand":[],"product_cat":[881],"product_tag":[],"series":[],"publisher":[{"id":497,"name":"Hueber Verlag","slug":"hueber-verlag"}],"class_list":{"0":"post-303512","1":"product","2":"type-product","3":"status-publish","5":"product_cat-lehrwerke-fur-kinder-und-jugendliche","6":"publisher-hueber-verlag","8":"first","9":"instock","10":"taxable","11":"shipping-taxable","12":"purchasable","13":"product-type-simple"},"acf":[],"_links":{"self":[{"href":"https:\/\/exlibris.ee\/en\/wp-json\/wp\/v2\/product\/303512","targetHints":{"allow":["GET"]}}],"collection":[{"href":"https:\/\/exlibris.ee\/en\/wp-json\/wp\/v2\/product"}],"about":[{"href":"https:\/\/exlibris.ee\/en\/wp-json\/wp\/v2\/types\/product"}],"wp:attachment":[{"href":"https:\/\/exlibris.ee\/en\/wp-json\/wp\/v2\/media?parent=303512"}],"wp:term":[{"taxonomy":"product_brand","embeddable":true,"href":"https:\/\/exlibris.ee\/en\/wp-json\/wp\/v2\/product_brand?post=303512"},{"taxonomy":"product_cat","embeddable":true,"href":"https:\/\/exlibris.ee\/en\/wp-json\/wp\/v2\/product_cat?post=303512"},{"taxonomy":"product_tag","embeddable":true,"href":"https:\/\/exlibris.ee\/en\/wp-json\/wp\/v2\/product_tag?post=303512"},{"taxonomy":"series","embeddable":true,"href":"https:\/\/exlibris.ee\/en\/wp-json\/wp\/v2\/series?post=303512"},{"taxonomy":"publisher","embeddable":true,"href":"https:\/\/exlibris.ee\/en\/wp-json\/wp\/v2\/publisher?post=303512"}],"curies":[{"name":"wp","href":"https:\/\/api.w.org\/{rel}","templated":true}]}}