{"id":303515,"date":"2026-04-16T17:28:55","date_gmt":"2026-04-16T14:28:55","guid":{"rendered":"https:\/\/exlibris.ee\/toode\/mittelstufe-deutsch-neubearbeitung-arbeitsbuch-mit-prufungsvorbereitung\/"},"modified":"2026-04-17T15:34:37","modified_gmt":"2026-04-17T12:34:37","slug":"mittelstufe-deutsch-neubearbeitung-arbeitsbuch-mit-prufungsvorbereitung","status":"publish","type":"product","link":"https:\/\/exlibris.ee\/en\/product\/mittelstufe-deutsch-neubearbeitung-arbeitsbuch-mit-prufungsvorbereitung\/","title":{"rendered":"Mittelstufe Deutsch &#8211; Neubearbeitung. Arbeitsbuch mit Prufungsvorbereitung"},"content":{"rendered":"<p>Ein Arbeitsbuch mit zus\u00e4tzlichem H\u00f6r\u2011 und Leseverstehenstraining, neuen Pr\u00fcfungsaufgaben, zwei H\u00f6rkassetten und einem L\u00f6sungsschl\u00fcssel mit Transkriptionen.<\/p>\n","protected":false},"excerpt":{"rendered":"<p>Ein Arbeitsbuch mit zus\u00e4tzlichem H\u00f6r\u2011 und Leseverstehenstraining, neuen Pr\u00fcfungsaufgaben, zwei H\u00f6rkassetten und einem L\u00f6sungsschl\u00fcssel mit Transkriptionen.<\/p>\n","protected":false},"featured_media":0,"template":"","meta":{"_acf_changed":false,"inline_featured_image":false},"product_brand":[],"product_cat":[470],"product_tag":[],"series":[],"publisher":[{"id":497,"name":"Hueber Verlag","slug":"hueber-verlag"}],"class_list":{"0":"post-303515","1":"product","2":"type-product","3":"status-publish","5":"product_cat-saksa-keel","6":"publisher-hueber-verlag","8":"first","9":"instock","10":"taxable","11":"shipping-taxable","12":"purchasable","13":"product-type-simple"},"acf":[],"_links":{"self":[{"href":"https:\/\/exlibris.ee\/en\/wp-json\/wp\/v2\/product\/303515","targetHints":{"allow":["GET"]}}],"collection":[{"href":"https:\/\/exlibris.ee\/en\/wp-json\/wp\/v2\/product"}],"about":[{"href":"https:\/\/exlibris.ee\/en\/wp-json\/wp\/v2\/types\/product"}],"wp:attachment":[{"href":"https:\/\/exlibris.ee\/en\/wp-json\/wp\/v2\/media?parent=303515"}],"wp:term":[{"taxonomy":"product_brand","embeddable":true,"href":"https:\/\/exlibris.ee\/en\/wp-json\/wp\/v2\/product_brand?post=303515"},{"taxonomy":"product_cat","embeddable":true,"href":"https:\/\/exlibris.ee\/en\/wp-json\/wp\/v2\/product_cat?post=303515"},{"taxonomy":"product_tag","embeddable":true,"href":"https:\/\/exlibris.ee\/en\/wp-json\/wp\/v2\/product_tag?post=303515"},{"taxonomy":"series","embeddable":true,"href":"https:\/\/exlibris.ee\/en\/wp-json\/wp\/v2\/series?post=303515"},{"taxonomy":"publisher","embeddable":true,"href":"https:\/\/exlibris.ee\/en\/wp-json\/wp\/v2\/publisher?post=303515"}],"curies":[{"name":"wp","href":"https:\/\/api.w.org\/{rel}","templated":true}]}}