{"id":44501,"date":"2023-05-08T16:06:02","date_gmt":"2023-05-08T13:06:02","guid":{"rendered":"https:\/\/exlibris.ee\/toode\/der-schutzenkonig-vom-chiemsee\/"},"modified":"2026-04-04T19:39:25","modified_gmt":"2026-04-04T16:39:25","slug":"der-schutzenkonig-vom-chiemsee","status":"publish","type":"product","link":"https:\/\/exlibris.ee\/en\/product\/der-schutzenkonig-vom-chiemsee\/","title":{"rendered":"Der Sch\u00fctzenk\u00f6nig vom Chiemsee"},"content":{"rendered":"<p>Alle freuen sich auf das Sch\u00fctzenfest in Seebruck. Doch dann passiert etwas Schreckliches. Wer hat etwas damit zu tun? Kann die Polizei den Fall l\u00f6sen? H\u00f6rkrimi mit viel Typischem aus Stadt und Region.<\/p>\n","protected":false},"excerpt":{"rendered":"<p>Alle freuen sich auf das Sch\u00fctzenfest in Seebruck. Doch dann passiert etwas Schreckliches. Wer hat etwas damit zu tun? Kann die Polizei den Fall l\u00f6sen? H\u00f6rkrimi mit viel Typischem aus Stadt und Region.<\/p>\n","protected":false},"featured_media":90888,"template":"","meta":{"_acf_changed":false,"inline_featured_image":false},"product_brand":[],"product_cat":[851],"product_tag":[],"series":[{"id":852,"name":"Tatort DaF","slug":"tatort-daf"}],"publisher":[{"id":473,"name":"Klett Verlag","slug":"klett-verlag"}],"class_list":{"0":"post-44501","1":"product","2":"type-product","3":"status-publish","4":"has-post-thumbnail","6":"product_cat-lesetexte-deutsch","7":"series-tatort-daf","8":"publisher-klett-verlag","10":"first","11":"onbackorder","12":"taxable","13":"shipping-taxable","14":"purchasable","15":"product-type-simple"},"acf":[],"_links":{"self":[{"href":"https:\/\/exlibris.ee\/en\/wp-json\/wp\/v2\/product\/44501","targetHints":{"allow":["GET"]}}],"collection":[{"href":"https:\/\/exlibris.ee\/en\/wp-json\/wp\/v2\/product"}],"about":[{"href":"https:\/\/exlibris.ee\/en\/wp-json\/wp\/v2\/types\/product"}],"wp:featuredmedia":[{"embeddable":true,"href":"https:\/\/exlibris.ee\/en\/wp-json\/wp\/v2\/media\/90888"}],"wp:attachment":[{"href":"https:\/\/exlibris.ee\/en\/wp-json\/wp\/v2\/media?parent=44501"}],"wp:term":[{"taxonomy":"product_brand","embeddable":true,"href":"https:\/\/exlibris.ee\/en\/wp-json\/wp\/v2\/product_brand?post=44501"},{"taxonomy":"product_cat","embeddable":true,"href":"https:\/\/exlibris.ee\/en\/wp-json\/wp\/v2\/product_cat?post=44501"},{"taxonomy":"product_tag","embeddable":true,"href":"https:\/\/exlibris.ee\/en\/wp-json\/wp\/v2\/product_tag?post=44501"},{"taxonomy":"series","embeddable":true,"href":"https:\/\/exlibris.ee\/en\/wp-json\/wp\/v2\/series?post=44501"},{"taxonomy":"publisher","embeddable":true,"href":"https:\/\/exlibris.ee\/en\/wp-json\/wp\/v2\/publisher?post=44501"}],"curies":[{"name":"wp","href":"https:\/\/api.w.org\/{rel}","templated":true}]}}