{"id":44502,"date":"2023-05-08T16:06:02","date_gmt":"2023-05-08T13:06:02","guid":{"rendered":"https:\/\/exlibris.ee\/toode\/verschollen-in-berlin\/"},"modified":"2026-04-13T04:05:09","modified_gmt":"2026-04-13T01:05:09","slug":"verschollen-in-berlin","status":"publish","type":"product","link":"https:\/\/exlibris.ee\/en\/product\/verschollen-in-berlin\/","title":{"rendered":"Verschollen in Berlin + Online"},"content":{"rendered":"<p>Jan ist mit seiner Freundin Maja an der Glaskuppel des Reichstags verabredet. Aber sie kommt nicht. Was ist passiert? Wo kann Maja sein? Gehen Sie mit Jan auf die Suche. Eine spannende Geschichte aus dem Osten Deutschlands,Originalschaupl\u00e4tze, Typisches aus der Region (Sprache, Kultur\u2026), Worterkl\u00e4rungen auf Deutsch, Fragen und Aufgaben mit L\u00f6sungen, Kostenloser H\u00f6rkrimi online (Zugangscode im Buch)<\/p>\n","protected":false},"excerpt":{"rendered":"<p>Jan ist mit seiner Freundin Maja an der Glaskuppel des Reichstags verabredet. Aber sie kommt nicht. Was ist passiert? Wo kann Maja sein? Gehen Sie mit Jan auf die Suche. Eine spannende Geschichte aus dem Osten Deutschlands,Originalschaupl\u00e4tze, Typisches aus der&#8230;<\/p>\n","protected":false},"featured_media":234596,"template":"","meta":{"_acf_changed":false,"inline_featured_image":false},"product_brand":[],"product_cat":[851],"product_tag":[],"series":[{"id":852,"name":"Tatort DaF","slug":"tatort-daf"}],"publisher":[{"id":473,"name":"Klett Verlag","slug":"klett-verlag"}],"class_list":{"0":"post-44502","1":"product","2":"type-product","3":"status-publish","4":"has-post-thumbnail","6":"product_cat-lesetexte-deutsch","7":"series-tatort-daf","8":"publisher-klett-verlag","10":"first","11":"onbackorder","12":"taxable","13":"shipping-taxable","14":"purchasable","15":"product-type-simple"},"acf":[],"_links":{"self":[{"href":"https:\/\/exlibris.ee\/en\/wp-json\/wp\/v2\/product\/44502","targetHints":{"allow":["GET"]}}],"collection":[{"href":"https:\/\/exlibris.ee\/en\/wp-json\/wp\/v2\/product"}],"about":[{"href":"https:\/\/exlibris.ee\/en\/wp-json\/wp\/v2\/types\/product"}],"wp:featuredmedia":[{"embeddable":true,"href":"https:\/\/exlibris.ee\/en\/wp-json\/wp\/v2\/media\/234596"}],"wp:attachment":[{"href":"https:\/\/exlibris.ee\/en\/wp-json\/wp\/v2\/media?parent=44502"}],"wp:term":[{"taxonomy":"product_brand","embeddable":true,"href":"https:\/\/exlibris.ee\/en\/wp-json\/wp\/v2\/product_brand?post=44502"},{"taxonomy":"product_cat","embeddable":true,"href":"https:\/\/exlibris.ee\/en\/wp-json\/wp\/v2\/product_cat?post=44502"},{"taxonomy":"product_tag","embeddable":true,"href":"https:\/\/exlibris.ee\/en\/wp-json\/wp\/v2\/product_tag?post=44502"},{"taxonomy":"series","embeddable":true,"href":"https:\/\/exlibris.ee\/en\/wp-json\/wp\/v2\/series?post=44502"},{"taxonomy":"publisher","embeddable":true,"href":"https:\/\/exlibris.ee\/en\/wp-json\/wp\/v2\/publisher?post=44502"}],"curies":[{"name":"wp","href":"https:\/\/api.w.org\/{rel}","templated":true}]}}