{"id":44504,"date":"2023-05-08T16:06:02","date_gmt":"2023-05-08T13:06:02","guid":{"rendered":"https:\/\/exlibris.ee\/toode\/das-auge-vom-bodensee-buch-online\/"},"modified":"2026-04-05T13:36:28","modified_gmt":"2026-04-05T10:36:28","slug":"das-auge-vom-bodensee-buch-online","status":"publish","type":"product","link":"https:\/\/exlibris.ee\/en\/product\/das-auge-vom-bodensee-buch-online\/","title":{"rendered":"Das Auge vom Bodensee, Buch + Online"},"content":{"rendered":"<p>Die weltber\u00fchmten Schweizer Uhren haben eine sehr gute Qualit\u00e4t, aber auch ihren Preis. Deshalb machen Gerd, Hanna und Urs aus den drei Bodensee-L\u00e4ndern gef\u00e4hrliche und dunkle Gesch\u00e4fte damit. Doch das Auge vom Bodensee sieht alles und ist schon mitten unter ihnen.<\/p>\n","protected":false},"excerpt":{"rendered":"<p>Die weltber\u00fchmten Schweizer Uhren haben eine sehr gute Qualit\u00e4t, aber auch ihren Preis. Deshalb machen Gerd, Hanna und Urs aus den drei Bodensee-L\u00e4ndern gef\u00e4hrliche und dunkle Gesch\u00e4fte damit. Doch das Auge vom Bodensee sieht alles und ist schon mitten unter&#8230;<\/p>\n","protected":false},"featured_media":90897,"template":"","meta":{"_acf_changed":false,"inline_featured_image":false},"product_brand":[],"product_cat":[851],"product_tag":[],"series":[{"id":852,"name":"Tatort DaF","slug":"tatort-daf"}],"publisher":[{"id":473,"name":"Klett Verlag","slug":"klett-verlag"}],"class_list":{"0":"post-44504","1":"product","2":"type-product","3":"status-publish","4":"has-post-thumbnail","6":"product_cat-lesetexte-deutsch","7":"series-tatort-daf","8":"publisher-klett-verlag","10":"first","11":"onbackorder","12":"taxable","13":"shipping-taxable","14":"purchasable","15":"product-type-simple"},"acf":[],"_links":{"self":[{"href":"https:\/\/exlibris.ee\/en\/wp-json\/wp\/v2\/product\/44504","targetHints":{"allow":["GET"]}}],"collection":[{"href":"https:\/\/exlibris.ee\/en\/wp-json\/wp\/v2\/product"}],"about":[{"href":"https:\/\/exlibris.ee\/en\/wp-json\/wp\/v2\/types\/product"}],"wp:featuredmedia":[{"embeddable":true,"href":"https:\/\/exlibris.ee\/en\/wp-json\/wp\/v2\/media\/90897"}],"wp:attachment":[{"href":"https:\/\/exlibris.ee\/en\/wp-json\/wp\/v2\/media?parent=44504"}],"wp:term":[{"taxonomy":"product_brand","embeddable":true,"href":"https:\/\/exlibris.ee\/en\/wp-json\/wp\/v2\/product_brand?post=44504"},{"taxonomy":"product_cat","embeddable":true,"href":"https:\/\/exlibris.ee\/en\/wp-json\/wp\/v2\/product_cat?post=44504"},{"taxonomy":"product_tag","embeddable":true,"href":"https:\/\/exlibris.ee\/en\/wp-json\/wp\/v2\/product_tag?post=44504"},{"taxonomy":"series","embeddable":true,"href":"https:\/\/exlibris.ee\/en\/wp-json\/wp\/v2\/series?post=44504"},{"taxonomy":"publisher","embeddable":true,"href":"https:\/\/exlibris.ee\/en\/wp-json\/wp\/v2\/publisher?post=44504"}],"curies":[{"name":"wp","href":"https:\/\/api.w.org\/{rel}","templated":true}]}}