{"id":44507,"date":"2023-05-08T16:06:03","date_gmt":"2023-05-08T13:06:03","guid":{"rendered":"https:\/\/exlibris.ee\/toode\/frankfurter-geschafte-online\/"},"modified":"2026-04-06T07:15:55","modified_gmt":"2026-04-06T04:15:55","slug":"frankfurter-geschafte-online","status":"publish","type":"product","link":"https:\/\/exlibris.ee\/en\/product\/frankfurter-geschafte-online\/","title":{"rendered":"Frankfurter Gesch\u00e4fte"},"content":{"rendered":"<p>Im Schatten von Mainhattan macht das viele Geld so manchen ganz n\u00e4rrisch. Am Faschingsdienstag wird von einem verkleideten Narren eine Bank \u00fcberfallen. War es wirklich nur die passende Gelegenheit, die ihn zum Dieb gemacht hat \u2026?<\/p>\n","protected":false},"excerpt":{"rendered":"<p>Im Schatten von Mainhattan macht das viele Geld so manchen ganz n\u00e4rrisch. Am Faschingsdienstag wird von einem verkleideten Narren eine Bank \u00fcberfallen. War es wirklich nur die passende Gelegenheit, die ihn zum Dieb gemacht hat \u2026?<\/p>\n","protected":false},"featured_media":90912,"template":"","meta":{"_acf_changed":false,"inline_featured_image":false},"product_brand":[],"product_cat":[851],"product_tag":[],"series":[{"id":852,"name":"Tatort DaF","slug":"tatort-daf"}],"publisher":[{"id":473,"name":"Klett Verlag","slug":"klett-verlag"}],"class_list":{"0":"post-44507","1":"product","2":"type-product","3":"status-publish","4":"has-post-thumbnail","6":"product_cat-lesetexte-deutsch","7":"series-tatort-daf","8":"publisher-klett-verlag","10":"first","11":"onbackorder","12":"taxable","13":"shipping-taxable","14":"purchasable","15":"product-type-simple"},"acf":[],"_links":{"self":[{"href":"https:\/\/exlibris.ee\/en\/wp-json\/wp\/v2\/product\/44507","targetHints":{"allow":["GET"]}}],"collection":[{"href":"https:\/\/exlibris.ee\/en\/wp-json\/wp\/v2\/product"}],"about":[{"href":"https:\/\/exlibris.ee\/en\/wp-json\/wp\/v2\/types\/product"}],"wp:featuredmedia":[{"embeddable":true,"href":"https:\/\/exlibris.ee\/en\/wp-json\/wp\/v2\/media\/90912"}],"wp:attachment":[{"href":"https:\/\/exlibris.ee\/en\/wp-json\/wp\/v2\/media?parent=44507"}],"wp:term":[{"taxonomy":"product_brand","embeddable":true,"href":"https:\/\/exlibris.ee\/en\/wp-json\/wp\/v2\/product_brand?post=44507"},{"taxonomy":"product_cat","embeddable":true,"href":"https:\/\/exlibris.ee\/en\/wp-json\/wp\/v2\/product_cat?post=44507"},{"taxonomy":"product_tag","embeddable":true,"href":"https:\/\/exlibris.ee\/en\/wp-json\/wp\/v2\/product_tag?post=44507"},{"taxonomy":"series","embeddable":true,"href":"https:\/\/exlibris.ee\/en\/wp-json\/wp\/v2\/series?post=44507"},{"taxonomy":"publisher","embeddable":true,"href":"https:\/\/exlibris.ee\/en\/wp-json\/wp\/v2\/publisher?post=44507"}],"curies":[{"name":"wp","href":"https:\/\/api.w.org\/{rel}","templated":true}]}}