{"id":44509,"date":"2023-05-08T16:06:03","date_gmt":"2023-05-08T13:06:03","guid":{"rendered":"https:\/\/exlibris.ee\/toode\/spannende-tour-im-schwarzwald\/"},"modified":"2026-04-18T13:57:23","modified_gmt":"2026-04-18T10:57:23","slug":"spannende-tour-im-schwarzwald","status":"publish","type":"product","link":"https:\/\/exlibris.ee\/en\/product\/spannende-tour-im-schwarzwald\/","title":{"rendered":"Spannende Tour im Schwarzwald"},"content":{"rendered":"<p>Zusammen mit seinem Freund Max macht Tobias eine Mountainbike-Tour die Schwarzwaldhochstra\u00dfe hinauf. Pl\u00f6tzlich f\u00e4hrt ein Auto sehr schnell aus dem Wald auf die Stra\u00dfe &#8211; und wenig sp\u00e4ter machen die Freunde im Wald eine spannende Entdeckung\u2026<\/p>\n","protected":false},"excerpt":{"rendered":"<p>Zusammen mit seinem Freund Max macht Tobias eine Mountainbike-Tour die Schwarzwaldhochstra\u00dfe hinauf. Pl\u00f6tzlich f\u00e4hrt ein Auto sehr schnell aus dem Wald auf die Stra\u00dfe &#8211; und wenig sp\u00e4ter machen die Freunde im Wald eine spannende Entdeckung\u2026<\/p>\n","protected":false},"featured_media":336761,"template":"","meta":{"_acf_changed":false,"inline_featured_image":false},"product_brand":[],"product_cat":[851],"product_tag":[],"series":[{"id":853,"name":"Stadt, Land, Fluss\u2026","slug":"stadt-land-fluss"}],"publisher":[{"id":473,"name":"Klett Verlag","slug":"klett-verlag"}],"class_list":{"0":"post-44509","1":"product","2":"type-product","3":"status-publish","4":"has-post-thumbnail","6":"product_cat-lesetexte-deutsch","7":"series-stadt-land-fluss","8":"publisher-klett-verlag","10":"first","11":"onbackorder","12":"taxable","13":"shipping-taxable","14":"purchasable","15":"product-type-simple"},"acf":[],"_links":{"self":[{"href":"https:\/\/exlibris.ee\/en\/wp-json\/wp\/v2\/product\/44509","targetHints":{"allow":["GET"]}}],"collection":[{"href":"https:\/\/exlibris.ee\/en\/wp-json\/wp\/v2\/product"}],"about":[{"href":"https:\/\/exlibris.ee\/en\/wp-json\/wp\/v2\/types\/product"}],"wp:featuredmedia":[{"embeddable":true,"href":"https:\/\/exlibris.ee\/en\/wp-json\/wp\/v2\/media\/336761"}],"wp:attachment":[{"href":"https:\/\/exlibris.ee\/en\/wp-json\/wp\/v2\/media?parent=44509"}],"wp:term":[{"taxonomy":"product_brand","embeddable":true,"href":"https:\/\/exlibris.ee\/en\/wp-json\/wp\/v2\/product_brand?post=44509"},{"taxonomy":"product_cat","embeddable":true,"href":"https:\/\/exlibris.ee\/en\/wp-json\/wp\/v2\/product_cat?post=44509"},{"taxonomy":"product_tag","embeddable":true,"href":"https:\/\/exlibris.ee\/en\/wp-json\/wp\/v2\/product_tag?post=44509"},{"taxonomy":"series","embeddable":true,"href":"https:\/\/exlibris.ee\/en\/wp-json\/wp\/v2\/series?post=44509"},{"taxonomy":"publisher","embeddable":true,"href":"https:\/\/exlibris.ee\/en\/wp-json\/wp\/v2\/publisher?post=44509"}],"curies":[{"name":"wp","href":"https:\/\/api.w.org\/{rel}","templated":true}]}}